{"id":142,"date":"2012-02-08T12:06:15","date_gmt":"2012-02-08T12:06:15","guid":{"rendered":"http:\/\/clients.xhtmlchop.com\/bloggwichin\/7gm4df81pmgwichin\/?page_id=142"},"modified":"2012-04-03T17:41:47","modified_gmt":"2012-04-03T17:41:47","slug":"le-chercheur","status":"publish","type":"page","link":"https:\/\/www.museedelhistoire.ca\/gwichin\/artefacts\/bateau-en-peau-dorignal\/info\/le-chercheur\/","title":{"rendered":"Le chercheur"},"content":{"rendered":"<p>Richard Slobodin (1915-2005) a visit\u00e9 Fort McPherson, une communaut\u00e9 gwich\u2019ine, pour la premi\u00e8re fois pendant l\u2019hiver de 1938-1939. Apr\u00e8s avoir termin\u00e9 ses \u00e9tudes en anthropologie \u00e0 l\u2019Universit\u00e9 Columbia et avoir fait son service militaire pendant la Seconde Guerre mondiale, il est retourn\u00e9 dans la r\u00e9gion en 1946 pour effectuer des recherches anthropologiques. Dans les ann\u00e9es 1960, quand il enseignait l\u2019anthropologie \u00e0 l\u2019Universit\u00e9 McMaster, il s\u2019est rendu quatre fois dans le Subarctique occidental pour faire des recherches, et il a publi\u00e9 plusieurs articles et un livre (<em>Band Organization of the Peel River Kutchin<\/em>) sur les Gwich\u2019ins.\n<\/p>\n<p>\n<a href=\"\/gwichin\/artefacts\/bateau-en-peau-dorignal\/images\/?type=related&amp;id=960\">Richard Slobodin et Alfred Bonnetplume<\/a>\n<\/p>\n<p>\n<a href=\"\/gwichin\/artefacts\/bateau-en-peau-dorignal\/images\/?type=related&amp;id=966\">Richard Slobodin avec un tra\u00eeneau charg\u00e9<\/a><\/p>\n","protected":false},"excerpt":{"rendered":"<p>Richard Slobodin (1915-2005) a visit\u00e9 Fort McPherson, une communaut\u00e9 gwich\u2019ine, pour la premi\u00e8re fois pendant l\u2019hiver de 1938-1939. Apr\u00e8s avoir termin\u00e9 ses \u00e9tudes en anthropologie \u00e0 l\u2019Universit\u00e9 Columbia et avoir fait son service militaire pendant la Seconde Guerre mondiale, il &hellip; <a href=\"https:\/\/www.museedelhistoire.ca\/gwichin\/artefacts\/bateau-en-peau-dorignal\/info\/le-chercheur\/\">Continue reading <span class=\"meta-nav\">&rarr;<\/span><\/a><\/p>\n","protected":false},"author":1,"featured_media":0,"parent":457,"menu_order":2,"comment_status":"open","ping_status":"open","template":"artifact-detail.php","meta":{"footnotes":""},"_links":{"self":[{"href":"https:\/\/www.museedelhistoire.ca\/gwichin\/wp-json\/wp\/v2\/pages\/142"}],"collection":[{"href":"https:\/\/www.museedelhistoire.ca\/gwichin\/wp-json\/wp\/v2\/pages"}],"about":[{"href":"https:\/\/www.museedelhistoire.ca\/gwichin\/wp-json\/wp\/v2\/types\/page"}],"author":[{"embeddable":true,"href":"https:\/\/www.museedelhistoire.ca\/gwichin\/wp-json\/wp\/v2\/users\/1"}],"replies":[{"embeddable":true,"href":"https:\/\/www.museedelhistoire.ca\/gwichin\/wp-json\/wp\/v2\/comments?post=142"}],"version-history":[{"count":3,"href":"https:\/\/www.museedelhistoire.ca\/gwichin\/wp-json\/wp\/v2\/pages\/142\/revisions"}],"predecessor-version":[{"id":3382,"href":"https:\/\/www.museedelhistoire.ca\/gwichin\/wp-json\/wp\/v2\/pages\/142\/revisions\/3382"}],"up":[{"embeddable":true,"href":"https:\/\/www.museedelhistoire.ca\/gwichin\/wp-json\/wp\/v2\/pages\/457"}],"wp:attachment":[{"href":"https:\/\/www.museedelhistoire.ca\/gwichin\/wp-json\/wp\/v2\/media?parent=142"}],"curies":[{"name":"wp","href":"https:\/\/api.w.org\/{rel}","templated":true}]}}