{"id":238,"date":"2012-02-11T20:54:39","date_gmt":"2012-02-11T20:54:39","guid":{"rendered":"https:\/\/www.museedelhistoire.ca\/gwichin\/"},"modified":"2012-03-30T14:18:45","modified_gmt":"2012-03-30T14:18:45","slug":"sarah-abel","status":"publish","type":"page","link":"https:\/\/www.museedelhistoire.ca\/gwichin\/conteurs\/sarah-abel\/","title":{"rendered":"Sarah Abel"},"content":{"rendered":"<p>Sarah Abel est n\u00e9e le 10 avril 1896 sur la rivi\u00e8re Chandalar, pr\u00e8s de Fort Yukon (Alaska). Elle \u00e9tait la fille de Joseph et de Catherine. Les temps \u00e9taient difficiles, et la famille suivait le caribou, s\u2019installant l\u00e0 o\u00f9 il y avait de la nourriture, notamment \u00e0 New Rampart House (Yukon). Quand Sarah avait environ trois ans, sa m\u00e8re est d\u00e9c\u00e9d\u00e9e quand la famille visitait New Rampart House. Ne pouvant pas prendre soin de son enfant, le p\u00e8re de Sarah l\u2019a donn\u00e9e \u00e0 Peter et Myra Moses, qui l\u2019ont adopt\u00e9e. C\u2019\u00e9tait \u00e0 l\u2019\u00e9poque o\u00f9 la fronti\u00e8re entre l\u2019Alaska et le Yukon a \u00e9t\u00e9 d\u00e9finie.\n<\/p>\n<p>\nEn 1913, \u00e0 l\u2019\u00e2ge de 17 ans, Sarah a \u00e9pous\u00e9 Abel Chitze. Ils vivaient au lac Whitefish, \u00e0 48 kilom\u00e8tres d\u2019Old Crow, en amont de la rivi\u00e8re Porcupine. Ils ont eu 17 enfants. En 1944, Abel est d\u00e9c\u00e9d\u00e9, mais Sarah est rest\u00e9e dans la r\u00e9gion pendant six ans, pratiquant le trappage et la chasse pour subvenir aux besoins de sa famille.\n<\/p>\n<p>\nEn 1950, Sarah s\u2019est install\u00e9e \u00e0 Old Crow. Elle a jou\u00e9 un r\u00f4le actif dans la communaut\u00e9 et l\u2019\u00c9glise. Elle fut la premi\u00e8re femme \u00e0 si\u00e9ger au conseil de la Premi\u00e8re nation des Vuntut Gwitchins et pr\u00e9sidente du Old Crow Women\u2019s Auxiliary. Porte-parole bien respect\u00e9e, elle s\u2019est efforc\u00e9e de donner l\u2019exemple aux g\u00e9n\u00e9rations plus jeunes. Elle a prononc\u00e9 son dernier discours enregistr\u00e9 \u00e0 l\u2019occasion de son 100e anniversaire, le 10 avril 1996.\n<\/p>\n<p>\nA\u00een\u00e9e estim\u00e9e et matriarche de la communaut\u00e9, Sarah \u00e9tait une source de force et de conseils. Ayant une sagesse glan\u00e9e du pass\u00e9, elle a enseign\u00e9 nombre des traditions et des r\u00e9cits de son peuple \u00e0 des Autochtones et des non-Autochtones. Pour tous ceux qui la connaissaient, elle \u00e9tait grand-maman Sarah.\n<\/p>\n<p>\nSarah Abel est d\u00e9c\u00e9d\u00e9e chez elle, \u00e0 Old Crow, le 14 ao\u00fbt 1998, \u00e0 l\u2019\u00e2ge de 102 ans.\n<\/p>\n<p>\n<strong>Source :<\/strong> VGG Heritage Branch, 2011<\/p>\n","protected":false},"excerpt":{"rendered":"<p>Sarah Abel est n\u00e9e le 10 avril 1896 sur la rivi\u00e8re Chandalar, pr\u00e8s de Fort Yukon (Alaska). Elle \u00e9tait la fille de Joseph et de Catherine. Les temps \u00e9taient difficiles, et la famille suivait le caribou, s\u2019installant l\u00e0 o\u00f9 il &hellip; <a href=\"https:\/\/www.museedelhistoire.ca\/gwichin\/conteurs\/sarah-abel\/\">Continue reading <span class=\"meta-nav\">&rarr;<\/span><\/a><\/p>\n","protected":false},"author":1,"featured_media":3170,"parent":2685,"menu_order":0,"comment_status":"open","ping_status":"open","template":"storyteller.php","meta":{"footnotes":""},"_links":{"self":[{"href":"https:\/\/www.museedelhistoire.ca\/gwichin\/wp-json\/wp\/v2\/pages\/238"}],"collection":[{"href":"https:\/\/www.museedelhistoire.ca\/gwichin\/wp-json\/wp\/v2\/pages"}],"about":[{"href":"https:\/\/www.museedelhistoire.ca\/gwichin\/wp-json\/wp\/v2\/types\/page"}],"author":[{"embeddable":true,"href":"https:\/\/www.museedelhistoire.ca\/gwichin\/wp-json\/wp\/v2\/users\/1"}],"replies":[{"embeddable":true,"href":"https:\/\/www.museedelhistoire.ca\/gwichin\/wp-json\/wp\/v2\/comments?post=238"}],"version-history":[{"count":6,"href":"https:\/\/www.museedelhistoire.ca\/gwichin\/wp-json\/wp\/v2\/pages\/238\/revisions"}],"predecessor-version":[{"id":3214,"href":"https:\/\/www.museedelhistoire.ca\/gwichin\/wp-json\/wp\/v2\/pages\/238\/revisions\/3214"}],"up":[{"embeddable":true,"href":"https:\/\/www.museedelhistoire.ca\/gwichin\/wp-json\/wp\/v2\/pages\/2685"}],"wp:featuredmedia":[{"embeddable":true,"href":"https:\/\/www.museedelhistoire.ca\/gwichin\/wp-json\/wp\/v2\/media\/3170"}],"wp:attachment":[{"href":"https:\/\/www.museedelhistoire.ca\/gwichin\/wp-json\/wp\/v2\/media?parent=238"}],"curies":[{"name":"wp","href":"https:\/\/api.w.org\/{rel}","templated":true}]}}