{"id":260,"date":"2012-02-11T21:24:49","date_gmt":"2012-02-11T21:24:49","guid":{"rendered":"https:\/\/www.museedelhistoire.ca\/gwichin\/?page_id=260"},"modified":"2012-03-30T14:10:34","modified_gmt":"2012-03-30T14:10:34","slug":"andrew-kunnizzi-ganiizhii","status":"publish","type":"page","link":"https:\/\/www.museedelhistoire.ca\/gwichin\/conteurs\/andrew-kunnizzi-ganiizhii\/","title":{"rendered":"Andrew Kunnizzi (Ganiizhii)"},"content":{"rendered":"<p>Andrew Kunnizzi (Ganiizhii) est n\u00e9 le 7 mars 1892. Il \u00e9tait le fils d\u2019Old Kunnizzi et de son \u00e9pouse (dont le nom n\u2019est pas connu). Quand il \u00e9tait un jeune homme, il a \u00e9pous\u00e9 Elizabeth Simon, avec qui il a eu quinze enfants.<\/p>\n<p>Andrew est c\u00e9l\u00e8bre pour nombre de raisons, y compris le fait qu\u2019il a \u00e9t\u00e9 membre du groupe qui a reconstitu\u00e9 le parcours du Dawson Patrol entre Fort McPherson et Dawson (Yukon) en f\u00e9vrier 1970. Il a v\u00e9cu dans la r\u00e9gion de Dawson et dans d\u2019autres r\u00e9gions du bassin hydrographique de la haute Peel. Nombre de ses histoires sur le Yukon sont pr\u00e9serv\u00e9es dans la Collection COPE aux Archives des Territoires du Nord-Ouest, qui sont situ\u00e9es au Prince of Wales Northern Heritage Centre \u00e0 Yellowknife.  <\/p>\n<p>Andrew Kunnizzi a \u00e9galement travaill\u00e9 pour l\u2019\u00c9glise anglicane pendant de nombreuses ann\u00e9es et fut cat\u00e9chiste \u00e0 plein temps. Il est d\u00e9c\u00e9d\u00e9 le 16 janvier 1978.<\/p>\n<p><strong>Source :<\/strong> Adapt\u00e9 de Neil Colin, Map Biographies Project: Dene Nation, 1975 et de Institut social et culturel gwich\u2019in, Elders\u2019 Biographies Project, 2010<\/p>\n","protected":false},"excerpt":{"rendered":"<p>Andrew Kunnizzi (Ganiizhii) est n\u00e9 le 7 mars 1892. Il \u00e9tait le fils d\u2019Old Kunnizzi et de son \u00e9pouse (dont le nom n\u2019est pas connu). Quand il \u00e9tait un jeune homme, il a \u00e9pous\u00e9 Elizabeth Simon, avec qui il a &hellip; <a href=\"https:\/\/www.museedelhistoire.ca\/gwichin\/conteurs\/andrew-kunnizzi-ganiizhii\/\">Continue reading <span class=\"meta-nav\">&rarr;<\/span><\/a><\/p>\n","protected":false},"author":1,"featured_media":3158,"parent":2685,"menu_order":0,"comment_status":"open","ping_status":"open","template":"storyteller.php","meta":{"footnotes":""},"_links":{"self":[{"href":"https:\/\/www.museedelhistoire.ca\/gwichin\/wp-json\/wp\/v2\/pages\/260"}],"collection":[{"href":"https:\/\/www.museedelhistoire.ca\/gwichin\/wp-json\/wp\/v2\/pages"}],"about":[{"href":"https:\/\/www.museedelhistoire.ca\/gwichin\/wp-json\/wp\/v2\/types\/page"}],"author":[{"embeddable":true,"href":"https:\/\/www.museedelhistoire.ca\/gwichin\/wp-json\/wp\/v2\/users\/1"}],"replies":[{"embeddable":true,"href":"https:\/\/www.museedelhistoire.ca\/gwichin\/wp-json\/wp\/v2\/comments?post=260"}],"version-history":[{"count":5,"href":"https:\/\/www.museedelhistoire.ca\/gwichin\/wp-json\/wp\/v2\/pages\/260\/revisions"}],"predecessor-version":[{"id":3203,"href":"https:\/\/www.museedelhistoire.ca\/gwichin\/wp-json\/wp\/v2\/pages\/260\/revisions\/3203"}],"up":[{"embeddable":true,"href":"https:\/\/www.museedelhistoire.ca\/gwichin\/wp-json\/wp\/v2\/pages\/2685"}],"wp:featuredmedia":[{"embeddable":true,"href":"https:\/\/www.museedelhistoire.ca\/gwichin\/wp-json\/wp\/v2\/media\/3158"}],"wp:attachment":[{"href":"https:\/\/www.museedelhistoire.ca\/gwichin\/wp-json\/wp\/v2\/media?parent=260"}],"curies":[{"name":"wp","href":"https:\/\/api.w.org\/{rel}","templated":true}]}}