{"id":265,"date":"2012-02-11T21:30:04","date_gmt":"2012-02-11T21:30:04","guid":{"rendered":"https:\/\/www.museedelhistoire.ca\/gwichin\/?page_id=265"},"modified":"2012-03-30T14:19:32","modified_gmt":"2012-03-30T14:19:32","slug":"sarah-peters-gaahdoh","status":"publish","type":"page","link":"https:\/\/www.museedelhistoire.ca\/gwichin\/conteurs\/sarah-peters-gaahdoh\/","title":{"rendered":"Sarah Peters (Ga\u2019ahdoh)"},"content":{"rendered":"<p>Sarah Peters est n\u00e9e le 7 janvier 1894. Elle \u00e9tait la fille de Roderick et d\u2019Ellen (nom de famille inconnu). Elle a \u00e9pous\u00e9 Peter Ga\u2019ahdoh, fils de John et de Louisa Ga\u2019ahdoh. Ils ont eu beaucoup d\u2019enfants, mais seulement quatre ont surv\u00e9cu jusqu\u2019\u00e0 l\u2019\u00e2ge adulte.<\/p>\n<p>Sarah a v\u00e9cu de la terre une bonne partie de sa vie, avec sa famille. Une Teet\u0142\u2019it Gwich\u2019ine bien respect\u00e9e, elle \u00e9tait connue pour son esprit et son charme. Elle \u00e9tait bien connue pour le fait qu\u2019elle ma\u00eetrisait la langue gwich\u2019ine et pouvait \u00e9galement comprendre un peu d\u2019inuvialuktun. Excellente conteuse, Sarah a jou\u00e9 un r\u00f4le de premier plan dans la transmission de l\u00e9gendes gwich\u2019ines et d\u2019histoires sur la vie dans la nature. Au grand bonheur des Gwich\u2019ins et du grand public, au d\u00e9but des ann\u00e9es 1970 CHAK Radio (qui deviendrait la CBC) a enregistr\u00e9 Sarah racontant ces histoires. Ces enregistrements sont pr\u00e9serv\u00e9s dans la Collection COPE aux Archives des Territoires du Nord-Ouest, qui sont situ\u00e9es au Prince of Wales Northern Heritage Centre \u00e0 Yellowknife. <\/p>\n<p>Sarah Peters est d\u00e9c\u00e9d\u00e9e le 19 novembre 1976.<\/p>\n<p><strong>Source :<\/strong> Institut social et culturel gwich\u2019in, Elders\u2019 Biographies Project, 2010<\/p>\n","protected":false},"excerpt":{"rendered":"<p>Sarah Peters est n\u00e9e le 7 janvier 1894. Elle \u00e9tait la fille de Roderick et d\u2019Ellen (nom de famille inconnu). Elle a \u00e9pous\u00e9 Peter Ga\u2019ahdoh, fils de John et de Louisa Ga\u2019ahdoh. Ils ont eu beaucoup d\u2019enfants, mais seulement quatre &hellip; <a href=\"https:\/\/www.museedelhistoire.ca\/gwichin\/conteurs\/sarah-peters-gaahdoh\/\">Continue reading <span class=\"meta-nav\">&rarr;<\/span><\/a><\/p>\n","protected":false},"author":1,"featured_media":3171,"parent":2685,"menu_order":0,"comment_status":"open","ping_status":"open","template":"storyteller.php","meta":{"footnotes":""},"_links":{"self":[{"href":"https:\/\/www.museedelhistoire.ca\/gwichin\/wp-json\/wp\/v2\/pages\/265"}],"collection":[{"href":"https:\/\/www.museedelhistoire.ca\/gwichin\/wp-json\/wp\/v2\/pages"}],"about":[{"href":"https:\/\/www.museedelhistoire.ca\/gwichin\/wp-json\/wp\/v2\/types\/page"}],"author":[{"embeddable":true,"href":"https:\/\/www.museedelhistoire.ca\/gwichin\/wp-json\/wp\/v2\/users\/1"}],"replies":[{"embeddable":true,"href":"https:\/\/www.museedelhistoire.ca\/gwichin\/wp-json\/wp\/v2\/comments?post=265"}],"version-history":[{"count":5,"href":"https:\/\/www.museedelhistoire.ca\/gwichin\/wp-json\/wp\/v2\/pages\/265\/revisions"}],"predecessor-version":[{"id":3215,"href":"https:\/\/www.museedelhistoire.ca\/gwichin\/wp-json\/wp\/v2\/pages\/265\/revisions\/3215"}],"up":[{"embeddable":true,"href":"https:\/\/www.museedelhistoire.ca\/gwichin\/wp-json\/wp\/v2\/pages\/2685"}],"wp:featuredmedia":[{"embeddable":true,"href":"https:\/\/www.museedelhistoire.ca\/gwichin\/wp-json\/wp\/v2\/media\/3171"}],"wp:attachment":[{"href":"https:\/\/www.museedelhistoire.ca\/gwichin\/wp-json\/wp\/v2\/media?parent=265"}],"curies":[{"name":"wp","href":"https:\/\/api.w.org\/{rel}","templated":true}]}}