{"id":273,"date":"2012-02-11T21:36:56","date_gmt":"2012-02-11T21:36:56","guid":{"rendered":"https:\/\/www.museedelhistoire.ca\/gwichin\/?page_id=273"},"modified":"2012-03-30T14:14:16","modified_gmt":"2012-03-30T14:14:16","slug":"jim-edward-sittichinli","status":"publish","type":"page","link":"https:\/\/www.museedelhistoire.ca\/gwichin\/conteurs\/jim-edward-sittichinli\/","title":{"rendered":"Jim Edward Sittichinli"},"content":{"rendered":"<p>Jim Edward Sittichinli est n\u00e9 le 22 novembre 1908. Il \u00e9tait l\u2019un des neuf enfants d\u2019Edward et d\u2019Annie Shadah Sittichinli. Il a grandi dans la nature, dans les environs de Fort McPherson (Territoires du Nord-Ouest). Homme talentueux, Jim vivait de la chasse, de la p\u00eache et du trappage. Il \u00e9tait aussi cat\u00e9chiste dans l\u2019\u00c9glise anglicane.<\/p>\n<p>Le 25 d\u00e9cembre 1933, Jim a \u00e9pous\u00e9 Julia Greenland, et ils se sont install\u00e9s \u00e0 Aklavik, o\u00f9 ils ont v\u00e9cu de nombreuses ann\u00e9es et ont \u00e9lev\u00e9 une grande famille. En 1960, il fut ordonn\u00e9 pr\u00eatre dans l\u2019\u00c9glise anglicane, devenant responsable de la mission et de la cath\u00e9drale All Saints \u00e0 Aklavik. Il a \u00e9galement v\u00e9cu \u00e0 Tuktoyaktuk pendant quelques ann\u00e9es. <\/p>\n<p>Jim \u00e9tait bien connu pour le fait qu\u2019il \u00e9tait pr\u00eat \u00e0 partager ce qu\u2019il savait de la vie d\u2019autrefois. Heureusement, certaines de ses histoires sont pr\u00e9serv\u00e9es dans la Collection COPE aux Archives des Territoires du Nord-Ouest, qui sont situ\u00e9es au Prince of Wales Northern Heritage Centre \u00e0 Yellowknife.<\/p>\n<p>Jim Edward Sittichinli est d\u00e9c\u00e9d\u00e9 le 17 octobre 1993.<\/p>\n<p><strong>Source:<\/strong> Institut social et culturel gwich\u2019in, Elders\u2019 Biographies Project, 2010<\/p>\n","protected":false},"excerpt":{"rendered":"<p>Jim Edward Sittichinli est n\u00e9 le 22 novembre 1908. Il \u00e9tait l\u2019un des neuf enfants d\u2019Edward et d\u2019Annie Shadah Sittichinli. Il a grandi dans la nature, dans les environs de Fort McPherson (Territoires du Nord-Ouest). Homme talentueux, Jim vivait de &hellip; <a href=\"https:\/\/www.museedelhistoire.ca\/gwichin\/conteurs\/jim-edward-sittichinli\/\">Continue reading <span class=\"meta-nav\">&rarr;<\/span><\/a><\/p>\n","protected":false},"author":1,"featured_media":3164,"parent":2685,"menu_order":0,"comment_status":"open","ping_status":"open","template":"storyteller.php","meta":{"footnotes":""},"_links":{"self":[{"href":"https:\/\/www.museedelhistoire.ca\/gwichin\/wp-json\/wp\/v2\/pages\/273"}],"collection":[{"href":"https:\/\/www.museedelhistoire.ca\/gwichin\/wp-json\/wp\/v2\/pages"}],"about":[{"href":"https:\/\/www.museedelhistoire.ca\/gwichin\/wp-json\/wp\/v2\/types\/page"}],"author":[{"embeddable":true,"href":"https:\/\/www.museedelhistoire.ca\/gwichin\/wp-json\/wp\/v2\/users\/1"}],"replies":[{"embeddable":true,"href":"https:\/\/www.museedelhistoire.ca\/gwichin\/wp-json\/wp\/v2\/comments?post=273"}],"version-history":[{"count":5,"href":"https:\/\/www.museedelhistoire.ca\/gwichin\/wp-json\/wp\/v2\/pages\/273\/revisions"}],"predecessor-version":[{"id":3208,"href":"https:\/\/www.museedelhistoire.ca\/gwichin\/wp-json\/wp\/v2\/pages\/273\/revisions\/3208"}],"up":[{"embeddable":true,"href":"https:\/\/www.museedelhistoire.ca\/gwichin\/wp-json\/wp\/v2\/pages\/2685"}],"wp:featuredmedia":[{"embeddable":true,"href":"https:\/\/www.museedelhistoire.ca\/gwichin\/wp-json\/wp\/v2\/media\/3164"}],"wp:attachment":[{"href":"https:\/\/www.museedelhistoire.ca\/gwichin\/wp-json\/wp\/v2\/media?parent=273"}],"curies":[{"name":"wp","href":"https:\/\/api.w.org\/{rel}","templated":true}]}}