{"id":277,"date":"2012-02-11T21:40:22","date_gmt":"2012-02-11T21:40:22","guid":{"rendered":"https:\/\/www.museedelhistoire.ca\/gwichin\/?page_id=277"},"modified":"2012-03-30T14:12:45","modified_gmt":"2012-03-30T14:12:45","slug":"charlie-thomas","status":"publish","type":"page","link":"https:\/\/www.museedelhistoire.ca\/gwichin\/conteurs\/charlie-thomas\/","title":{"rendered":"Charlie Thomas"},"content":{"rendered":"<p>Charlie Thomas, fils a\u00een\u00e9 de John et de Mary Thomas, est n\u00e9 \u00e0 New Rampart House (Yukon), le 25 juin 1916. Il y fut baptis\u00e9 par le r\u00e9v\u00e9rend Amos Njootli le 2 juillet 1916.<\/p>\n<p>Charlie a pass\u00e9 sa jeunesse dans la r\u00e9gion de New Rampart House, notamment \u00e0 Howling Dog, o\u00f9 il fut \u00e9lev\u00e9. \u00c0 l\u2019\u00e2ge de 22 ans, il s\u2019est install\u00e9 \u00e0 Old Crow et a continu\u00e9 \u00e0 pratiquer le trappage dans les environs de Whitestone Village et dans la zone de sa famille, situ\u00e9e dans la plaine Crow. Peu apr\u00e8s son arriv\u00e9e \u00e0 Old Crow, il a rencontr\u00e9 Jessie Nukon, qui est devenue son \u00e9pouse en 1940. Ils ont adopt\u00e9 deux enfants, Florence et Willie. La famille vivait de la terre. <\/p>\n<p>On se souvient que Charlie \u00e9tait descendant du propri\u00e9taire du corral \u00e0 caribou de la rivi\u00e8re Thomas Creek, l\u2019un des corrals \u00e0 caribou qui \u00e9taient encore utilis\u00e9s au tournant du XXe si\u00e8cle. Dans sa vie, Charlie appliquait les valeurs que repr\u00e9sentait cette vaste entreprise coop\u00e9rative. <\/p>\n<p>Charlie Thomas est d\u00e9c\u00e9d\u00e9 en 2009.<\/p>\n<p><strong>Source :<\/strong> VGG Heritage Branch, 2011<\/p>\n","protected":false},"excerpt":{"rendered":"<p>Charlie Thomas, fils a\u00een\u00e9 de John et de Mary Thomas, est n\u00e9 \u00e0 New Rampart House (Yukon), le 25 juin 1916. Il y fut baptis\u00e9 par le r\u00e9v\u00e9rend Amos Njootli le 2 juillet 1916. Charlie a pass\u00e9 sa jeunesse dans &hellip; <a href=\"https:\/\/www.museedelhistoire.ca\/gwichin\/conteurs\/charlie-thomas\/\">Continue reading <span class=\"meta-nav\">&rarr;<\/span><\/a><\/p>\n","protected":false},"author":1,"featured_media":3161,"parent":2685,"menu_order":0,"comment_status":"open","ping_status":"open","template":"storyteller.php","meta":{"footnotes":""},"_links":{"self":[{"href":"https:\/\/www.museedelhistoire.ca\/gwichin\/wp-json\/wp\/v2\/pages\/277"}],"collection":[{"href":"https:\/\/www.museedelhistoire.ca\/gwichin\/wp-json\/wp\/v2\/pages"}],"about":[{"href":"https:\/\/www.museedelhistoire.ca\/gwichin\/wp-json\/wp\/v2\/types\/page"}],"author":[{"embeddable":true,"href":"https:\/\/www.museedelhistoire.ca\/gwichin\/wp-json\/wp\/v2\/users\/1"}],"replies":[{"embeddable":true,"href":"https:\/\/www.museedelhistoire.ca\/gwichin\/wp-json\/wp\/v2\/comments?post=277"}],"version-history":[{"count":5,"href":"https:\/\/www.museedelhistoire.ca\/gwichin\/wp-json\/wp\/v2\/pages\/277\/revisions"}],"predecessor-version":[{"id":3206,"href":"https:\/\/www.museedelhistoire.ca\/gwichin\/wp-json\/wp\/v2\/pages\/277\/revisions\/3206"}],"up":[{"embeddable":true,"href":"https:\/\/www.museedelhistoire.ca\/gwichin\/wp-json\/wp\/v2\/pages\/2685"}],"wp:featuredmedia":[{"embeddable":true,"href":"https:\/\/www.museedelhistoire.ca\/gwichin\/wp-json\/wp\/v2\/media\/3161"}],"wp:attachment":[{"href":"https:\/\/www.museedelhistoire.ca\/gwichin\/wp-json\/wp\/v2\/media?parent=277"}],"curies":[{"name":"wp","href":"https:\/\/api.w.org\/{rel}","templated":true}]}}