{"id":282,"date":"2012-02-11T21:44:41","date_gmt":"2012-02-11T21:44:41","guid":{"rendered":"https:\/\/www.museedelhistoire.ca\/gwichin\/?page_id=282"},"modified":"2012-03-30T14:16:38","modified_gmt":"2012-03-30T14:16:38","slug":"lucy-vaneltsi-njootli","status":"publish","type":"page","link":"https:\/\/www.museedelhistoire.ca\/gwichin\/conteurs\/lucy-vaneltsi-njootli\/","title":{"rendered":"Lucy Vaneltsi (Njootli)"},"content":{"rendered":"<p>Lucy Vaneltsi (Njootli) est n\u00e9e en septembre 1901 et fut baptis\u00e9e le 2 novembre 1902. Puisqu\u2019elle a perdu sa m\u00e8re dans son enfance, elle a \u00e9t\u00e9 \u00e9lev\u00e9e par ses grands-parents, Lucy Martin et Old Martin. Ils lui ont appris \u00e0 survivre dans la nature. Ses oncles, Richard et John Martin, lui ont \u00e9galement appris \u00e0 lire la Bible en gwich\u2019in. <\/p>\n<p>En 1919, \u00e0 l\u2019\u00e2ge de 18 ans, Lucy a \u00e9pous\u00e9 Abraham Vaneltsi \u00e0 Moosehide (Yukon). Ils ont eu quatorze enfants, dont dix ont succomb\u00e9 \u00e0 des maladies comme la grippe, la tuberculose et le cancer. Abraham est d\u00e9c\u00e9d\u00e9 le 7 mars 1957.  <\/p>\n<p>Lucy a enseign\u00e9 \u00e0 ses enfants tout ce qu\u2019elle savait sur la vie dans la nature \u2013 la p\u00eache, la chasse et le trappage, ainsi que la fa\u00e7on de prendre des lapins au collet et de cueillir des aliments. Elle \u00e9tait bien connue pour son vaste savoir-faire, qui allait de la fabrication de tentes au tricot. Lucy appuyait avec enthousiasme l\u2019\u00c9glise anglicane, et on l\u2019entendait souvent lire sa Bible gwich\u2019ine ou chanter des hymnes, dont elle connaissait beaucoup par c\u0153ur. Lucy \u00e9tait aussi une excellente conteuse et, heureusement, certaines de ses histoires sont pr\u00e9serv\u00e9es dans la Collection COPE aux Archives des Territoires du Nord-Ouest, qui sont situ\u00e9es au Prince of Wales Northern Heritage Centre \u00e0 Yellowknife.<\/p>\n<p>Lucy Vaneltsi est d\u00e9c\u00e9d\u00e9e le 1er f\u00e9vrier 2003.<\/p>\n<p><strong>Source :<\/strong> Institut social et culturel gwich\u2019in, Elders\u2019 Biographies Project, 2010<\/p>\n","protected":false},"excerpt":{"rendered":"<p>Lucy Vaneltsi (Njootli) est n\u00e9e en septembre 1901 et fut baptis\u00e9e le 2 novembre 1902. Puisqu\u2019elle a perdu sa m\u00e8re dans son enfance, elle a \u00e9t\u00e9 \u00e9lev\u00e9e par ses grands-parents, Lucy Martin et Old Martin. Ils lui ont appris \u00e0 &hellip; <a href=\"https:\/\/www.museedelhistoire.ca\/gwichin\/conteurs\/lucy-vaneltsi-njootli\/\">Continue reading <span class=\"meta-nav\">&rarr;<\/span><\/a><\/p>\n","protected":false},"author":1,"featured_media":3166,"parent":2685,"menu_order":0,"comment_status":"open","ping_status":"open","template":"storyteller.php","meta":{"footnotes":""},"_links":{"self":[{"href":"https:\/\/www.museedelhistoire.ca\/gwichin\/wp-json\/wp\/v2\/pages\/282"}],"collection":[{"href":"https:\/\/www.museedelhistoire.ca\/gwichin\/wp-json\/wp\/v2\/pages"}],"about":[{"href":"https:\/\/www.museedelhistoire.ca\/gwichin\/wp-json\/wp\/v2\/types\/page"}],"author":[{"embeddable":true,"href":"https:\/\/www.museedelhistoire.ca\/gwichin\/wp-json\/wp\/v2\/users\/1"}],"replies":[{"embeddable":true,"href":"https:\/\/www.museedelhistoire.ca\/gwichin\/wp-json\/wp\/v2\/comments?post=282"}],"version-history":[{"count":5,"href":"https:\/\/www.museedelhistoire.ca\/gwichin\/wp-json\/wp\/v2\/pages\/282\/revisions"}],"predecessor-version":[{"id":3211,"href":"https:\/\/www.museedelhistoire.ca\/gwichin\/wp-json\/wp\/v2\/pages\/282\/revisions\/3211"}],"up":[{"embeddable":true,"href":"https:\/\/www.museedelhistoire.ca\/gwichin\/wp-json\/wp\/v2\/pages\/2685"}],"wp:featuredmedia":[{"embeddable":true,"href":"https:\/\/www.museedelhistoire.ca\/gwichin\/wp-json\/wp\/v2\/media\/3166"}],"wp:attachment":[{"href":"https:\/\/www.museedelhistoire.ca\/gwichin\/wp-json\/wp\/v2\/media?parent=282"}],"curies":[{"name":"wp","href":"https:\/\/api.w.org\/{rel}","templated":true}]}}