{"id":2868,"date":"2012-03-19T14:14:46","date_gmt":"2012-03-19T14:14:46","guid":{"rendered":"https:\/\/www.museedelhistoire.ca\/gwichin\/?page_id=2868"},"modified":"2012-03-30T14:59:10","modified_gmt":"2012-03-30T14:59:10","slug":"home","status":"publish","type":"page","link":"https:\/\/www.museedelhistoire.ca\/gwichin\/","title":{"rendered":"Les Gwich&rsquo;ins"},"content":{"rendered":"<p>L&rsquo;un des peuples autochtones les plus nordiques du continent nord-am\u00e9ricain, nous vivons au nord-ouest de la for\u00eat bor\u00e9ale, aux limites de cette derni\u00e8re. Seuls les Inuits vivent plus au nord. Nous appartenons \u00e0 la famille des peuples autochtones appel\u00e9s Athapascans, qui comprend les Esclaves, les T\u0142\u012fch\u01ebs (Dogribs), les Hans et les Tutchones, mais notre langue et notre mode de vie sont distincts.<\/p>\n<p\/>\n<a class=\"btn\" href=\"\/gwichin\/introduction\/les-gwichins\/\"> Lire la suite <\/a><\/p>\n","protected":false},"excerpt":{"rendered":"<p>L&rsquo;un des peuples autochtones les plus nordiques du continent nord-am\u00e9ricain, nous vivons au nord-ouest de la for\u00eat bor\u00e9ale, aux limites de cette derni\u00e8re. Seuls les Inuits vivent plus au nord. Nous appartenons \u00e0 la famille des peuples autochtones appel\u00e9s Athapascans, &hellip; <a href=\"https:\/\/www.museedelhistoire.ca\/gwichin\/\">Continue reading <span class=\"meta-nav\">&rarr;<\/span><\/a><\/p>\n","protected":false},"author":1,"featured_media":0,"parent":0,"menu_order":0,"comment_status":"open","ping_status":"open","template":"index.php","meta":{"footnotes":""},"_links":{"self":[{"href":"https:\/\/www.museedelhistoire.ca\/gwichin\/wp-json\/wp\/v2\/pages\/2868"}],"collection":[{"href":"https:\/\/www.museedelhistoire.ca\/gwichin\/wp-json\/wp\/v2\/pages"}],"about":[{"href":"https:\/\/www.museedelhistoire.ca\/gwichin\/wp-json\/wp\/v2\/types\/page"}],"author":[{"embeddable":true,"href":"https:\/\/www.museedelhistoire.ca\/gwichin\/wp-json\/wp\/v2\/users\/1"}],"replies":[{"embeddable":true,"href":"https:\/\/www.museedelhistoire.ca\/gwichin\/wp-json\/wp\/v2\/comments?post=2868"}],"version-history":[{"count":5,"href":"https:\/\/www.museedelhistoire.ca\/gwichin\/wp-json\/wp\/v2\/pages\/2868\/revisions"}],"predecessor-version":[{"id":3218,"href":"https:\/\/www.museedelhistoire.ca\/gwichin\/wp-json\/wp\/v2\/pages\/2868\/revisions\/3218"}],"wp:attachment":[{"href":"https:\/\/www.museedelhistoire.ca\/gwichin\/wp-json\/wp\/v2\/media?parent=2868"}],"curies":[{"name":"wp","href":"https:\/\/api.w.org\/{rel}","templated":true}]}}