{"id":288,"date":"2012-02-11T21:53:24","date_gmt":"2012-02-11T21:53:24","guid":{"rendered":"https:\/\/www.museedelhistoire.ca\/gwichin\/?page_id=288"},"modified":"2012-06-01T19:44:25","modified_gmt":"2012-06-01T19:44:25","slug":"charlie-peter-charlie","status":"publish","type":"page","link":"https:\/\/www.museedelhistoire.ca\/gwichin\/conteurs\/charlie-peter-charlie\/","title":{"rendered":"Charlie Peter Charlie"},"content":{"rendered":"<p>Charlie Peter Charlie est n\u00e9 le 28 mai 1919 \u00e0 Teetl&rsquo;\u00e8enj\u00f9u, sur la plaine Crow, dans le nord du Yukon. Il \u00e9tait l\u2019a\u00een\u00e9 de Peter et de Mary Tetlichi. \u00c9lev\u00e9 de fa\u00e7on traditionnelle, il a appris \u00e0 chasser, \u00e0 p\u00eacher, \u00e0 trapper et \u00e0 s\u2019occuper de son peuple. Le gwich&rsquo;in \u00e9tait sa langue maternelle, et il le ma\u00eetrisait \u00e0 l\u2019oral et \u00e0 l\u2019\u00e9crit, ainsi que l\u2019anglais.\n<\/p>\n<p>En 1939, Charlie Peter Charlie a \u00e9pous\u00e9 Fannie Tizya, et ils ont \u00e9lev\u00e9 seize enfants, dont deux adopt\u00e9s. Charlie a acquis la r\u00e9putation d\u2019\u00eatre un excellent violoneux, et il jouait tard dans la nuit lors de c\u00e9l\u00e9brations gwich\u2019ines. <\/p>\n<p>En 1955, Charlie fut \u00e9lu chef des Vuntut Gwitchins, le deuxi\u00e8me chef \u00e9lu par un vote officiel, apr\u00e8s Peter Moses, qui fut chef pendant longtemps. Il a \u00e9t\u00e9 chef d\u2019une nation en pleine transformation, car son peuple pr\u00e9parait des revendications territoriales et commen\u00e7ait \u00e0 adopter un mode de vie plus s\u00e9dentaire. Sa participation active \u00e0 une organisation territoriale, le Yukon Native Brotherhood, t\u00e9moigne de la valeur qu\u2019il accordait au travail qui profitait \u00e0 la communaut\u00e9. Son d\u00e9vouement et ses contributions ont \u00e9t\u00e9 reconnus au nom de tous les Canadiens quand il a \u00e9t\u00e9 nomm\u00e9 membre de l\u2019Ordre du Canada en 1988.<\/p>\n<p>Charlie a offert une collaboration importante \u00e0 des chercheurs qui \u00e9tudiaient des sujets tr\u00e8s divers, depuis l\u2019arch\u00e9ologie jusqu\u2019\u00e0 l\u2019ornithologie, dans le nord du Yukon. Il a travaill\u00e9 avec des linguistes aussi, enregistrant la langue gwich\u2019ine et des noms de lieux gwich\u2019ins. <\/p>\n<p>Charlie Peter Charlie est d\u00e9c\u00e9d\u00e9 en 2008.<\/p>\n<p><strong>Source :<\/strong> VGG Heritage Branch, 2011<\/p>\n","protected":false},"excerpt":{"rendered":"<p>Charlie Peter Charlie est n\u00e9 le 28 mai 1919 \u00e0 Teetl&rsquo;\u00e8enj\u00f9u, sur la plaine Crow, dans le nord du Yukon. Il \u00e9tait l\u2019a\u00een\u00e9 de Peter et de Mary Tetlichi. \u00c9lev\u00e9 de fa\u00e7on traditionnelle, il a appris \u00e0 chasser, \u00e0 p\u00eacher, &hellip; <a href=\"https:\/\/www.museedelhistoire.ca\/gwichin\/conteurs\/charlie-peter-charlie\/\">Continue reading <span class=\"meta-nav\">&rarr;<\/span><\/a><\/p>\n","protected":false},"author":1,"featured_media":3160,"parent":2685,"menu_order":0,"comment_status":"open","ping_status":"open","template":"storyteller.php","meta":{"footnotes":""},"_links":{"self":[{"href":"https:\/\/www.museedelhistoire.ca\/gwichin\/wp-json\/wp\/v2\/pages\/288"}],"collection":[{"href":"https:\/\/www.museedelhistoire.ca\/gwichin\/wp-json\/wp\/v2\/pages"}],"about":[{"href":"https:\/\/www.museedelhistoire.ca\/gwichin\/wp-json\/wp\/v2\/types\/page"}],"author":[{"embeddable":true,"href":"https:\/\/www.museedelhistoire.ca\/gwichin\/wp-json\/wp\/v2\/users\/1"}],"replies":[{"embeddable":true,"href":"https:\/\/www.museedelhistoire.ca\/gwichin\/wp-json\/wp\/v2\/comments?post=288"}],"version-history":[{"count":6,"href":"https:\/\/www.museedelhistoire.ca\/gwichin\/wp-json\/wp\/v2\/pages\/288\/revisions"}],"predecessor-version":[{"id":3436,"href":"https:\/\/www.museedelhistoire.ca\/gwichin\/wp-json\/wp\/v2\/pages\/288\/revisions\/3436"}],"up":[{"embeddable":true,"href":"https:\/\/www.museedelhistoire.ca\/gwichin\/wp-json\/wp\/v2\/pages\/2685"}],"wp:featuredmedia":[{"embeddable":true,"href":"https:\/\/www.museedelhistoire.ca\/gwichin\/wp-json\/wp\/v2\/media\/3160"}],"wp:attachment":[{"href":"https:\/\/www.museedelhistoire.ca\/gwichin\/wp-json\/wp\/v2\/media?parent=288"}],"curies":[{"name":"wp","href":"https:\/\/api.w.org\/{rel}","templated":true}]}}