{"id":294,"date":"2012-02-11T22:00:12","date_gmt":"2012-02-11T22:00:12","guid":{"rendered":"https:\/\/www.museedelhistoire.ca\/gwichin\/?page_id=294"},"modified":"2012-03-30T14:15:02","modified_gmt":"2012-03-30T14:15:02","slug":"elijah-andrew-chuuzhaati","status":"publish","type":"page","link":"https:\/\/www.museedelhistoire.ca\/gwichin\/conteurs\/elijah-andrew-chuuzhaati\/","title":{"rendered":"Elijah Andrew (Chuuzhaati\u2019)"},"content":{"rendered":"<p>Elijah Andrew (Chuuzhaati\u2019), fils d\u2019Andrew Chuuzhaati\u2019 et de Julia Bonnetplume, est n\u00e9 le 26 mars 1892, au Yukon. Le 15 juillet 1918, \u00e0 l\u2019\u00e2ge de 26 ans, il a \u00e9pous\u00e9 Annie Snowshoe, fille de Peter et de Mary Snowshoe, de Fort McPherson. Ils ont eu onze enfants, dont un adopt\u00e9.<\/p>\n<p>Pendant une bonne partie de leurs vies, Elijah et Annie se sont d\u00e9plac\u00e9s dans les montagnes avec d\u2019autres familles gwich\u2019ines de la r\u00e9gion de la rivi\u00e8re Peel. Ils passaient le printemps dans les environs de la basse Peel, sur la rivi\u00e8re Neyook, entre Aklavik et Fort McPherson. Annie est d\u00e9c\u00e9d\u00e9e le 3 mai 1952, ayant \u00e9t\u00e9 malade pendant longtemps.<\/p>\n<p>Elijah \u00e9tait connu comme chanteur et porteur de tambour (quelqu\u2019un que l\u2019on respectait en tant que fabricant de tambours et qui perp\u00e9tuait la tradition du tambourinage). Il jouait parfois avec ses amis lors de danses. Il \u00e9tait \u00e9galement connu pour son habilet\u00e9 en tant que conteur. Certaines de ses histoires sont pr\u00e9serv\u00e9es dans la Collection COPE aux Archives des Territoires du Nord-Ouest, qui sont situ\u00e9es au Prince of Wales Northern Heritage Centre \u00e0 Yellowknife.<\/p>\n<p>Excellent chasseur, p\u00eacheur et trappeur, Elijah a v\u00e9cu de la terre presque toute sa vie, avec sa famille, et il subvenait bien aux besoins de cette derni\u00e8re. Il est d\u00e9c\u00e9d\u00e9 le 23 novembre 1977.<\/p>\n<p><strong>Source :<\/strong> Institut social et culturel gwich\u2019in, Elders\u2019 Biographies Project, 2010<\/p>\n","protected":false},"excerpt":{"rendered":"<p>Elijah Andrew (Chuuzhaati\u2019), fils d\u2019Andrew Chuuzhaati\u2019 et de Julia Bonnetplume, est n\u00e9 le 26 mars 1892, au Yukon. Le 15 juillet 1918, \u00e0 l\u2019\u00e2ge de 26 ans, il a \u00e9pous\u00e9 Annie Snowshoe, fille de Peter et de Mary Snowshoe, de &hellip; <a href=\"https:\/\/www.museedelhistoire.ca\/gwichin\/conteurs\/elijah-andrew-chuuzhaati\/\">Continue reading <span class=\"meta-nav\">&rarr;<\/span><\/a><\/p>\n","protected":false},"author":1,"featured_media":3163,"parent":2685,"menu_order":0,"comment_status":"open","ping_status":"open","template":"storyteller.php","meta":{"footnotes":""},"_links":{"self":[{"href":"https:\/\/www.museedelhistoire.ca\/gwichin\/wp-json\/wp\/v2\/pages\/294"}],"collection":[{"href":"https:\/\/www.museedelhistoire.ca\/gwichin\/wp-json\/wp\/v2\/pages"}],"about":[{"href":"https:\/\/www.museedelhistoire.ca\/gwichin\/wp-json\/wp\/v2\/types\/page"}],"author":[{"embeddable":true,"href":"https:\/\/www.museedelhistoire.ca\/gwichin\/wp-json\/wp\/v2\/users\/1"}],"replies":[{"embeddable":true,"href":"https:\/\/www.museedelhistoire.ca\/gwichin\/wp-json\/wp\/v2\/comments?post=294"}],"version-history":[{"count":6,"href":"https:\/\/www.museedelhistoire.ca\/gwichin\/wp-json\/wp\/v2\/pages\/294\/revisions"}],"predecessor-version":[{"id":3209,"href":"https:\/\/www.museedelhistoire.ca\/gwichin\/wp-json\/wp\/v2\/pages\/294\/revisions\/3209"}],"up":[{"embeddable":true,"href":"https:\/\/www.museedelhistoire.ca\/gwichin\/wp-json\/wp\/v2\/pages\/2685"}],"wp:featuredmedia":[{"embeddable":true,"href":"https:\/\/www.museedelhistoire.ca\/gwichin\/wp-json\/wp\/v2\/media\/3163"}],"wp:attachment":[{"href":"https:\/\/www.museedelhistoire.ca\/gwichin\/wp-json\/wp\/v2\/media?parent=294"}],"curies":[{"name":"wp","href":"https:\/\/api.w.org\/{rel}","templated":true}]}}