{"id":320,"date":"2012-02-11T22:25:21","date_gmt":"2012-02-11T22:25:21","guid":{"rendered":"https:\/\/www.museedelhistoire.ca\/gwichin\/?page_id=320"},"modified":"2012-04-03T18:04:50","modified_gmt":"2012-04-03T18:04:50","slug":"roderick-roddy-peters","status":"publish","type":"page","link":"https:\/\/www.museedelhistoire.ca\/gwichin\/conteurs\/roderick-roddy-peters\/","title":{"rendered":"Roderick (Roddy) Peters"},"content":{"rendered":"<p>Roderick Peters, connu sous le nom de Roddy, est n\u00e9 sur la rivi\u00e8re Peel le 17 f\u00e9vrier 1926. Il \u00e9tait l\u2019un des nombreux enfants de Peter Ga\u2019ahdoh et de Sarah Peters (Drymeat). Il a re\u00e7u une \u00e9ducation traditionnelle, dans la nature, et dans sa jeunesse, il a \u00e9galement fr\u00e9quent\u00e9 des \u00e9coles \u00e0 Aklavik et \u00e0 Fort McPherson. Il ne s\u2019est jamais mari\u00e9.<\/p>\n<p>Roddy \u00e9tait un bon chasseur, trappeur et p\u00eacheur. Il s\u2019est occup\u00e9 de sa m\u00e8re toute sa vie, et sa m\u00e8re et sa grand-m\u00e8re lui ont appris comment les gens vivaient autrefois. Il partageait avec plaisir les l\u00e9gendes et les histoires gwich\u2019ines qu\u2019elles lui ont appris. Au d\u00e9but des ann\u00e9es 1970, CHAK Radio (qui deviendrait la CBC) a enregistr\u00e9 nombre des histoires gwich\u2019ines que racontaient Roddy et sa m\u00e8re. Ces enregistrements sont pr\u00e9serv\u00e9s dans la Collection COPE aux Archives des Territoires du Nord-Ouest, qui sont situ\u00e9es au Prince of Wales Northern Heritage Centre \u00e0 Yellowknife.<\/p>\n<p>Roddy Peters est d\u00e9c\u00e9d\u00e9 le 7 avril 1983.<\/p>\n<p><strong>Source :<\/strong> Institut social et culturel gwich\u2019in, Elders\u2019 Biographies Project, 2010<br \/>\n<\/p>\n<hr\/>\n<p><a class=\"btn\" href=\"https:\/\/www.museedelhistoire.ca\/gwichin\/artefacts\/collet-a-caribou\/info\/histoire-orale\/\">Histoire orale<\/a><\/p>\n","protected":false},"excerpt":{"rendered":"<p>Roderick Peters, connu sous le nom de Roddy, est n\u00e9 sur la rivi\u00e8re Peel le 17 f\u00e9vrier 1926. Il \u00e9tait l\u2019un des nombreux enfants de Peter Ga\u2019ahdoh et de Sarah Peters (Drymeat). Il a re\u00e7u une \u00e9ducation traditionnelle, dans la &hellip; <a href=\"https:\/\/www.museedelhistoire.ca\/gwichin\/conteurs\/roderick-roddy-peters\/\">Continue reading <span class=\"meta-nav\">&rarr;<\/span><\/a><\/p>\n","protected":false},"author":1,"featured_media":3169,"parent":2685,"menu_order":0,"comment_status":"open","ping_status":"open","template":"storyteller.php","meta":{"footnotes":""},"_links":{"self":[{"href":"https:\/\/www.museedelhistoire.ca\/gwichin\/wp-json\/wp\/v2\/pages\/320"}],"collection":[{"href":"https:\/\/www.museedelhistoire.ca\/gwichin\/wp-json\/wp\/v2\/pages"}],"about":[{"href":"https:\/\/www.museedelhistoire.ca\/gwichin\/wp-json\/wp\/v2\/types\/page"}],"author":[{"embeddable":true,"href":"https:\/\/www.museedelhistoire.ca\/gwichin\/wp-json\/wp\/v2\/users\/1"}],"replies":[{"embeddable":true,"href":"https:\/\/www.museedelhistoire.ca\/gwichin\/wp-json\/wp\/v2\/comments?post=320"}],"version-history":[{"count":6,"href":"https:\/\/www.museedelhistoire.ca\/gwichin\/wp-json\/wp\/v2\/pages\/320\/revisions"}],"predecessor-version":[{"id":3390,"href":"https:\/\/www.museedelhistoire.ca\/gwichin\/wp-json\/wp\/v2\/pages\/320\/revisions\/3390"}],"up":[{"embeddable":true,"href":"https:\/\/www.museedelhistoire.ca\/gwichin\/wp-json\/wp\/v2\/pages\/2685"}],"wp:featuredmedia":[{"embeddable":true,"href":"https:\/\/www.museedelhistoire.ca\/gwichin\/wp-json\/wp\/v2\/media\/3169"}],"wp:attachment":[{"href":"https:\/\/www.museedelhistoire.ca\/gwichin\/wp-json\/wp\/v2\/media?parent=320"}],"curies":[{"name":"wp","href":"https:\/\/api.w.org\/{rel}","templated":true}]}}