{"id":324,"date":"2012-02-11T22:31:14","date_gmt":"2012-02-11T22:31:14","guid":{"rendered":"https:\/\/www.museedelhistoire.ca\/gwichin\/?page_id=324"},"modified":"2012-03-30T14:15:48","modified_gmt":"2012-03-30T14:15:48","slug":"louisa-snowshoe","status":"publish","type":"page","link":"https:\/\/www.museedelhistoire.ca\/gwichin\/conteurs\/louisa-snowshoe\/","title":{"rendered":"Louisa Snowshoe"},"content":{"rendered":"<p>Louisa Snowshoe est n\u00e9e dans la r\u00e9gion de la rivi\u00e8re Blackstone, au Yukon, le 16 ao\u00fbt 1912. Elle \u00e9tait la fille d\u2019Abraham et de Martha Alexie. Quand Louisa \u00e9tait tr\u00e8s jeune, elle a perdu sa m\u00e8re. Son p\u00e8re s\u2019est remari\u00e9, et Louisa a v\u00e9cu avec lui et sa belle-m\u00e8re, Bella, jusqu\u2019\u00e0 ce qu\u2019on l\u2019envoie \u00e0 l\u2019\u00e9cole \u00e0 Hay River. Quand elle est retourn\u00e9e \u00e0 Fort McPherson, elle a travaill\u00e9 \u00e0 la Fleming Hall (r\u00e9sidence de 100 places pour les \u00e9tudiants autochtones) pendant quatorze ans environ.<\/p>\n<p>Le 1er janvier 1930, Louisa a \u00e9pous\u00e9 William Snowshoe. Ils ont eu cinq enfants, et, plus tard, Louisa a \u00e9lev\u00e9 six de ses petits-enfants. <\/p>\n<p>Louisa Snowshoe est d\u00e9c\u00e9d\u00e9e le 31 mars 1998.<\/p>\n<p><strong>Source :<\/strong> Adapt\u00e9 de \u00ab Gwitch\u2019in Elders \u00bb, 1986<\/p>\n","protected":false},"excerpt":{"rendered":"<p>Louisa Snowshoe est n\u00e9e dans la r\u00e9gion de la rivi\u00e8re Blackstone, au Yukon, le 16 ao\u00fbt 1912. Elle \u00e9tait la fille d\u2019Abraham et de Martha Alexie. Quand Louisa \u00e9tait tr\u00e8s jeune, elle a perdu sa m\u00e8re. Son p\u00e8re s\u2019est remari\u00e9, &hellip; <a href=\"https:\/\/www.museedelhistoire.ca\/gwichin\/conteurs\/louisa-snowshoe\/\">Continue reading <span class=\"meta-nav\">&rarr;<\/span><\/a><\/p>\n","protected":false},"author":1,"featured_media":3165,"parent":2685,"menu_order":0,"comment_status":"open","ping_status":"open","template":"storyteller.php","meta":{"footnotes":""},"_links":{"self":[{"href":"https:\/\/www.museedelhistoire.ca\/gwichin\/wp-json\/wp\/v2\/pages\/324"}],"collection":[{"href":"https:\/\/www.museedelhistoire.ca\/gwichin\/wp-json\/wp\/v2\/pages"}],"about":[{"href":"https:\/\/www.museedelhistoire.ca\/gwichin\/wp-json\/wp\/v2\/types\/page"}],"author":[{"embeddable":true,"href":"https:\/\/www.museedelhistoire.ca\/gwichin\/wp-json\/wp\/v2\/users\/1"}],"replies":[{"embeddable":true,"href":"https:\/\/www.museedelhistoire.ca\/gwichin\/wp-json\/wp\/v2\/comments?post=324"}],"version-history":[{"count":5,"href":"https:\/\/www.museedelhistoire.ca\/gwichin\/wp-json\/wp\/v2\/pages\/324\/revisions"}],"predecessor-version":[{"id":3210,"href":"https:\/\/www.museedelhistoire.ca\/gwichin\/wp-json\/wp\/v2\/pages\/324\/revisions\/3210"}],"up":[{"embeddable":true,"href":"https:\/\/www.museedelhistoire.ca\/gwichin\/wp-json\/wp\/v2\/pages\/2685"}],"wp:featuredmedia":[{"embeddable":true,"href":"https:\/\/www.museedelhistoire.ca\/gwichin\/wp-json\/wp\/v2\/media\/3165"}],"wp:attachment":[{"href":"https:\/\/www.museedelhistoire.ca\/gwichin\/wp-json\/wp\/v2\/media?parent=324"}],"curies":[{"name":"wp","href":"https:\/\/api.w.org\/{rel}","templated":true}]}}