{"id":332,"date":"2012-02-11T22:46:14","date_gmt":"2012-02-11T22:46:14","guid":{"rendered":"https:\/\/www.museedelhistoire.ca\/gwichin\/?page_id=332"},"modified":"2012-04-04T15:08:14","modified_gmt":"2012-04-04T15:08:14","slug":"christie-thompson","status":"publish","type":"page","link":"https:\/\/www.museedelhistoire.ca\/gwichin\/conteurs\/christie-thompson\/","title":{"rendered":"Christie Thompson"},"content":{"rendered":"<p>Christie Thompson \u00e9tait la fille de Louisa et de Peter Salu, fr\u00e8re a\u00een\u00e9 du chef Julius (le dernier chef h\u00e9r\u00e9ditaire et, en 1921, le premier chef \u00e9lu des Teet\u0142\u2019it Gwich\u2019ins). Christie est n\u00e9e \u00e0 Moosehide (Yukon) le 1er janvier 1905, et elle a \u00e9t\u00e9 baptis\u00e9e le m\u00eame jour. Le 4 juillet 1921, elle a \u00e9pous\u00e9 Charlie Snowshoe. Ils ont eu cinq enfants, dont trois sont d\u00e9c\u00e9d\u00e9s dans les ann\u00e9es 1930. Christie a \u00e9galement perdu son \u00e9poux \u00e0 cette \u00e9poque (en 1934).  <\/p>\n<p>Le 5 septembre 1940, Christie a \u00e9pous\u00e9 Jimmy Thompson. Christie et Jimmy ont eu six enfants et en ont adopt\u00e9 deux autres, dont un de leurs petits-enfants. Ils vivaient de la terre et passaient beaucoup de temps \u00e0 l\u2019embouchure de la rivi\u00e8re Peel. Vers la fin de sa vie, Christie continuait \u00e0 aller dans le bois lorsque possible. Elle connaissait \u00e9galement les pratiques traditionnelles, dont le tannage et la couture des peaux, et le tressage des raquettes.<\/p>\n<p>Christie croyait qu\u2019il \u00e9tait important d\u2019aller \u00e0 l\u2019\u00e9glise, de vivre en bon chr\u00e9tien et de rendre visite aux malades pour les r\u00e9conforter. Elle \u00e9tait \u00e9galement une excellente conteuse et, heureusement, certaines de ses histoires sont pr\u00e9serv\u00e9es dans la Collection COPE aux Archives des Territoires du Nord-Ouest, qui sont situ\u00e9es au Prince of Wales Northern Heritage Centre \u00e0 Yellowknife.<\/p>\n<p>Christie Thompson est d\u00e9c\u00e9d\u00e9e le 28 mars 2003.<\/p>\n<p><strong>Source :<\/strong> Adapt\u00e9 de \u00ab Gwitch\u2019in Elders \u00bb, 1986, et de la brochure des fun\u00e9railles de Christie Thompson<\/p>\n<p><\/p>\n<hr\/>\n<p><a class=\"btn\" href=\"https:\/\/www.museedelhistoire.ca\/gwichin\/artefacts\/bateau-en-peau-dorignal\/info\/histoire-orale\/\">Histoire orale<\/a><\/p>\n","protected":false},"excerpt":{"rendered":"<p>Christie Thompson \u00e9tait la fille de Louisa et de Peter Salu, fr\u00e8re a\u00een\u00e9 du chef Julius (le dernier chef h\u00e9r\u00e9ditaire et, en 1921, le premier chef \u00e9lu des Teet\u0142\u2019it Gwich\u2019ins). Christie est n\u00e9e \u00e0 Moosehide (Yukon) le 1er janvier 1905, &hellip; <a href=\"https:\/\/www.museedelhistoire.ca\/gwichin\/conteurs\/christie-thompson\/\">Continue reading <span class=\"meta-nav\">&rarr;<\/span><\/a><\/p>\n","protected":false},"author":1,"featured_media":3162,"parent":2685,"menu_order":0,"comment_status":"open","ping_status":"open","template":"storyteller.php","meta":{"footnotes":""},"_links":{"self":[{"href":"https:\/\/www.museedelhistoire.ca\/gwichin\/wp-json\/wp\/v2\/pages\/332"}],"collection":[{"href":"https:\/\/www.museedelhistoire.ca\/gwichin\/wp-json\/wp\/v2\/pages"}],"about":[{"href":"https:\/\/www.museedelhistoire.ca\/gwichin\/wp-json\/wp\/v2\/types\/page"}],"author":[{"embeddable":true,"href":"https:\/\/www.museedelhistoire.ca\/gwichin\/wp-json\/wp\/v2\/users\/1"}],"replies":[{"embeddable":true,"href":"https:\/\/www.museedelhistoire.ca\/gwichin\/wp-json\/wp\/v2\/comments?post=332"}],"version-history":[{"count":5,"href":"https:\/\/www.museedelhistoire.ca\/gwichin\/wp-json\/wp\/v2\/pages\/332\/revisions"}],"predecessor-version":[{"id":3394,"href":"https:\/\/www.museedelhistoire.ca\/gwichin\/wp-json\/wp\/v2\/pages\/332\/revisions\/3394"}],"up":[{"embeddable":true,"href":"https:\/\/www.museedelhistoire.ca\/gwichin\/wp-json\/wp\/v2\/pages\/2685"}],"wp:featuredmedia":[{"embeddable":true,"href":"https:\/\/www.museedelhistoire.ca\/gwichin\/wp-json\/wp\/v2\/media\/3162"}],"wp:attachment":[{"href":"https:\/\/www.museedelhistoire.ca\/gwichin\/wp-json\/wp\/v2\/media?parent=332"}],"curies":[{"name":"wp","href":"https:\/\/api.w.org\/{rel}","templated":true}]}}