{"id":338,"date":"2012-02-11T22:53:55","date_gmt":"2012-02-11T22:53:55","guid":{"rendered":"https:\/\/www.museedelhistoire.ca\/gwichin\/?page_id=338"},"modified":"2012-03-30T14:21:04","modified_gmt":"2012-03-30T14:21:04","slug":"william-vittrekwa","status":"publish","type":"page","link":"https:\/\/www.museedelhistoire.ca\/gwichin\/conteurs\/william-vittrekwa\/","title":{"rendered":"William Vittrekwa"},"content":{"rendered":"<p>William Vittrekwa est n\u00e9 le 20 novembre 1892 \u00e0 Fort McPherson (Territoires du Nord-Ouest). Il \u00e9tait le fils d\u2019Old William Vittrekwa et de Veronica. Le 26 juin 1912, William a \u00e9pous\u00e9 Ellen Snowshoe, avec qui il a eu sept enfants. Ellen est d\u00e9c\u00e9d\u00e9e, et William s\u2019est remari\u00e9 le 13 janvier 1936. Lui et sa seconde \u00e9pouse, Mary Esau, ont eu neuf enfants et ont adopt\u00e9 cinq petits-enfants.<\/p>\n<p>William \u00e9tait tr\u00e8s actif dans le bois; il \u00e9tait un bon chasseur et un bon marcheur. Il a v\u00e9cu de la terre pendant de nombreuses ann\u00e9es et a souvent guid\u00e9 des touristes et des prospecteurs dans la r\u00e9gion. Il a \u00e9galement \u00e9t\u00e9 marguillier dans l\u2019\u00c9glise anglicane pendant de nombreuses ann\u00e9es.<\/p>\n<p>En 1970, quand il approchait de l\u2019\u00e2ge de 80 ans, William a guid\u00e9 un groupe d\u2019hommes de Fort McPherson dans une patrouille jusqu\u2019\u00e0 Dawson (Yukon). Il s\u2019agissait de la comm\u00e9moration de la fameuse patrouille \u00ab perdue \u00bb de 1910-1911, au cours de laquelle quatre membres de la Police mont\u00e9e du Nord-Ouest ont perdu la vie parce qu\u2019ils se sont perdus lors d\u2019une temp\u00eate de neige. <\/p>\n<p>William Vittrekwa est d\u00e9c\u00e9d\u00e9 le 16 novembre 1985. <\/p>\n<p><strong>Source :<\/strong> Adapt\u00e9 de \u00ab Gwitch\u2019in Elders \u00bb, 1986<\/p>\n","protected":false},"excerpt":{"rendered":"<p>William Vittrekwa est n\u00e9 le 20 novembre 1892 \u00e0 Fort McPherson (Territoires du Nord-Ouest). Il \u00e9tait le fils d\u2019Old William Vittrekwa et de Veronica. Le 26 juin 1912, William a \u00e9pous\u00e9 Ellen Snowshoe, avec qui il a eu sept enfants. &hellip; <a href=\"https:\/\/www.museedelhistoire.ca\/gwichin\/conteurs\/william-vittrekwa\/\">Continue reading <span class=\"meta-nav\">&rarr;<\/span><\/a><\/p>\n","protected":false},"author":1,"featured_media":3173,"parent":2685,"menu_order":0,"comment_status":"open","ping_status":"open","template":"storyteller.php","meta":{"footnotes":""},"_links":{"self":[{"href":"https:\/\/www.museedelhistoire.ca\/gwichin\/wp-json\/wp\/v2\/pages\/338"}],"collection":[{"href":"https:\/\/www.museedelhistoire.ca\/gwichin\/wp-json\/wp\/v2\/pages"}],"about":[{"href":"https:\/\/www.museedelhistoire.ca\/gwichin\/wp-json\/wp\/v2\/types\/page"}],"author":[{"embeddable":true,"href":"https:\/\/www.museedelhistoire.ca\/gwichin\/wp-json\/wp\/v2\/users\/1"}],"replies":[{"embeddable":true,"href":"https:\/\/www.museedelhistoire.ca\/gwichin\/wp-json\/wp\/v2\/comments?post=338"}],"version-history":[{"count":5,"href":"https:\/\/www.museedelhistoire.ca\/gwichin\/wp-json\/wp\/v2\/pages\/338\/revisions"}],"predecessor-version":[{"id":3217,"href":"https:\/\/www.museedelhistoire.ca\/gwichin\/wp-json\/wp\/v2\/pages\/338\/revisions\/3217"}],"up":[{"embeddable":true,"href":"https:\/\/www.museedelhistoire.ca\/gwichin\/wp-json\/wp\/v2\/pages\/2685"}],"wp:featuredmedia":[{"embeddable":true,"href":"https:\/\/www.museedelhistoire.ca\/gwichin\/wp-json\/wp\/v2\/media\/3173"}],"wp:attachment":[{"href":"https:\/\/www.museedelhistoire.ca\/gwichin\/wp-json\/wp\/v2\/media?parent=338"}],"curies":[{"name":"wp","href":"https:\/\/api.w.org\/{rel}","templated":true}]}}