{"id":34,"date":"2012-02-23T08:11:13","date_gmt":"2012-02-23T08:11:13","guid":{"rendered":"http:\/\/clients.xhtmlchop.com\/bloggwichin\/7gm4df81pmgwichin\/?page_id=34"},"modified":"2012-04-05T14:35:54","modified_gmt":"2012-04-05T14:35:54","slug":"les-gwichins","status":"publish","type":"page","link":"https:\/\/www.museedelhistoire.ca\/gwichin\/introduction\/les-gwichins\/","title":{"rendered":"Les Gwich\u2019ins"},"content":{"rendered":"<p>L\u2019un des peuples autochtones les plus nordiques du continent nord-am\u00e9ricain, nous vivons au nord-ouest de la for\u00eat bor\u00e9ale, aux limites de cette derni\u00e8re. Seuls les Inuits vivent plus au nord. Nous appartenons \u00e0 la famille des peuples autochtones appel\u00e9s Athapascans, qui comprend les Esclaves, les T\u0142\u012fch\u01ebs (Dogribs), les Hans et les Tutchones, mais notre langue et notre mode de vie sont distincts.<\/p>\n<p>Au moment du contact avec les Euro-Canadiens, nous vivions en neuf bandes, et nos territoires s\u2019\u00e9tendaient de l\u2019int\u00e9rieur de l\u2019Alaska \u00e0 la vall\u00e9e du Mackenzie et incluaient le Yukon <a href=\"#\" id=\"launch-kutchin\">[Carte]<\/a>. Aujourd\u2019hui, nous sommes plus de 6000 dans le monde. Environ 3300 d\u2019entre nous vivent dans les Territoires du Nord-Ouest, notamment \u00e0 Aklavik, \u00e0 Fort McPherson, \u00e0 Inuvik et \u00e0 Tsiigehtchic, o\u00f9 nous sommes connus respectivement sous les noms suivants : Ehdiitat Gwich\u2019ins, Teet\u0142\u2019it Gwich\u2019ins, Nihtat Gwich\u2019ins et Gwichya Gwich\u2019ins. Au Yukon, nous nous appelons Vuntut Gwitchins et vivons principalement \u00e0 Old Crow, un village de 280 habitants, mais nous sommes 800 \u00e0 travers le monde. Nous entretenons tous des liens culturels et familiaux \u00e9troits avec nos parents gwich\u2019ins en Alaska.<\/p>\n<p>Les limites du territoire des Gwich\u2019ins qui vivent actuellement dans les Territoires du Nord-Ouest \u00e9taient traditionnellement : au sud, les sources des rivi\u00e8res Peel et Arctic Red, dans les montagnes; au nord, le delta du Mackenzie; \u00e0 l\u2019est, la rivi\u00e8re Anderson; \u00e0 l\u2019ouest, les montagnes Richardson. Le territoire des Vuntut Gwitchins est situ\u00e9 dans le nord du Yukon et s\u2019\u00e9tend de la fronti\u00e8re ouest du Canada, que partagent les \u00c9tats-Unis, \u00e0 la rivi\u00e8re Peel et aux montagnes Richardson, et du nord du parc national Ivvavik aux montagnes Ogilvie. Nombre de nos familles ont encore des camps d\u2019\u00e9t\u00e9 et d\u2019hiver \u00e0 l\u2019ext\u00e9rieur de nos communaut\u00e9s. La chasse, la p\u00eache et le trappage demeurent importants culturellement et \u00e9conomiquement, le caribou, l\u2019orignal et le cor\u00e9gone \u00e9tant des aliments de base.<\/p>\n<p>Les Gwich\u2019ins du nord du Canada ont conclu des ententes sur des revendications territoriales globales avec les gouvernements f\u00e9d\u00e9ral et territorial en 1992 (Territoires du Nord-Ouest) et 1993 (Yukon). Ces ententes permettent \u00e0 notre peuple de d\u00e9velopper encore plus son autonomie gouvernementale, nous confient la responsabilit\u00e9 du bien-\u00eatre g\u00e9n\u00e9ral de nos citoyens, et pr\u00e9voient la bonne administration de nos communaut\u00e9s, de nos territoires et de nos ressources.<\/p>\n","protected":false},"excerpt":{"rendered":"<p>L\u2019un des peuples autochtones les plus nordiques du continent nord-am\u00e9ricain, nous vivons au nord-ouest de la for\u00eat bor\u00e9ale, aux limites de cette derni\u00e8re. Seuls les Inuits vivent plus au nord. Nous appartenons \u00e0 la famille des peuples autochtones appel\u00e9s Athapascans, &hellip; <a href=\"https:\/\/www.museedelhistoire.ca\/gwichin\/introduction\/les-gwichins\/\">Continue reading <span class=\"meta-nav\">&rarr;<\/span><\/a><\/p>\n","protected":false},"author":1,"featured_media":0,"parent":2684,"menu_order":1,"comment_status":"open","ping_status":"open","template":"introduction.php","meta":{"footnotes":""},"_links":{"self":[{"href":"https:\/\/www.museedelhistoire.ca\/gwichin\/wp-json\/wp\/v2\/pages\/34"}],"collection":[{"href":"https:\/\/www.museedelhistoire.ca\/gwichin\/wp-json\/wp\/v2\/pages"}],"about":[{"href":"https:\/\/www.museedelhistoire.ca\/gwichin\/wp-json\/wp\/v2\/types\/page"}],"author":[{"embeddable":true,"href":"https:\/\/www.museedelhistoire.ca\/gwichin\/wp-json\/wp\/v2\/users\/1"}],"replies":[{"embeddable":true,"href":"https:\/\/www.museedelhistoire.ca\/gwichin\/wp-json\/wp\/v2\/comments?post=34"}],"version-history":[{"count":6,"href":"https:\/\/www.museedelhistoire.ca\/gwichin\/wp-json\/wp\/v2\/pages\/34\/revisions"}],"predecessor-version":[{"id":3420,"href":"https:\/\/www.museedelhistoire.ca\/gwichin\/wp-json\/wp\/v2\/pages\/34\/revisions\/3420"}],"up":[{"embeddable":true,"href":"https:\/\/www.museedelhistoire.ca\/gwichin\/wp-json\/wp\/v2\/pages\/2684"}],"wp:attachment":[{"href":"https:\/\/www.museedelhistoire.ca\/gwichin\/wp-json\/wp\/v2\/media?parent=34"}],"curies":[{"name":"wp","href":"https:\/\/api.w.org\/{rel}","templated":true}]}}