{"id":351,"date":"2012-02-12T17:55:48","date_gmt":"2012-02-12T17:55:48","guid":{"rendered":"https:\/\/www.museedelhistoire.ca\/gwichin\/?page_id=351"},"modified":"2012-04-03T13:27:03","modified_gmt":"2012-04-03T13:27:03","slug":"ensemble-dhiver-denfant","status":"publish","type":"page","link":"https:\/\/www.museedelhistoire.ca\/gwichin\/artefacts\/ensemble-dhiver-denfant\/","title":{"rendered":"Ensemble d\u2019hiver d\u2019enfant"},"content":{"rendered":"<div class=\"intro-quote row\">\u00ab Autrefois, le caribou et sa peau \u00e9taient indispensables. C\u2019est pourquoi, au mois d\u2019ao\u00fbt, quand il y avait des caribous, on cherchait \u00e0 tuer beaucoup de caribous pour les peaux. On confectionnait des pantalons en peau de caribou, et avec les peaux des jeunes animaux on faisait des robes. Avec les peaux un peu plus grandes, on faisait des mitaines et des <em>mukluks<\/em>. Les peaux de caribou du mois d\u2019ao\u00fbt sont tr\u00e8s bonnes pour les v\u00eatements d\u2019hiver. \u00bb<span class=\"intro-quote-teller\">\u2014 Ellen Bruce, A\u00een\u00e9e vuntut gwitchine, 1997<br \/>\n(Vuntut Gwitchin First Nation Collection VG1997-08-07:020-106)<\/span><\/div>\n","protected":false},"excerpt":{"rendered":"<p>\u00ab Autrefois, le caribou et sa peau \u00e9taient indispensables. C\u2019est pourquoi, au mois d\u2019ao\u00fbt, quand il y avait des caribous, on cherchait \u00e0 tuer beaucoup de caribous pour les peaux. On confectionnait des pantalons en peau de caribou, et avec &hellip; <a href=\"https:\/\/www.museedelhistoire.ca\/gwichin\/artefacts\/ensemble-dhiver-denfant\/\">Continue reading <span class=\"meta-nav\">&rarr;<\/span><\/a><\/p>\n","protected":false},"author":1,"featured_media":0,"parent":300,"menu_order":0,"comment_status":"open","ping_status":"open","template":"artifact.php","meta":{"footnotes":""},"_links":{"self":[{"href":"https:\/\/www.museedelhistoire.ca\/gwichin\/wp-json\/wp\/v2\/pages\/351"}],"collection":[{"href":"https:\/\/www.museedelhistoire.ca\/gwichin\/wp-json\/wp\/v2\/pages"}],"about":[{"href":"https:\/\/www.museedelhistoire.ca\/gwichin\/wp-json\/wp\/v2\/types\/page"}],"author":[{"embeddable":true,"href":"https:\/\/www.museedelhistoire.ca\/gwichin\/wp-json\/wp\/v2\/users\/1"}],"replies":[{"embeddable":true,"href":"https:\/\/www.museedelhistoire.ca\/gwichin\/wp-json\/wp\/v2\/comments?post=351"}],"version-history":[{"count":6,"href":"https:\/\/www.museedelhistoire.ca\/gwichin\/wp-json\/wp\/v2\/pages\/351\/revisions"}],"predecessor-version":[{"id":3359,"href":"https:\/\/www.museedelhistoire.ca\/gwichin\/wp-json\/wp\/v2\/pages\/351\/revisions\/3359"}],"up":[{"embeddable":true,"href":"https:\/\/www.museedelhistoire.ca\/gwichin\/wp-json\/wp\/v2\/pages\/300"}],"wp:attachment":[{"href":"https:\/\/www.museedelhistoire.ca\/gwichin\/wp-json\/wp\/v2\/media?parent=351"}],"curies":[{"name":"wp","href":"https:\/\/api.w.org\/{rel}","templated":true}]}}