{"id":356,"date":"2012-02-27T18:04:11","date_gmt":"2012-02-27T18:04:11","guid":{"rendered":"https:\/\/www.museedelhistoire.ca\/gwichin\/"},"modified":"2012-04-02T18:13:11","modified_gmt":"2012-04-02T18:13:11","slug":"lartefact","status":"publish","type":"page","link":"https:\/\/www.museedelhistoire.ca\/gwichin\/artefacts\/ensemble-dhiver-denfant\/info\/lartefact\/","title":{"rendered":"L\u2019artefact"},"content":{"rendered":"<hr\/>\n<p>Le capuchon a \u00e9t\u00e9 confectionn\u00e9 avec la peau de la t\u00eate d\u2019un jeune caribou, sur laquelle on voit l\u2019\u00e9bauche des bois et les oreilles. Les bretelles qui retiennent le pantalon sont en peau fum\u00e9e sans poil et passent dans un morceau de peau attach\u00e9 au devant. Pour rendre le pantalon plus chaud et plus confortable, les pieds ont \u00e9t\u00e9 confectionn\u00e9s avec la fourrure \u00e0 l\u2019int\u00e9rieur. Vu le nombre de pi\u00e8ces rapport\u00e9es sur les genoux et les chevilles, et l\u2019usure des semelles, cet ensemble a beaucoup servi.<\/p>\n","protected":false},"excerpt":{"rendered":"<p>Le capuchon a \u00e9t\u00e9 confectionn\u00e9 avec la peau de la t\u00eate d\u2019un jeune caribou, sur laquelle on voit l\u2019\u00e9bauche des bois et les oreilles. Les bretelles qui retiennent le pantalon sont en peau fum\u00e9e sans poil et passent dans un &hellip; <a href=\"https:\/\/www.museedelhistoire.ca\/gwichin\/artefacts\/ensemble-dhiver-denfant\/info\/lartefact\/\">Continue reading <span class=\"meta-nav\">&rarr;<\/span><\/a><\/p>\n","protected":false},"author":1,"featured_media":3085,"parent":391,"menu_order":1,"comment_status":"open","ping_status":"open","template":"artifact-detail.php","meta":{"footnotes":""},"_links":{"self":[{"href":"https:\/\/www.museedelhistoire.ca\/gwichin\/wp-json\/wp\/v2\/pages\/356"}],"collection":[{"href":"https:\/\/www.museedelhistoire.ca\/gwichin\/wp-json\/wp\/v2\/pages"}],"about":[{"href":"https:\/\/www.museedelhistoire.ca\/gwichin\/wp-json\/wp\/v2\/types\/page"}],"author":[{"embeddable":true,"href":"https:\/\/www.museedelhistoire.ca\/gwichin\/wp-json\/wp\/v2\/users\/1"}],"replies":[{"embeddable":true,"href":"https:\/\/www.museedelhistoire.ca\/gwichin\/wp-json\/wp\/v2\/comments?post=356"}],"version-history":[{"count":6,"href":"https:\/\/www.museedelhistoire.ca\/gwichin\/wp-json\/wp\/v2\/pages\/356\/revisions"}],"predecessor-version":[{"id":3305,"href":"https:\/\/www.museedelhistoire.ca\/gwichin\/wp-json\/wp\/v2\/pages\/356\/revisions\/3305"}],"up":[{"embeddable":true,"href":"https:\/\/www.museedelhistoire.ca\/gwichin\/wp-json\/wp\/v2\/pages\/391"}],"wp:featuredmedia":[{"embeddable":true,"href":"https:\/\/www.museedelhistoire.ca\/gwichin\/wp-json\/wp\/v2\/media\/3085"}],"wp:attachment":[{"href":"https:\/\/www.museedelhistoire.ca\/gwichin\/wp-json\/wp\/v2\/media?parent=356"}],"curies":[{"name":"wp","href":"https:\/\/api.w.org\/{rel}","templated":true}]}}