{"id":398,"date":"2012-02-12T23:59:25","date_gmt":"2012-02-12T23:59:25","guid":{"rendered":"https:\/\/www.museedelhistoire.ca\/gwichin\/"},"modified":"2012-04-02T22:11:03","modified_gmt":"2012-04-02T22:11:03","slug":"collet-a-caribou","status":"publish","type":"page","link":"https:\/\/www.museedelhistoire.ca\/gwichin\/artefacts\/collet-a-caribou\/","title":{"rendered":"Collet \u00e0 caribou"},"content":{"rendered":"<div class=\"intro-quote row\"><img loading=\"lazy\" decoding=\"async\" class=\"alignnone size-thumbnail wp-image-1853\" src=\"https:\/\/www.museedelhistoire.ca\/gwichin\/files\/2012\/03\/Roddy_Peters-80x80.jpg\" alt=\"\" width=\"80\" height=\"80\" \/>\u00ab Ils fabriquaient de la corde, de la corde vraiment r\u00e9sistante, avec de la peau de caribou\u2026 Ils tendaient plein de collets autour de ce corral [\u00e0 caribou]\u2026 Tous les caribous couraient dans ce grand corral et restaient pris dans le collet\u2026 \u00bb<\/p>\n<p><span class=\"intro-quote-teller\">\u2014 <a href=\"\/gwichin\/conteurs\/roderick-roddy-peters\/\">Roddy Peters<\/a>, A\u00een\u00e9 teet\u0142\u2019it gwich\u2019in, ann\u00e9es 1970<\/span>\n<\/div>\n<div class=\"intro-quote row\"><img loading=\"lazy\" decoding=\"async\" class=\"alignnone size-thumbnail wp-image-1853\" src=\"https:\/\/www.museedelhistoire.ca\/gwichin\/files\/2012\/03\/Walter_Alexie-2008-Ingrid-Kritsch-GSCI-DSC_0096-80x80.jpg\" alt=\"\" width=\"80\" height=\"80\" \/>\u00ab C\u2019est au moment de la migration des caribous [ao\u00fbt et septembre] qu\u2019on faisait ces corrals. Et au printemps, je crois qu\u2019on utilisait surtout des collets l\u00e0 o\u00f9 ils passaient\u2026 o\u00f9 ils traversaient les rivi\u00e8res, les criques, c\u2019est l\u00e0 qu\u2019il y avait des collets en peau de caribou. \u00bb<\/p>\n<p><span class=\"intro-quote-teller\">\u2014 <a href=\"\/gwichin\/conteurs\/walter-alexie\/\">Walter Alexie<\/a>, A\u00een\u00e9 teet\u0142\u2019it gwich\u2019in, 1996<\/span>\n<\/div>\n","protected":false},"excerpt":{"rendered":"<p>\u00ab Ils fabriquaient de la corde, de la corde vraiment r\u00e9sistante, avec de la peau de caribou\u2026 Ils tendaient plein de collets autour de ce corral [\u00e0 caribou]\u2026 Tous les caribous couraient dans ce grand corral et restaient pris dans &hellip; <a href=\"https:\/\/www.museedelhistoire.ca\/gwichin\/artefacts\/collet-a-caribou\/\">Continue reading <span class=\"meta-nav\">&rarr;<\/span><\/a><\/p>\n","protected":false},"author":1,"featured_media":0,"parent":300,"menu_order":0,"comment_status":"open","ping_status":"open","template":"artifact.php","meta":{"footnotes":""},"_links":{"self":[{"href":"https:\/\/www.museedelhistoire.ca\/gwichin\/wp-json\/wp\/v2\/pages\/398"}],"collection":[{"href":"https:\/\/www.museedelhistoire.ca\/gwichin\/wp-json\/wp\/v2\/pages"}],"about":[{"href":"https:\/\/www.museedelhistoire.ca\/gwichin\/wp-json\/wp\/v2\/types\/page"}],"author":[{"embeddable":true,"href":"https:\/\/www.museedelhistoire.ca\/gwichin\/wp-json\/wp\/v2\/users\/1"}],"replies":[{"embeddable":true,"href":"https:\/\/www.museedelhistoire.ca\/gwichin\/wp-json\/wp\/v2\/comments?post=398"}],"version-history":[{"count":5,"href":"https:\/\/www.museedelhistoire.ca\/gwichin\/wp-json\/wp\/v2\/pages\/398\/revisions"}],"predecessor-version":[{"id":3338,"href":"https:\/\/www.museedelhistoire.ca\/gwichin\/wp-json\/wp\/v2\/pages\/398\/revisions\/3338"}],"up":[{"embeddable":true,"href":"https:\/\/www.museedelhistoire.ca\/gwichin\/wp-json\/wp\/v2\/pages\/300"}],"wp:attachment":[{"href":"https:\/\/www.museedelhistoire.ca\/gwichin\/wp-json\/wp\/v2\/media?parent=398"}],"curies":[{"name":"wp","href":"https:\/\/api.w.org\/{rel}","templated":true}]}}