{"id":412,"date":"2012-02-13T00:08:22","date_gmt":"2012-02-13T00:08:22","guid":{"rendered":"https:\/\/www.museedelhistoire.ca\/gwichin\/?page_id=412"},"modified":"2012-04-03T17:28:23","modified_gmt":"2012-04-03T17:28:23","slug":"le-chercheur","status":"publish","type":"page","link":"https:\/\/www.museedelhistoire.ca\/gwichin\/artefacts\/collet-a-caribou\/info\/le-chercheur\/","title":{"rendered":"Le chercheur"},"content":{"rendered":"<p>Douglas Leechman (1891-1980) \u00e9tait anthropologue au Mus\u00e9e national du Canada (actuellement le Mus\u00e9e canadien des civilisations) de 1925 \u00e0 1956. Pendant l\u2019\u00e9t\u00e9 1946, il a fait des recherches sur le terrain chez les Vuntut Gwitchins d\u2019Old Crow (Yukon).<\/p>\n<p><strong><a href=\"\/gwichin\/artefacts\/collet-a-caribou\/images\/?type=related&amp;id=830\"> Douglas Leechman <\/a><\/strong><\/p>\n","protected":false},"excerpt":{"rendered":"<p>Douglas Leechman (1891-1980) \u00e9tait anthropologue au Mus\u00e9e national du Canada (actuellement le Mus\u00e9e canadien des civilisations) de 1925 \u00e0 1956. Pendant l\u2019\u00e9t\u00e9 1946, il a fait des recherches sur le terrain chez les Vuntut Gwitchins d\u2019Old Crow (Yukon). Douglas Leechman<\/p>\n","protected":false},"author":1,"featured_media":0,"parent":400,"menu_order":2,"comment_status":"open","ping_status":"open","template":"artifact-detail.php","meta":{"footnotes":""},"_links":{"self":[{"href":"https:\/\/www.museedelhistoire.ca\/gwichin\/wp-json\/wp\/v2\/pages\/412"}],"collection":[{"href":"https:\/\/www.museedelhistoire.ca\/gwichin\/wp-json\/wp\/v2\/pages"}],"about":[{"href":"https:\/\/www.museedelhistoire.ca\/gwichin\/wp-json\/wp\/v2\/types\/page"}],"author":[{"embeddable":true,"href":"https:\/\/www.museedelhistoire.ca\/gwichin\/wp-json\/wp\/v2\/users\/1"}],"replies":[{"embeddable":true,"href":"https:\/\/www.museedelhistoire.ca\/gwichin\/wp-json\/wp\/v2\/comments?post=412"}],"version-history":[{"count":2,"href":"https:\/\/www.museedelhistoire.ca\/gwichin\/wp-json\/wp\/v2\/pages\/412\/revisions"}],"predecessor-version":[{"id":3373,"href":"https:\/\/www.museedelhistoire.ca\/gwichin\/wp-json\/wp\/v2\/pages\/412\/revisions\/3373"}],"up":[{"embeddable":true,"href":"https:\/\/www.museedelhistoire.ca\/gwichin\/wp-json\/wp\/v2\/pages\/400"}],"wp:attachment":[{"href":"https:\/\/www.museedelhistoire.ca\/gwichin\/wp-json\/wp\/v2\/media?parent=412"}],"curies":[{"name":"wp","href":"https:\/\/api.w.org\/{rel}","templated":true}]}}