{"id":420,"date":"2012-02-13T00:16:17","date_gmt":"2012-02-13T00:16:17","guid":{"rendered":"https:\/\/www.museedelhistoire.ca\/gwichin\/"},"modified":"2012-04-02T22:11:37","modified_gmt":"2012-04-02T22:11:37","slug":"sacoches-a-chien","status":"publish","type":"page","link":"https:\/\/www.museedelhistoire.ca\/gwichin\/artefacts\/sacoches-a-chien\/","title":{"rendered":"Sacoches \u00e0 chien"},"content":{"rendered":"<div class=\"intro-quote row\">\n<img loading=\"lazy\" decoding=\"async\" src=\"https:\/\/www.museedelhistoire.ca\/gwichin\/files\/2012\/03\/Sarah_Peters1-80x80.jpg\" alt=\"\" width=\"80\" height=\"80\" class=\"alignnone size-thumbnail wp-image-1855\" \/>\u00ab \u00c0 l\u2019approche de l\u2019\u00e9t\u00e9, au printemps peut-\u00eatre, les hommes et les femmes se pr\u00e9paraient \u00e0 faire des sacoches \u00e0 chien. Une famille qui avait cinq chiens faisait autant de sacoches. Et quand les gens se d\u00e9pla\u00e7aient, tous les chiens avaient de grandes sacoches, et les hommes avaient de grands sacs \u00e0 dos. Les femmes avaient des sacs \u00e0 dos aussi, remplis de choses et d\u2019enfants. On avait l\u2019impression que tout le monde travaillait, et les enfants parcouraient m\u00eame de longues distances \u00e0 pied quand il fallait se d\u00e9placer dans le bois, et parfois gravir des collines et des montagnes. Quand les gens arrivaient \u00e0 une rivi\u00e8re principale, o\u00f9 ils pouvaient p\u00eacher, ils s\u2019installaient, l\u00e0 o\u00f9 ils savaient qu\u2019ils pouvaient faire s\u00e9cher du poisson et obtenir beaucoup de nourriture pour l\u2019hiver suivant. \u00bb<br \/>\n<span class=\"intro-quote-teller\">\u2014 <a href=\"\/gwichin\/conteurs\/sarah-peters-gaahdoh\/\">Sarah Peters<\/a>, A\u00een\u00e9e teet\u0142\u2019it gwich\u2019ine, 1973<\/span>\n<\/p>\n<\/div>\n","protected":false},"excerpt":{"rendered":"<p>\u00ab \u00c0 l\u2019approche de l\u2019\u00e9t\u00e9, au printemps peut-\u00eatre, les hommes et les femmes se pr\u00e9paraient \u00e0 faire des sacoches \u00e0 chien. Une famille qui avait cinq chiens faisait autant de sacoches. Et quand les gens se d\u00e9pla\u00e7aient, tous les chiens &hellip; <a href=\"https:\/\/www.museedelhistoire.ca\/gwichin\/artefacts\/sacoches-a-chien\/\">Continue reading <span class=\"meta-nav\">&rarr;<\/span><\/a><\/p>\n","protected":false},"author":1,"featured_media":0,"parent":300,"menu_order":0,"comment_status":"open","ping_status":"open","template":"artifact.php","meta":{"footnotes":""},"_links":{"self":[{"href":"https:\/\/www.museedelhistoire.ca\/gwichin\/wp-json\/wp\/v2\/pages\/420"}],"collection":[{"href":"https:\/\/www.museedelhistoire.ca\/gwichin\/wp-json\/wp\/v2\/pages"}],"about":[{"href":"https:\/\/www.museedelhistoire.ca\/gwichin\/wp-json\/wp\/v2\/types\/page"}],"author":[{"embeddable":true,"href":"https:\/\/www.museedelhistoire.ca\/gwichin\/wp-json\/wp\/v2\/users\/1"}],"replies":[{"embeddable":true,"href":"https:\/\/www.museedelhistoire.ca\/gwichin\/wp-json\/wp\/v2\/comments?post=420"}],"version-history":[{"count":5,"href":"https:\/\/www.museedelhistoire.ca\/gwichin\/wp-json\/wp\/v2\/pages\/420\/revisions"}],"predecessor-version":[{"id":3339,"href":"https:\/\/www.museedelhistoire.ca\/gwichin\/wp-json\/wp\/v2\/pages\/420\/revisions\/3339"}],"up":[{"embeddable":true,"href":"https:\/\/www.museedelhistoire.ca\/gwichin\/wp-json\/wp\/v2\/pages\/300"}],"wp:attachment":[{"href":"https:\/\/www.museedelhistoire.ca\/gwichin\/wp-json\/wp\/v2\/media?parent=420"}],"curies":[{"name":"wp","href":"https:\/\/api.w.org\/{rel}","templated":true}]}}