{"id":424,"date":"2012-02-13T00:17:59","date_gmt":"2012-02-13T00:17:59","guid":{"rendered":"https:\/\/www.museedelhistoire.ca\/gwichin\/"},"modified":"2012-04-02T18:16:05","modified_gmt":"2012-04-02T18:16:05","slug":"lartefact","status":"publish","type":"page","link":"https:\/\/www.museedelhistoire.ca\/gwichin\/artefacts\/sacoches-a-chien\/info\/lartefact\/","title":{"rendered":"L\u2019artefact"},"content":{"rendered":"<hr\/>\n<p>\u00ab On affirme que l\u2019utilisation de chiens pour le transport est une pratique autochtone et, par cons\u00e9quent, ant\u00e9rieure \u00e0 l\u2019utilisation courante de chiens pour tirer des tra\u00eeneaux. On coud deux sacoches avec un dos commun que l\u2019on place sur celui du chien. On fait un n\u0153ud de boucle \u00e0 une extr\u00e9mit\u00e9 d\u2019une corde. On passe l\u2019extr\u00e9mit\u00e9 libre devant la poitrine du chien (devant les pattes), le long du corps (par-dessus la face ext\u00e9rieure de la sacoche) et sous le ventre. L\u2019extr\u00e9mit\u00e9 libre passe ensuite dans la boucle (qui est contre la face de la sacoche de droite), et sous les sacoches et le ventre du chien. Elle est nou\u00e9e autour de la partie de la corde qui est contre la face de la sacoche de gauche, passe sur le dos du chien et les sacoches, passe autour d\u2019elle-m\u00eame, puis passe encore une fois sur le dos du chien et est attach\u00e9e du c\u00f4t\u00e9 gauche \u00e0 l\u2019extr\u00e9mit\u00e9 qui est pass\u00e9e sous le ventre du chien. Le dernier n\u0153ud est un n\u0153ud simple double. \u00bb<\/p>\n<p>\u2014 Cornelius Osgood, 1936<\/p>\n","protected":false},"excerpt":{"rendered":"<p>\u00ab On affirme que l\u2019utilisation de chiens pour le transport est une pratique autochtone et, par cons\u00e9quent, ant\u00e9rieure \u00e0 l\u2019utilisation courante de chiens pour tirer des tra\u00eeneaux. On coud deux sacoches avec un dos commun que l\u2019on place sur celui &hellip; <a href=\"https:\/\/www.museedelhistoire.ca\/gwichin\/artefacts\/sacoches-a-chien\/info\/lartefact\/\">Continue reading <span class=\"meta-nav\">&rarr;<\/span><\/a><\/p>\n","protected":false},"author":1,"featured_media":3104,"parent":422,"menu_order":1,"comment_status":"open","ping_status":"open","template":"artifact-detail.php","meta":{"footnotes":""},"_links":{"self":[{"href":"https:\/\/www.museedelhistoire.ca\/gwichin\/wp-json\/wp\/v2\/pages\/424"}],"collection":[{"href":"https:\/\/www.museedelhistoire.ca\/gwichin\/wp-json\/wp\/v2\/pages"}],"about":[{"href":"https:\/\/www.museedelhistoire.ca\/gwichin\/wp-json\/wp\/v2\/types\/page"}],"author":[{"embeddable":true,"href":"https:\/\/www.museedelhistoire.ca\/gwichin\/wp-json\/wp\/v2\/users\/1"}],"replies":[{"embeddable":true,"href":"https:\/\/www.museedelhistoire.ca\/gwichin\/wp-json\/wp\/v2\/comments?post=424"}],"version-history":[{"count":5,"href":"https:\/\/www.museedelhistoire.ca\/gwichin\/wp-json\/wp\/v2\/pages\/424\/revisions"}],"predecessor-version":[{"id":3307,"href":"https:\/\/www.museedelhistoire.ca\/gwichin\/wp-json\/wp\/v2\/pages\/424\/revisions\/3307"}],"up":[{"embeddable":true,"href":"https:\/\/www.museedelhistoire.ca\/gwichin\/wp-json\/wp\/v2\/pages\/422"}],"wp:featuredmedia":[{"embeddable":true,"href":"https:\/\/www.museedelhistoire.ca\/gwichin\/wp-json\/wp\/v2\/media\/3104"}],"wp:attachment":[{"href":"https:\/\/www.museedelhistoire.ca\/gwichin\/wp-json\/wp\/v2\/media?parent=424"}],"curies":[{"name":"wp","href":"https:\/\/api.w.org\/{rel}","templated":true}]}}