{"id":435,"date":"2012-02-13T00:24:06","date_gmt":"2012-02-13T00:24:06","guid":{"rendered":"https:\/\/www.museedelhistoire.ca\/gwichin\/"},"modified":"2012-04-02T22:12:13","modified_gmt":"2012-04-02T22:12:13","slug":"nasse","status":"publish","type":"page","link":"https:\/\/www.museedelhistoire.ca\/gwichin\/artefacts\/nasse\/","title":{"rendered":"Nasse"},"content":{"rendered":"<div class=\"intro-quote row\">\n<img loading=\"lazy\" decoding=\"async\" src=\"https:\/\/www.museedelhistoire.ca\/gwichin\/files\/2012\/03\/Elijah_Andrew1-80x80.jpg\" alt=\"\" width=\"80\" height=\"80\" class=\"alignnone size-thumbnail wp-image-2374\" \/><br \/>\n\u00ab La nasse est une autre chose que nos anc\u00eatres utilisaient beaucoup, et c\u2019\u00e9tait peut-\u00eatre la meilleure m\u00e9thode de prendre des poissons et le moyen le plus facile de le faire. Pour construire une nasse, il faut ce qui suit : un remous, de longues perches de bois avec \u00e9corce, de longues perches de bois sans \u00e9corce. Il fallait d\u2019abord choisir un bon remous. On construisait la nasse directement en aval de ce remous. On enfon\u00e7ait les perches avec \u00e9corce dans le fond, mais on laissait une ouverture entre elles. Ensuite, on mettait des perches horizontalement, comme une cl\u00f4ture. Apr\u00e8s \u00e7a, il fallait construire un long panier. On le faisait avec les perches sans \u00e9corce. On installait le panier dans l\u2019ouverture et on fermait le petit c\u00f4t\u00e9. Puis, on attendait. Les poissons arrivaient et entraient tout droit dans la nasse en grand nombre. On les ramassait \u00e0 l\u2019aide d\u2019un grand pochon en saule muni d\u2019un long manche et on les mettait dans le canot. On prenait beaucoup de poissons de cette fa\u00e7on. \u00bb<br \/>\n<span class=\"intro-quote-teller\">\u2014 <a href=\"https:\/\/www.museedelhistoire.ca\/gwichin\/conteurs\/elijah-andrew-chuuzhaati\/\">Elijah Andrew<\/a>, A\u00een\u00e9 teetl\u2019it gwich\u2019in, ann\u00e9es 1970<\/span>\n<\/p>\n<\/div>\n","protected":false},"excerpt":{"rendered":"<p>\u00ab La nasse est une autre chose que nos anc\u00eatres utilisaient beaucoup, et c\u2019\u00e9tait peut-\u00eatre la meilleure m\u00e9thode de prendre des poissons et le moyen le plus facile de le faire. Pour construire une nasse, il faut ce qui suit &hellip; <a href=\"https:\/\/www.museedelhistoire.ca\/gwichin\/artefacts\/nasse\/\">Continue reading <span class=\"meta-nav\">&rarr;<\/span><\/a><\/p>\n","protected":false},"author":1,"featured_media":0,"parent":300,"menu_order":0,"comment_status":"open","ping_status":"open","template":"artifact.php","meta":{"footnotes":""},"_links":{"self":[{"href":"https:\/\/www.museedelhistoire.ca\/gwichin\/wp-json\/wp\/v2\/pages\/435"}],"collection":[{"href":"https:\/\/www.museedelhistoire.ca\/gwichin\/wp-json\/wp\/v2\/pages"}],"about":[{"href":"https:\/\/www.museedelhistoire.ca\/gwichin\/wp-json\/wp\/v2\/types\/page"}],"author":[{"embeddable":true,"href":"https:\/\/www.museedelhistoire.ca\/gwichin\/wp-json\/wp\/v2\/users\/1"}],"replies":[{"embeddable":true,"href":"https:\/\/www.museedelhistoire.ca\/gwichin\/wp-json\/wp\/v2\/comments?post=435"}],"version-history":[{"count":6,"href":"https:\/\/www.museedelhistoire.ca\/gwichin\/wp-json\/wp\/v2\/pages\/435\/revisions"}],"predecessor-version":[{"id":3340,"href":"https:\/\/www.museedelhistoire.ca\/gwichin\/wp-json\/wp\/v2\/pages\/435\/revisions\/3340"}],"up":[{"embeddable":true,"href":"https:\/\/www.museedelhistoire.ca\/gwichin\/wp-json\/wp\/v2\/pages\/300"}],"wp:attachment":[{"href":"https:\/\/www.museedelhistoire.ca\/gwichin\/wp-json\/wp\/v2\/media?parent=435"}],"curies":[{"name":"wp","href":"https:\/\/api.w.org\/{rel}","templated":true}]}}