{"id":441,"date":"2012-02-13T00:26:17","date_gmt":"2012-02-13T00:26:17","guid":{"rendered":"https:\/\/www.museedelhistoire.ca\/gwichin\/"},"modified":"2012-04-02T18:17:50","modified_gmt":"2012-04-02T18:17:50","slug":"lartefact","status":"publish","type":"page","link":"https:\/\/www.museedelhistoire.ca\/gwichin\/artefacts\/nasse\/info\/lartefact\/","title":{"rendered":"L\u2019artefact"},"content":{"rendered":"<hr\/>\n<p>\u00ab Une nasse adapt\u00e9e aux affluents, utilis\u00e9e surtout dans de petites rivi\u00e8res tributaires de la rivi\u00e8re principale \u2013 en l\u2019occurrence la Peel \u2013 mais parfois utilis\u00e9e aussi dans de petits remous de la rivi\u00e8re principale. Fabriqu\u00e9e habituellement en deux tailles, l\u2019une longue d\u2019environ trois pieds [90 cm], pour le hareng, et l\u2019autre de cinq pieds [1,5 m], pour le cor\u00e9gone et l\u2019omble. On l\u2019utilise avec une cl\u00f4ture (barrage), dans laquelle on l\u2019installe.<\/p>\n<p>La nasse est install\u00e9e deux fois par an, au d\u00e9but de l\u2019\u00e9t\u00e9, pour la migration principale, et \u00e0 la fin de l\u2019\u00e9t\u00e9, pour prendre les jeunes poissons apr\u00e8s le frai. Les poissons du d\u00e9but de l\u2019\u00e9t\u00e9 sont ouverts et s\u00e9ch\u00e9s au soleil ou \u00e0 la fum\u00e9e. En r\u00e8gle g\u00e9n\u00e9rale, les poissons de la fin de l\u2019\u00e9t\u00e9 sont jet\u00e9s dans des fosses d\u2019une profondeur de cinq \u00e0 six pieds [de 1,5 \u00e0 1,8 m] que l\u2019on creuse dans le perg\u00e9lisol et dans lesquelles on fait un sol. Les fosses sont couvertes de branches d\u2019\u00e9pinette par la suite. On laisse les poissons des fosses pourrir partiellement. Les fosses sont couvertes de billots lourds pour emp\u00eacher les chiens et d\u2019autres animaux d\u2019acc\u00e9der \u00e0 leur contenu. Les poissons des fosses sont de la nourriture pour chiens. Avant le contact, ce genre de poisson \u00e9tait probablement rarement utilis\u00e9, car les chiens \u00e9taient peu nombreux. Cependant, dans la r\u00e9gion de la rivi\u00e8re Peel, l\u2019utilisation de nasses a co\u00efncid\u00e9 avec la mise en fosse de poissons, et ce, pendant un demi-si\u00e8cle peut-\u00eatre. \u00bb<\/p>\n<p>\u2014 Richard Slobodin, 1963\u20131964<\/p>\n<hr\/>\n<p>\u00ab Le chef du camp de p\u00eache jouait un r\u00f4le d\u2019une importance ex\u00e9cutive consid\u00e9rable dans la construction et l\u2019entretien des nasses. Il y avait rarement plus de deux barrages dans un camp de p\u00eache. Le chef du camp dirigeait leur construction chaque \u00e9t\u00e9. Il devait s\u2019assurer que l\u2019on guettait de pr\u00e8s et avec vigilance l\u2019arriv\u00e9e de bancs de poissons qui remontaient la rivi\u00e8re et, \u00e0 la fin de l\u2019\u00e9t\u00e9, l\u2019arriv\u00e9e des premi\u00e8res glaces flottantes d\u2019amont. Un informateur d\u2019un certain \u00e2ge a dit que, dans son enfance, il a \u00e9t\u00e9 r\u00e9veill\u00e9 par les cris du chef du camp de p\u00eache. Le chef appelait tout le monde au travail, pour d\u00e9monter le barrage le plus vite possible afin d\u2019en emp\u00eacher la destruction par les glaces \u00bb.<\/p>\n<p>\u2014 Richard Slobodin, 1962<\/p>\n","protected":false},"excerpt":{"rendered":"<p>\u00ab Une nasse adapt\u00e9e aux affluents, utilis\u00e9e surtout dans de petites rivi\u00e8res tributaires de la rivi\u00e8re principale \u2013 en l\u2019occurrence la Peel \u2013 mais parfois utilis\u00e9e aussi dans de petits remous de la rivi\u00e8re principale. Fabriqu\u00e9e habituellement en deux tailles, &hellip; <a href=\"https:\/\/www.museedelhistoire.ca\/gwichin\/artefacts\/nasse\/info\/lartefact\/\">Continue reading <span class=\"meta-nav\">&rarr;<\/span><\/a><\/p>\n","protected":false},"author":1,"featured_media":3108,"parent":438,"menu_order":1,"comment_status":"open","ping_status":"open","template":"artifact-detail.php","meta":{"footnotes":""},"_links":{"self":[{"href":"https:\/\/www.museedelhistoire.ca\/gwichin\/wp-json\/wp\/v2\/pages\/441"}],"collection":[{"href":"https:\/\/www.museedelhistoire.ca\/gwichin\/wp-json\/wp\/v2\/pages"}],"about":[{"href":"https:\/\/www.museedelhistoire.ca\/gwichin\/wp-json\/wp\/v2\/types\/page"}],"author":[{"embeddable":true,"href":"https:\/\/www.museedelhistoire.ca\/gwichin\/wp-json\/wp\/v2\/users\/1"}],"replies":[{"embeddable":true,"href":"https:\/\/www.museedelhistoire.ca\/gwichin\/wp-json\/wp\/v2\/comments?post=441"}],"version-history":[{"count":5,"href":"https:\/\/www.museedelhistoire.ca\/gwichin\/wp-json\/wp\/v2\/pages\/441\/revisions"}],"predecessor-version":[{"id":3309,"href":"https:\/\/www.museedelhistoire.ca\/gwichin\/wp-json\/wp\/v2\/pages\/441\/revisions\/3309"}],"up":[{"embeddable":true,"href":"https:\/\/www.museedelhistoire.ca\/gwichin\/wp-json\/wp\/v2\/pages\/438"}],"wp:featuredmedia":[{"embeddable":true,"href":"https:\/\/www.museedelhistoire.ca\/gwichin\/wp-json\/wp\/v2\/media\/3108"}],"wp:attachment":[{"href":"https:\/\/www.museedelhistoire.ca\/gwichin\/wp-json\/wp\/v2\/media?parent=441"}],"curies":[{"name":"wp","href":"https:\/\/api.w.org\/{rel}","templated":true}]}}