{"id":468,"date":"2012-02-13T01:16:49","date_gmt":"2012-02-13T01:16:49","guid":{"rendered":"https:\/\/www.museedelhistoire.ca\/gwichin\/"},"modified":"2012-04-03T13:46:39","modified_gmt":"2012-04-03T13:46:39","slug":"raquettes","status":"publish","type":"page","link":"https:\/\/www.museedelhistoire.ca\/gwichin\/artefacts\/raquettes\/","title":{"rendered":"Raquettes"},"content":{"rendered":"<div class=\"intro-quote row\">\n\u00ab \u00c0 l\u2019\u00e9poque<em> ts\u2019ii deii<\/em>, les raquettes (<em>eih<\/em>) \u00e9taient le principal moyen de transport dans un territoire qui \u00e9tait couvert de neige pendant huit mois de l\u2019ann\u00e9e. Elles rendaient la chasse possible dans des endroits auxquels un chasseur sans raquettes n\u2019aurait pas pu acc\u00e9der. Elles permettaient aux familles de d\u00e9m\u00e9nager. Parfois, elles \u00e9taient m\u00eame utilis\u00e9es comme pelles \u00e0 neige quand les familles s\u2019installaient dans un nouveau camp. D\u2019autres moyens de transport ont chang\u00e9 : les Gwichya Gwich\u2019ins ont commenc\u00e9 \u00e0 utiliser des attelages de chiens quand les marchands de fourrures sont arriv\u00e9s, les motoneiges ont remplac\u00e9 les attelages de chiens, mais les chasseurs et trappeurs d\u2019aujourd\u2019hui ont autant besoin de raquettes que leurs anc\u00eatres \u00e0 l\u2019\u00e9poque <em>ts\u2019ii deii<\/em>. \u00bb<br \/>\n<span class=\"intro-quote-teller\">\u2014 Michael Heine <em>et al<\/em>., 2007<\/span>\n<\/div>\n<hr\/>\n<div class=\"intro-quote row\">\n\u00ab Le cadre \u00e9tait teint avec de l\u2019ocre rouge <em>(tsaih<\/em>). Traditionnellement, seules les raquettes des femmes \u00e9taient teintes\u2026 quand on prenait de la <em>tsaih<\/em>, il \u00e9tait important de laisser quelque chose d\u2019autre \u00e0 la place. Si on ne faisait pas cela, du mauvais temps, voire une temp\u00eate, pourrait s\u2019ensuivre\u2026 \u00bb<br \/>\n<span class=\"intro-quote-teller\">\u2014 Michael Heine <em>et al<\/em>., 2007<\/span>\n<\/div>\n","protected":false},"excerpt":{"rendered":"<p>\u00ab \u00c0 l\u2019\u00e9poque ts\u2019ii deii, les raquettes (eih) \u00e9taient le principal moyen de transport dans un territoire qui \u00e9tait couvert de neige pendant huit mois de l\u2019ann\u00e9e. Elles rendaient la chasse possible dans des endroits auxquels un chasseur sans raquettes &hellip; <a href=\"https:\/\/www.museedelhistoire.ca\/gwichin\/artefacts\/raquettes\/\">Continue reading <span class=\"meta-nav\">&rarr;<\/span><\/a><\/p>\n","protected":false},"author":1,"featured_media":0,"parent":300,"menu_order":0,"comment_status":"open","ping_status":"closed","template":"artifact.php","meta":{"footnotes":""},"_links":{"self":[{"href":"https:\/\/www.museedelhistoire.ca\/gwichin\/wp-json\/wp\/v2\/pages\/468"}],"collection":[{"href":"https:\/\/www.museedelhistoire.ca\/gwichin\/wp-json\/wp\/v2\/pages"}],"about":[{"href":"https:\/\/www.museedelhistoire.ca\/gwichin\/wp-json\/wp\/v2\/types\/page"}],"author":[{"embeddable":true,"href":"https:\/\/www.museedelhistoire.ca\/gwichin\/wp-json\/wp\/v2\/users\/1"}],"replies":[{"embeddable":true,"href":"https:\/\/www.museedelhistoire.ca\/gwichin\/wp-json\/wp\/v2\/comments?post=468"}],"version-history":[{"count":6,"href":"https:\/\/www.museedelhistoire.ca\/gwichin\/wp-json\/wp\/v2\/pages\/468\/revisions"}],"predecessor-version":[{"id":3363,"href":"https:\/\/www.museedelhistoire.ca\/gwichin\/wp-json\/wp\/v2\/pages\/468\/revisions\/3363"}],"up":[{"embeddable":true,"href":"https:\/\/www.museedelhistoire.ca\/gwichin\/wp-json\/wp\/v2\/pages\/300"}],"wp:attachment":[{"href":"https:\/\/www.museedelhistoire.ca\/gwichin\/wp-json\/wp\/v2\/media?parent=468"}],"curies":[{"name":"wp","href":"https:\/\/api.w.org\/{rel}","templated":true}]}}