{"id":482,"date":"2012-02-13T01:26:34","date_gmt":"2012-02-13T01:26:34","guid":{"rendered":"https:\/\/www.museedelhistoire.ca\/gwichin\/"},"modified":"2012-04-02T18:23:46","modified_gmt":"2012-04-02T18:23:46","slug":"lartefact","status":"publish","type":"page","link":"https:\/\/www.museedelhistoire.ca\/gwichin\/artefacts\/toboggan\/info\/lartefact\/","title":{"rendered":"L\u2019artefact"},"content":{"rendered":"<hr\/>\n<p>\u00ab Toboggan en peau. Fabriqu\u00e9 avec de la peau d\u2019orignal provenant de la partie inf\u00e9rieure des membres. Les poils sont orient\u00e9s dans le m\u00eame sens pour que le toboggan glisse mieux sur la neige. Sur l\u2019avant, deux boucles en cuir [constitu\u00e9es de deux lani\u00e8res de cuir brut tordues ensemble (avec fourrure)]. On y attache une corde tress\u00e9e pour tirer le toboggan. Fabriqu\u00e9 par la famille Tizya dans les ann\u00e9es 1930. Utilis\u00e9 traditionnellement par les trappeurs d\u2019autrefois sur le sentier de trappage, quand une petite charge comprenant des provisions et des choses de premi\u00e8re n\u00e9cessit\u00e9 \u00e9tait jug\u00e9e suffisante. On n\u2019utilisait que la traction humaine avec ce toboggan en peau \u00bb.\n<\/p>\n<p>\n\u2014 Richard Slobodin, 1963\u20131964\n<\/p>\n<hr\/>\n<p>\n\u00ab Les Gwich\u2019ins utilisaient traditionnellement des tra\u00eeneaux en peau de patte de caribou pour transporter leurs affaires quand ils se d\u00e9pla\u00e7aient en hiver. Plus petits que les toboggans, ces tra\u00eeneaux \u00e9taient souvent tir\u00e9s par des personnes, plut\u00f4t que par des chiens. Ils \u00e9taient longs d\u2019environ 2 m, bien que Dorothy Alexie en ait vu un de 4 m tir\u00e9 par des chiens. Tout comme les sacs en peau de patte de caribou, les tra\u00eeneaux en peau de patte de caribou \u00e9taient construits avec la fourrure \u00e0 l\u2019ext\u00e9rieur. Cela les rendait tr\u00e8s glissants sur la glace et la neige. Le corps \u00e9tait compos\u00e9 de peaux de pattes de caribous, et parfois de pattes d\u2019orignaux, cousues ensemble. Les bords \u00e9taient en peau d\u2019orignal tann\u00e9e (<em>dinjik dhoh di\u0300\u2019 nadhi\u2019ee<\/em>). Les lani\u00e8res sur le bord du tra\u00eeneau (<em>vit\u0142\u2019yaa<\/em>) et celle qui retenait les sacs (<em>khah deet\u0142\u2019ya\u0300a<\/em>) \u00e9taient en peau de caribou brute nettoy\u00e9e (<em>aajii<\/em>). La corde sur l\u2019enveloppe du tra\u00eeneau \u00e9tait en babiche tress\u00e9e (<em>t\u0142\u2019yah ni\u0300lt\u0142\u2019yaa<\/em>). On transportait des casseroles et d\u2019autres choses sur ces tra\u00eeneaux, et parfois des personnes. Quand les tra\u00eeneaux \u00e9taient vides, les enfants aimaient les utiliser pour glisser, mais les parents les dissuadaient de le faire parce que cela fait tomber les poils plus vite\u2026 \u00bb\n<\/p>\n<p>\u2014 A\u00een\u00e9s gwich\u2019ins de Fort McPherson, 2007<\/p>\n","protected":false},"excerpt":{"rendered":"<p>\u00ab Toboggan en peau. Fabriqu\u00e9 avec de la peau d\u2019orignal provenant de la partie inf\u00e9rieure des membres. Les poils sont orient\u00e9s dans le m\u00eame sens pour que le toboggan glisse mieux sur la neige. Sur l\u2019avant, deux boucles en cuir &hellip; <a href=\"https:\/\/www.museedelhistoire.ca\/gwichin\/artefacts\/toboggan\/info\/lartefact\/\">Continue reading <span class=\"meta-nav\">&rarr;<\/span><\/a><\/p>\n","protected":false},"author":1,"featured_media":3131,"parent":479,"menu_order":1,"comment_status":"open","ping_status":"open","template":"artifact-detail.php","meta":{"footnotes":""},"_links":{"self":[{"href":"https:\/\/www.museedelhistoire.ca\/gwichin\/wp-json\/wp\/v2\/pages\/482"}],"collection":[{"href":"https:\/\/www.museedelhistoire.ca\/gwichin\/wp-json\/wp\/v2\/pages"}],"about":[{"href":"https:\/\/www.museedelhistoire.ca\/gwichin\/wp-json\/wp\/v2\/types\/page"}],"author":[{"embeddable":true,"href":"https:\/\/www.museedelhistoire.ca\/gwichin\/wp-json\/wp\/v2\/users\/1"}],"replies":[{"embeddable":true,"href":"https:\/\/www.museedelhistoire.ca\/gwichin\/wp-json\/wp\/v2\/comments?post=482"}],"version-history":[{"count":6,"href":"https:\/\/www.museedelhistoire.ca\/gwichin\/wp-json\/wp\/v2\/pages\/482\/revisions"}],"predecessor-version":[{"id":3314,"href":"https:\/\/www.museedelhistoire.ca\/gwichin\/wp-json\/wp\/v2\/pages\/482\/revisions\/3314"}],"up":[{"embeddable":true,"href":"https:\/\/www.museedelhistoire.ca\/gwichin\/wp-json\/wp\/v2\/pages\/479"}],"wp:featuredmedia":[{"embeddable":true,"href":"https:\/\/www.museedelhistoire.ca\/gwichin\/wp-json\/wp\/v2\/media\/3131"}],"wp:attachment":[{"href":"https:\/\/www.museedelhistoire.ca\/gwichin\/wp-json\/wp\/v2\/media?parent=482"}],"curies":[{"name":"wp","href":"https:\/\/api.w.org\/{rel}","templated":true}]}}