{"id":484,"date":"2012-02-13T01:26:51","date_gmt":"2012-02-13T01:26:51","guid":{"rendered":"https:\/\/www.museedelhistoire.ca\/gwichin\/?page_id=484"},"modified":"2012-03-27T14:19:08","modified_gmt":"2012-03-27T14:19:08","slug":"le-chercheur","status":"publish","type":"page","link":"https:\/\/www.museedelhistoire.ca\/gwichin\/artefacts\/toboggan\/info\/le-chercheur\/","title":{"rendered":"Le chercheur"},"content":{"rendered":"<p>Anthropologue et cin\u00e9aste, Asen Balikci a travaill\u00e9 au Mus\u00e9e national du Canada (actuellement le Mus\u00e9e canadien des civilisations) de 1954 \u00e0 1961. En 1961, il a effectu\u00e9 des recherches sur le terrain chez les Vuntut Gwitchins.<\/p>\n","protected":false},"excerpt":{"rendered":"<p>Anthropologue et cin\u00e9aste, Asen Balikci a travaill\u00e9 au Mus\u00e9e national du Canada (actuellement le Mus\u00e9e canadien des civilisations) de 1954 \u00e0 1961. En 1961, il a effectu\u00e9 des recherches sur le terrain chez les Vuntut Gwitchins.<\/p>\n","protected":false},"author":1,"featured_media":0,"parent":479,"menu_order":2,"comment_status":"open","ping_status":"open","template":"artifact-detail.php","meta":{"footnotes":""},"_links":{"self":[{"href":"https:\/\/www.museedelhistoire.ca\/gwichin\/wp-json\/wp\/v2\/pages\/484"}],"collection":[{"href":"https:\/\/www.museedelhistoire.ca\/gwichin\/wp-json\/wp\/v2\/pages"}],"about":[{"href":"https:\/\/www.museedelhistoire.ca\/gwichin\/wp-json\/wp\/v2\/types\/page"}],"author":[{"embeddable":true,"href":"https:\/\/www.museedelhistoire.ca\/gwichin\/wp-json\/wp\/v2\/users\/1"}],"replies":[{"embeddable":true,"href":"https:\/\/www.museedelhistoire.ca\/gwichin\/wp-json\/wp\/v2\/comments?post=484"}],"version-history":[{"count":1,"href":"https:\/\/www.museedelhistoire.ca\/gwichin\/wp-json\/wp\/v2\/pages\/484\/revisions"}],"predecessor-version":[{"id":2777,"href":"https:\/\/www.museedelhistoire.ca\/gwichin\/wp-json\/wp\/v2\/pages\/484\/revisions\/2777"}],"up":[{"embeddable":true,"href":"https:\/\/www.museedelhistoire.ca\/gwichin\/wp-json\/wp\/v2\/pages\/479"}],"wp:attachment":[{"href":"https:\/\/www.museedelhistoire.ca\/gwichin\/wp-json\/wp\/v2\/media?parent=484"}],"curies":[{"name":"wp","href":"https:\/\/api.w.org\/{rel}","templated":true}]}}