{"id":486,"date":"2012-02-13T02:12:59","date_gmt":"2012-02-13T02:12:59","guid":{"rendered":"https:\/\/www.museedelhistoire.ca\/gwichin\/"},"modified":"2012-04-05T17:37:53","modified_gmt":"2012-04-05T17:37:53","slug":"filet-decorce-de-saule","status":"publish","type":"page","link":"https:\/\/www.museedelhistoire.ca\/gwichin\/artefacts\/filet-decorce-de-saule\/","title":{"rendered":"Filet d\u2019\u00e9corce de saule"},"content":{"rendered":"<div class=\"intro-quote row\"><img loading=\"lazy\" decoding=\"async\" class=\"alignnone size-thumbnail wp-image-1850\" src=\"https:\/\/www.museedelhistoire.ca\/gwichin\/files\/2012\/03\/Lucy_Vaneltsi-80x80.jpg\" alt=\"\" width=\"80\" height=\"80\" \/>\u00ab Avant l\u2019arriv\u00e9e des blancs dans ce pays, on fabriquait des filets de p\u00eache avec de l\u2019\u00e9corce de saule\u2026 La seule chose, c\u2019est qu\u2019il fallait les garder dans l\u2019eau tout le temps, tremp\u00e9s. Ils \u00e9taient bien plus r\u00e9sistants que les filets de nylon utilis\u00e9s aujourd\u2019hui. \u00bb<br \/>\n<span class=\"intro-quote-teller\">\u2014 <a href=\"\/gwichin\/conteurs\/lucy-vaneltsi-njootli\/\">Lucy Vaneltsi<\/a>, A\u00een\u00e9e teet\u0142\u2019it gwich\u2019ine, ann\u00e9es 1970<\/span><\/div>\n","protected":false},"excerpt":{"rendered":"<p>\u00ab Avant l\u2019arriv\u00e9e des blancs dans ce pays, on fabriquait des filets de p\u00eache avec de l\u2019\u00e9corce de saule\u2026 La seule chose, c\u2019est qu\u2019il fallait les garder dans l\u2019eau tout le temps, tremp\u00e9s. Ils \u00e9taient bien plus r\u00e9sistants que les &hellip; <a href=\"https:\/\/www.museedelhistoire.ca\/gwichin\/artefacts\/filet-decorce-de-saule\/\">Continue reading <span class=\"meta-nav\">&rarr;<\/span><\/a><\/p>\n","protected":false},"author":1,"featured_media":0,"parent":300,"menu_order":0,"comment_status":"open","ping_status":"open","template":"artifact.php","meta":{"footnotes":""},"_links":{"self":[{"href":"https:\/\/www.museedelhistoire.ca\/gwichin\/wp-json\/wp\/v2\/pages\/486"}],"collection":[{"href":"https:\/\/www.museedelhistoire.ca\/gwichin\/wp-json\/wp\/v2\/pages"}],"about":[{"href":"https:\/\/www.museedelhistoire.ca\/gwichin\/wp-json\/wp\/v2\/types\/page"}],"author":[{"embeddable":true,"href":"https:\/\/www.museedelhistoire.ca\/gwichin\/wp-json\/wp\/v2\/users\/1"}],"replies":[{"embeddable":true,"href":"https:\/\/www.museedelhistoire.ca\/gwichin\/wp-json\/wp\/v2\/comments?post=486"}],"version-history":[{"count":5,"href":"https:\/\/www.museedelhistoire.ca\/gwichin\/wp-json\/wp\/v2\/pages\/486\/revisions"}],"predecessor-version":[{"id":3421,"href":"https:\/\/www.museedelhistoire.ca\/gwichin\/wp-json\/wp\/v2\/pages\/486\/revisions\/3421"}],"up":[{"embeddable":true,"href":"https:\/\/www.museedelhistoire.ca\/gwichin\/wp-json\/wp\/v2\/pages\/300"}],"wp:attachment":[{"href":"https:\/\/www.museedelhistoire.ca\/gwichin\/wp-json\/wp\/v2\/media?parent=486"}],"curies":[{"name":"wp","href":"https:\/\/api.w.org\/{rel}","templated":true}]}}