{"id":491,"date":"2012-02-13T02:15:51","date_gmt":"2012-02-13T02:15:51","guid":{"rendered":"https:\/\/www.museedelhistoire.ca\/gwichin\/"},"modified":"2012-04-03T17:21:55","modified_gmt":"2012-04-03T17:21:55","slug":"lartefact","status":"publish","type":"page","link":"https:\/\/www.museedelhistoire.ca\/gwichin\/artefacts\/filet-decorce-de-saule\/info\/lartefact\/","title":{"rendered":"L\u2019artefact"},"content":{"rendered":"<hr>\n<p>\u00ab Autrefois, on utilisait l\u2019\u00e9corce interne du saule pour fabriquer des filets de p\u00eache. La pr\u00e9paration de ce cordage \u00e9tait un processus fastidieux, et il fallait faire une bonne partie du travail les mains dans l\u2019eau pour que la fibre reste humide et souple. L\u2019\u00e9corce recueillie l\u2019\u00e9t\u00e9 \u00e9tait la meilleure pour ce genre de travail. On roulait les fils sur la hanche nue, and les experts pouvaient les rendre tr\u00e8s longs. La fibre recueillie trop tard dans la saison \u00e9tait cassante. Les filets duraient un an sans probl\u00e8me, parfois plus. \u00bb<\/p>\n<p>\u2014 Douglas Leechman, 1954<\/p>\n<hr\/>\n<p>\u00ab On p\u00eache dans les criques et les petites rivi\u00e8res. On utilise des filets et des lances pour prendre les poissons. Pour fabriquer un filet, il faut recueillir beaucoup d\u2019\u00e9corce de saule. L\u2019\u00e9corce est d\u00e9tach\u00e9e du saule soigneusement, coup\u00e9e en longues lani\u00e8res, puis mise dans de l\u2019eau bouillante. On la laisse dans l\u2019eau pendant un bout de temps, puis on la retire et la tord. On tord et retord l\u2019\u00e9corce, puis on la joint \u00e0 un autre morceau d\u2019\u00e9corce. La petite corde qui en r\u00e9sulte est r\u00e9sistante. Quand on a un nombre suffisant de petites cordes, on les lie ensemble pour fabriquer le filet. \u00bb<\/p>\n<p>\u2014 <a href=\"\/gwichin\/conteurs\/paul-bonnetplume\/\">Paul Bonnetplume<\/a>, A\u00een\u00e9 teet\u0142\u2019it gwich\u2019in, 1974 (\u00ab Hunting and Fishing in the Fall \u00bb)<\/p>\n","protected":false},"excerpt":{"rendered":"<p>\u00ab Autrefois, on utilisait l\u2019\u00e9corce interne du saule pour fabriquer des filets de p\u00eache. La pr\u00e9paration de ce cordage \u00e9tait un processus fastidieux, et il fallait faire une bonne partie du travail les mains dans l\u2019eau pour que la fibre &hellip; <a href=\"https:\/\/www.museedelhistoire.ca\/gwichin\/artefacts\/filet-decorce-de-saule\/info\/lartefact\/\">Continue reading <span class=\"meta-nav\">&rarr;<\/span><\/a><\/p>\n","protected":false},"author":1,"featured_media":3129,"parent":489,"menu_order":1,"comment_status":"open","ping_status":"open","template":"artifact-detail.php","meta":{"footnotes":""},"_links":{"self":[{"href":"https:\/\/www.museedelhistoire.ca\/gwichin\/wp-json\/wp\/v2\/pages\/491"}],"collection":[{"href":"https:\/\/www.museedelhistoire.ca\/gwichin\/wp-json\/wp\/v2\/pages"}],"about":[{"href":"https:\/\/www.museedelhistoire.ca\/gwichin\/wp-json\/wp\/v2\/types\/page"}],"author":[{"embeddable":true,"href":"https:\/\/www.museedelhistoire.ca\/gwichin\/wp-json\/wp\/v2\/users\/1"}],"replies":[{"embeddable":true,"href":"https:\/\/www.museedelhistoire.ca\/gwichin\/wp-json\/wp\/v2\/comments?post=491"}],"version-history":[{"count":6,"href":"https:\/\/www.museedelhistoire.ca\/gwichin\/wp-json\/wp\/v2\/pages\/491\/revisions"}],"predecessor-version":[{"id":3370,"href":"https:\/\/www.museedelhistoire.ca\/gwichin\/wp-json\/wp\/v2\/pages\/491\/revisions\/3370"}],"up":[{"embeddable":true,"href":"https:\/\/www.museedelhistoire.ca\/gwichin\/wp-json\/wp\/v2\/pages\/489"}],"wp:featuredmedia":[{"embeddable":true,"href":"https:\/\/www.museedelhistoire.ca\/gwichin\/wp-json\/wp\/v2\/media\/3129"}],"wp:attachment":[{"href":"https:\/\/www.museedelhistoire.ca\/gwichin\/wp-json\/wp\/v2\/media?parent=491"}],"curies":[{"name":"wp","href":"https:\/\/api.w.org\/{rel}","templated":true}]}}