{"id":493,"date":"2012-02-13T02:16:03","date_gmt":"2012-02-13T02:16:03","guid":{"rendered":"https:\/\/www.museedelhistoire.ca\/gwichin\/?page_id=493"},"modified":"2012-04-03T17:44:22","modified_gmt":"2012-04-03T17:44:22","slug":"le-chercheur","status":"publish","type":"page","link":"https:\/\/www.museedelhistoire.ca\/gwichin\/artefacts\/filet-decorce-de-saule\/info\/le-chercheur\/","title":{"rendered":"Le chercheur"},"content":{"rendered":"<p>G\u00e9ologue au sein de la Commission g\u00e9ologique du Canada, Richard McConnell a explor\u00e9 le nord de la Colombie-Britannique, le Yukon et la r\u00e9gion du fleuve Mackenzie en 1887-1888. Lorsqu\u2019il a descendu le Mackenzie, il a pass\u00e9 une journ\u00e9e \u00e0 Fort Good Hope (le 17 juin 1888).<\/p>\n<p><a href=\"\/gwichin\/artefacts\/filet-decorce-de-saule\/images\/?type=related&amp;id=1135\"> Richard McConnell<\/a><\/p>\n","protected":false},"excerpt":{"rendered":"<p>G\u00e9ologue au sein de la Commission g\u00e9ologique du Canada, Richard McConnell a explor\u00e9 le nord de la Colombie-Britannique, le Yukon et la r\u00e9gion du fleuve Mackenzie en 1887-1888. Lorsqu\u2019il a descendu le Mackenzie, il a pass\u00e9 une journ\u00e9e \u00e0 Fort &hellip; <a href=\"https:\/\/www.museedelhistoire.ca\/gwichin\/artefacts\/filet-decorce-de-saule\/info\/le-chercheur\/\">Continue reading <span class=\"meta-nav\">&rarr;<\/span><\/a><\/p>\n","protected":false},"author":1,"featured_media":0,"parent":489,"menu_order":2,"comment_status":"open","ping_status":"open","template":"artifact-detail.php","meta":{"footnotes":""},"_links":{"self":[{"href":"https:\/\/www.museedelhistoire.ca\/gwichin\/wp-json\/wp\/v2\/pages\/493"}],"collection":[{"href":"https:\/\/www.museedelhistoire.ca\/gwichin\/wp-json\/wp\/v2\/pages"}],"about":[{"href":"https:\/\/www.museedelhistoire.ca\/gwichin\/wp-json\/wp\/v2\/types\/page"}],"author":[{"embeddable":true,"href":"https:\/\/www.museedelhistoire.ca\/gwichin\/wp-json\/wp\/v2\/users\/1"}],"replies":[{"embeddable":true,"href":"https:\/\/www.museedelhistoire.ca\/gwichin\/wp-json\/wp\/v2\/comments?post=493"}],"version-history":[{"count":2,"href":"https:\/\/www.museedelhistoire.ca\/gwichin\/wp-json\/wp\/v2\/pages\/493\/revisions"}],"predecessor-version":[{"id":3386,"href":"https:\/\/www.museedelhistoire.ca\/gwichin\/wp-json\/wp\/v2\/pages\/493\/revisions\/3386"}],"up":[{"embeddable":true,"href":"https:\/\/www.museedelhistoire.ca\/gwichin\/wp-json\/wp\/v2\/pages\/489"}],"wp:attachment":[{"href":"https:\/\/www.museedelhistoire.ca\/gwichin\/wp-json\/wp\/v2\/media?parent=493"}],"curies":[{"name":"wp","href":"https:\/\/api.w.org\/{rel}","templated":true}]}}