{"id":495,"date":"2012-02-13T02:17:17","date_gmt":"2012-02-13T02:17:17","guid":{"rendered":"https:\/\/www.museedelhistoire.ca\/gwichin\/?page_id=495"},"modified":"2012-04-04T18:35:43","modified_gmt":"2012-04-04T18:35:43","slug":"histoire-orale","status":"publish","type":"page","link":"https:\/\/www.museedelhistoire.ca\/gwichin\/artefacts\/filet-decorce-de-saule\/info\/histoire-orale\/","title":{"rendered":"Histoire orale"},"content":{"rendered":"<ol>\n<li>\n<p>\u00ab Quand il n\u2019y avait pas de ficelle, on utilisait de la <em>k\u2019aiineech\u2019uu<\/em> [\u00e9corce de saule] au printemps, quand les saules sont verts et frais. On pouvait l\u2019utiliser une seule fois. \u00bb<\/p>\n<p>\u2014 <a href=\"\/gwichin\/conteurs\/charlie-peter-charlie\/\">Charlie Peter Charlie<\/a>, A\u00een\u00e9 vuntut gwitchin, 2001<\/p>\n<p>(Vuntut Gwitchin First Nation Collection VG2001-13-09:123)<\/p>\n<\/li>\n<hr\/>\n<li>\n<p>\u00ab Petit-enfant, [pour obtenir quelque chose \u00e0 manger, comme du poisson], o\u00f9 qu\u2019on soit, m\u00eame si c\u2019\u00e9tait loin, quand les gens n\u2019avaient rien \u00e0 manger, on disait que les gens se rendaient \u00e0 la plaine Crow. L\u00e0 o\u00f9 il y a des criques pr\u00e8s des lacs. L\u2019\u00e9corce de saule, \u00e0 cette \u00e9poque, il n\u2019y avait pas de filets de p\u00eache. Ils d\u00e9tachaient l\u2019\u00e9corce du saule et en faisaient de grands filets de p\u00eache. Ils les installaient dans les criques. Avec \u00e7a, ils prenaient beaucoup de poissons, et on disait que les gens mangeaient vraiment bien. \u00bb<\/p>\n<p>\u2014 <a href=\"\/gwichin\/conteurs\/sarah-abel\/\">Sarah Abel<\/a>, A\u00een\u00e9e vuntut gwitchine, 2001<\/p>\n<p>(Vuntut Gwitchin First Nation Collection VG2001-04-05:340)<\/p>\n<\/li>\n<\/ol>\n","protected":false},"excerpt":{"rendered":"<p>\u00ab Quand il n\u2019y avait pas de ficelle, on utilisait de la k\u2019aiineech\u2019uu [\u00e9corce de saule] au printemps, quand les saules sont verts et frais. On pouvait l\u2019utiliser une seule fois. \u00bb \u2014 Charlie Peter Charlie, A\u00een\u00e9 vuntut gwitchin, 2001 &hellip; <a href=\"https:\/\/www.museedelhistoire.ca\/gwichin\/artefacts\/filet-decorce-de-saule\/info\/histoire-orale\/\">Continue reading <span class=\"meta-nav\">&rarr;<\/span><\/a><\/p>\n","protected":false},"author":1,"featured_media":0,"parent":489,"menu_order":3,"comment_status":"open","ping_status":"open","template":"artifact-detail.php","meta":{"footnotes":""},"_links":{"self":[{"href":"https:\/\/www.museedelhistoire.ca\/gwichin\/wp-json\/wp\/v2\/pages\/495"}],"collection":[{"href":"https:\/\/www.museedelhistoire.ca\/gwichin\/wp-json\/wp\/v2\/pages"}],"about":[{"href":"https:\/\/www.museedelhistoire.ca\/gwichin\/wp-json\/wp\/v2\/types\/page"}],"author":[{"embeddable":true,"href":"https:\/\/www.museedelhistoire.ca\/gwichin\/wp-json\/wp\/v2\/users\/1"}],"replies":[{"embeddable":true,"href":"https:\/\/www.museedelhistoire.ca\/gwichin\/wp-json\/wp\/v2\/comments?post=495"}],"version-history":[{"count":6,"href":"https:\/\/www.museedelhistoire.ca\/gwichin\/wp-json\/wp\/v2\/pages\/495\/revisions"}],"predecessor-version":[{"id":3408,"href":"https:\/\/www.museedelhistoire.ca\/gwichin\/wp-json\/wp\/v2\/pages\/495\/revisions\/3408"}],"up":[{"embeddable":true,"href":"https:\/\/www.museedelhistoire.ca\/gwichin\/wp-json\/wp\/v2\/pages\/489"}],"wp:attachment":[{"href":"https:\/\/www.museedelhistoire.ca\/gwichin\/wp-json\/wp\/v2\/media?parent=495"}],"curies":[{"name":"wp","href":"https:\/\/api.w.org\/{rel}","templated":true}]}}