{"id":77,"date":"2012-02-08T10:18:30","date_gmt":"2012-02-08T10:18:30","guid":{"rendered":"http:\/\/clients.xhtmlchop.com\/bloggwichin\/7gm4df81pmgwichin\/?page_id=77"},"modified":"2012-04-03T17:58:08","modified_gmt":"2012-04-03T17:58:08","slug":"bella-martin-alexie","status":"publish","type":"page","link":"https:\/\/www.museedelhistoire.ca\/gwichin\/conteurs\/bella-martin-alexie\/","title":{"rendered":"Bella (Martin) Alexie"},"content":{"rendered":"<p>Bella (Martin) Alexie est n\u00e9e le 27 novembre 1892 pr\u00e8s de Fort McPherson (Territoires du Nord-Ouest). Elle \u00e9tait la fille de Martin et de Jane. Puisque ces parents n\u2019avaient pas de noms de famille anglais, Bella utilisait le nom Martin. Quand elle \u00e9tait tr\u00e8s jeune, sa m\u00e8re est d\u00e9c\u00e9d\u00e9e, laissant trois filles et trois fils. Apr\u00e8s la mort de sa m\u00e8re, l\u2019a\u00een\u00e9e, Annie, s\u2019est occup\u00e9e de la famille.<\/p>\n<p>\nLe premier \u00e9poux de Bella fut John Andrew, dont le nom de famille gwich\u2019in \u00e9tait Deyah. Ils vivaient dans les environs de Blackstone, au Yukon, et ont eu quatre enfants. Ils ont \u00e9galement \u00e9lev\u00e9 le neveu de John. Apr\u00e8s le d\u00e9c\u00e8s de John, Bella a \u00e9pous\u00e9 Abraham Alexie, lui-m\u00eame veuf, le 26 d\u00e9cembre 1923. Ils ont v\u00e9cu heureux jusqu\u2019\u00e0 la mort d\u2019Abraham en 1976. Ils ont \u00e9lev\u00e9 non seulement leurs huit enfants, mais aussi les deux filles d\u2019Abraham n\u00e9es de son premier mariage et son neveu.\n<\/p>\n<p>\nBella (Martin) Alexie est d\u00e9c\u00e9d\u00e9e le 19 mars 1995. Heureusement, certaines des histoires qu\u2019elle racontait sont pr\u00e9serv\u00e9es dans la Collection COPE aux Archives des Territoires du Nord-Ouest, qui sont situ\u00e9es au Prince of Wales Northern Heritage Centre \u00e0 Yellowknife.\n<\/p>\n<p><strong>Source :<\/strong> Adapt\u00e9 de \u00ab Gwitch\u2019in Elders \u00bb, 1986<\/p>\n<p><\/p>\n<hr\/>\n<p><a class=\"btn\" href=\"https:\/\/www.museedelhistoire.ca\/gwichin\/artefacts\/ensemble-dete-pour-homme\/info\/histoire-orale\/\">Histoire orale<\/a><\/p>\n","protected":false},"excerpt":{"rendered":"<p>Bella (Martin) Alexie est n\u00e9e le 27 novembre 1892 pr\u00e8s de Fort McPherson (Territoires du Nord-Ouest). Elle \u00e9tait la fille de Martin et de Jane. Puisque ces parents n\u2019avaient pas de noms de famille anglais, Bella utilisait le nom Martin. &hellip; <a href=\"https:\/\/www.museedelhistoire.ca\/gwichin\/conteurs\/bella-martin-alexie\/\">Continue reading <span class=\"meta-nav\">&rarr;<\/span><\/a><\/p>\n","protected":false},"author":1,"featured_media":3159,"parent":2685,"menu_order":0,"comment_status":"open","ping_status":"open","template":"storyteller.php","meta":{"footnotes":""},"_links":{"self":[{"href":"https:\/\/www.museedelhistoire.ca\/gwichin\/wp-json\/wp\/v2\/pages\/77"}],"collection":[{"href":"https:\/\/www.museedelhistoire.ca\/gwichin\/wp-json\/wp\/v2\/pages"}],"about":[{"href":"https:\/\/www.museedelhistoire.ca\/gwichin\/wp-json\/wp\/v2\/types\/page"}],"author":[{"embeddable":true,"href":"https:\/\/www.museedelhistoire.ca\/gwichin\/wp-json\/wp\/v2\/users\/1"}],"replies":[{"embeddable":true,"href":"https:\/\/www.museedelhistoire.ca\/gwichin\/wp-json\/wp\/v2\/comments?post=77"}],"version-history":[{"count":5,"href":"https:\/\/www.museedelhistoire.ca\/gwichin\/wp-json\/wp\/v2\/pages\/77\/revisions"}],"predecessor-version":[{"id":3387,"href":"https:\/\/www.museedelhistoire.ca\/gwichin\/wp-json\/wp\/v2\/pages\/77\/revisions\/3387"}],"up":[{"embeddable":true,"href":"https:\/\/www.museedelhistoire.ca\/gwichin\/wp-json\/wp\/v2\/pages\/2685"}],"wp:featuredmedia":[{"embeddable":true,"href":"https:\/\/www.museedelhistoire.ca\/gwichin\/wp-json\/wp\/v2\/media\/3159"}],"wp:attachment":[{"href":"https:\/\/www.museedelhistoire.ca\/gwichin\/wp-json\/wp\/v2\/media?parent=77"}],"curies":[{"name":"wp","href":"https:\/\/api.w.org\/{rel}","templated":true}]}}