{"id":33,"date":"2015-03-23T12:20:45","date_gmt":"2015-03-23T16:20:45","guid":{"rendered":"https:\/\/www.museedelhistoire.ca\/harbinson\/?page_id=33"},"modified":"2015-05-06T09:21:13","modified_gmt":"2015-05-06T13:21:13","slug":"credits","status":"publish","type":"page","link":"https:\/\/www.museedelhistoire.ca\/harbinson\/credits\/","title":{"rendered":"Cr\u00e9dits"},"content":{"rendered":"<p><span class='creditText2'>C<\/span><span class='creditText'>ette exposition en ligne a \u00e9t\u00e9 d\u00e9velopp\u00e9e par le Mus\u00e9e canadien de l\u2019histoire gr\u00e2ce \u00e0 la g\u00e9n\u00e9reuse contribution de John et Heather Harbinson.<\/span><br \/>\n&nbsp;<\/p>\n<p><a href=\"https:\/\/www.museedelhistoire.ca\/harbinson\/wp-content\/mcme-uploads\/2015\/04\/Heather-and-John-Harbinson-web.jpg\"><img loading=\"lazy\" decoding=\"async\" class=\"alignnone size-large wp-image-812\" alt=\"Heather and John Harbinson\" src=\"https:\/\/www.museedelhistoire.ca\/harbinson\/wp-content\/mcme-uploads\/2015\/04\/Heather-and-John-Harbinson-web-1024x756.jpg\" width=\"1024\" height=\"756\" srcset=\"https:\/\/www.museedelhistoire.ca\/harbinson\/wp-content\/mcme-uploads\/2015\/04\/Heather-and-John-Harbinson-web-1024x756.jpg 1024w, https:\/\/www.museedelhistoire.ca\/harbinson\/wp-content\/mcme-uploads\/2015\/04\/Heather-and-John-Harbinson-web-300x221.jpg 300w, https:\/\/www.museedelhistoire.ca\/harbinson\/wp-content\/mcme-uploads\/2015\/04\/Heather-and-John-Harbinson-web-960x708.jpg 960w, https:\/\/www.museedelhistoire.ca\/harbinson\/wp-content\/mcme-uploads\/2015\/04\/Heather-and-John-Harbinson-web-62x45.jpg 62w, https:\/\/www.museedelhistoire.ca\/harbinson\/wp-content\/mcme-uploads\/2015\/04\/Heather-and-John-Harbinson-web-106x78.jpg 106w, https:\/\/www.museedelhistoire.ca\/harbinson\/wp-content\/mcme-uploads\/2015\/04\/Heather-and-John-Harbinson-web-490x361.jpg 490w, https:\/\/www.museedelhistoire.ca\/harbinson\/wp-content\/mcme-uploads\/2015\/04\/Heather-and-John-Harbinson-web-740x546.jpg 740w, https:\/\/www.museedelhistoire.ca\/harbinson\/wp-content\/mcme-uploads\/2015\/04\/Heather-and-John-Harbinson-web-195x143.jpg 195w, https:\/\/www.museedelhistoire.ca\/harbinson\/wp-content\/mcme-uploads\/2015\/04\/Heather-and-John-Harbinson-web-132x97.jpg 132w, https:\/\/www.museedelhistoire.ca\/harbinson\/wp-content\/mcme-uploads\/2015\/04\/Heather-and-John-Harbinson-web-812x600.jpg 812w\" sizes=\"(max-width: 1024px) 100vw, 1024px\" \/><\/a><\/p>\n<h4 style=\"text-align: center\">Heather et John Harbinson<\/h4>\n<p>&nbsp;<\/p>\n<h4>Nous remercions tout particuli\u00e8rement :<\/h4>\n<p>James Chambers<br \/>\nJohn Fleming<\/p>\n<p>Marquis C\u00f4t\u00e9, Alan Elder, Danielle Goyer et Nathalie Rheault, Mus\u00e9e canadien de l\u2019histoire<\/p>\n","protected":false},"excerpt":{"rendered":"<p>Cette exposition en ligne a \u00e9t\u00e9 d\u00e9velopp\u00e9e par le Mus\u00e9e canadien de l\u2019histoire gr\u00e2ce \u00e0 la g\u00e9n\u00e9reuse contribution de John et Heather Harbinson. &nbsp; Heather et John Harbinson &nbsp; Nous remercions tout particuli\u00e8rement : James Chambers John Fleming Marquis C\u00f4t\u00e9, Alan Elder, Danielle Goyer et Nathalie Rheault, Mus\u00e9e canadien de l\u2019histoire<\/p>\n","protected":false},"author":1,"featured_media":38,"parent":0,"menu_order":0,"comment_status":"open","ping_status":"open","template":"","meta":{"footnotes":""},"_links":{"self":[{"href":"https:\/\/www.museedelhistoire.ca\/harbinson\/wp-json\/wp\/v2\/pages\/33"}],"collection":[{"href":"https:\/\/www.museedelhistoire.ca\/harbinson\/wp-json\/wp\/v2\/pages"}],"about":[{"href":"https:\/\/www.museedelhistoire.ca\/harbinson\/wp-json\/wp\/v2\/types\/page"}],"author":[{"embeddable":true,"href":"https:\/\/www.museedelhistoire.ca\/harbinson\/wp-json\/wp\/v2\/users\/1"}],"replies":[{"embeddable":true,"href":"https:\/\/www.museedelhistoire.ca\/harbinson\/wp-json\/wp\/v2\/comments?post=33"}],"version-history":[{"count":5,"href":"https:\/\/www.museedelhistoire.ca\/harbinson\/wp-json\/wp\/v2\/pages\/33\/revisions"}],"predecessor-version":[{"id":1121,"href":"https:\/\/www.museedelhistoire.ca\/harbinson\/wp-json\/wp\/v2\/pages\/33\/revisions\/1121"}],"wp:featuredmedia":[{"embeddable":true,"href":"https:\/\/www.museedelhistoire.ca\/harbinson\/wp-json\/wp\/v2\/media\/38"}],"wp:attachment":[{"href":"https:\/\/www.museedelhistoire.ca\/harbinson\/wp-json\/wp\/v2\/media?parent=33"}],"curies":[{"name":"wp","href":"https:\/\/api.w.org\/{rel}","templated":true}]}}