{"id":52,"date":"2015-03-23T12:28:49","date_gmt":"2015-03-23T16:28:49","guid":{"rendered":"https:\/\/www.museedelhistoire.ca\/harbinson\/?page_id=52"},"modified":"2015-05-13T14:55:59","modified_gmt":"2015-05-13T18:55:59","slug":"bibliographie","status":"publish","type":"page","link":"https:\/\/www.museedelhistoire.ca\/harbinson\/informations-additionnelles\/bibliographie\/","title":{"rendered":"Bibliographie"},"content":{"rendered":"<h2>R\u00e9f\u00e9rences en fran\u00e7ais<\/h2>\n<p>Blanchette, Jean-Fran\u00e7ois, <em>Du coq \u00e0 l\u2019\u00e2me : L\u2019art populaire au Qu\u00e9bec<\/em>, Gatineau, Mus\u00e9e canadien de l\u2019histoire et Ottawa, Presses de l\u2019Universit\u00e9 d\u2019Ottawa, 2014.<\/p>\n<p>Burnham, Dorothy K., <em>L\u2019art des \u00e9toffes : Le filage et le tissage traditionnels au Canada<\/em>, Ottawa, Galerie nationale du Canada, Mus\u00e9es nationaux du Canada, 1981.<\/p>\n<p>Fleming, John, <em>Les meubles peints du Canada fran\u00e7ais 1700-1840<\/em>, Camden East, Camden House et Hull, Mus\u00e9e canadien des civilisations, 1994.<\/p>\n<p>Gen\u00eat, Nicole, Louise D\u00e9carie-Audet et Luce Vermette, <em>Les objets familiers de nos anc\u00eatres, <\/em>Montr\u00e9al, \u00c9ditions de l\u2019Homme, 1974.<\/p>\n<p>Hardy, Jean-Pierre, <em>La vie quotidienne dans la vall\u00e9e du Saint-Laurent 1790-1835<\/em>, Sillery, Septentrion, 2001.<\/p>\n<p>Leahy, George W., <em>L\u2019ornementation dans la maison qu\u00e9b\u00e9coise aux XVII<sup>e<\/sup> et XVIII<sup>e<\/sup> si\u00e8cles<\/em>, Sillery, Septentrion, 1994.<\/p>\n<p>Lessard, Michel, <em>Meubles anciens du Qu\u00e9bec<\/em>, Montr\u00e9al, \u00c9ditions de l\u2019Homme, 1999.<\/p>\n<p>Lessard, Michel et Huguette Marquis, <em>Encyclop\u00e9die des antiquit\u00e9s du Qu\u00e9bec<\/em>, Montr\u00e9al, \u00c9ditions de l\u2019Homme, 1971.<\/p>\n<p>Palardy, Jean, <em>Les meubles anciens du Canada fran\u00e7ais<\/em>, Paris, Arts et M\u00e9tiers graphiques, 1963.<\/p>\n<p>Simard, Jean, <em>Les arts sacr\u00e9s au Qu\u00e9bec<\/em>, Ottawa, \u00c9ditions de Mortagne, 1989.<\/p>\n<p>Villeneuve, Ren\u00e9, <em>Du baroque au n\u00e9oclassicisme : La sculpture au Qu\u00e9bec<\/em>, Ottawa, Mus\u00e9e des beaux-arts du Canada, 1997.<\/p>\n<h2>R\u00e9f\u00e9rences en anglais<\/h2>\n<p>Bird, Michael, <em>Canadian Folk Art: Old Ways in a New Land<\/em>, Toronto, Oxford University Press, 1983.<\/p>\n<p>Bird, Michael et Terry Kobayashi, <em>A Splendid Harvest: Germanic Folk and Decorative Arts in Canada<\/em>, Toronto, Van Nostrand Reinhold, 1981.<\/p>\n<p>Burke, Susan M. et Matthew H. Hill (dirs.), <em>From Pennsylvania to Waterloo: Pennsylvania-German Folk Culture in Transition<\/em>, Kitchener, Joseph Schneider Haus, 1991.<\/p>\n<p>Burnham, Dorothy K., <em>The Comfortable Arts: Traditional Spinning and Weaving in Canada<\/em>, Ottawa, Galerie nationale du Canada, 1981.<\/p>\n<p>Burnham, Harold et Dorothy Burnham, <em>\u201cKeep Me Warm One Night\u201d: Early Handweaving in Eastern Canada<\/em>, Toronto, University of Toronto Press, 1972.<\/p>\n<p>Collard, Elizabeth, <em>Nineteenth-Century Pottery and Porcelain in Canada<\/em>, 2<sup>e<\/sup> \u00e9d., Kingston et Montr\u00e9al, McGill-Queen\u2019s University Press, 1984.<\/p>\n<p>Dobson, Henry et Barbara Dobson, <em>The Early Furniture of Ontario and the Atlantic Provinces<\/em>, Toronto, M. F. Feheley, 1974.<\/p>\n<p>Dobson, Henry et Barbara Dobson, <em>A Provincial Elegance: Arts of the Early French and English Settlements in Canada<\/em>, catalogue de l\u2019exposition, Kitchener, Kitchener-Waterloo Art Gallery, 1982.<\/p>\n<p>Dobson, Henry et Barbara Dobson, <em>Heritage Furnishings of Atlantic Canada: A Visual Survey With Pertinent Points<\/em>, Kingston, Quarry Press, 2010.<\/p>\n<p>Fleming, John, <em>The Painted Furniture of French Canada, 1700\u20131840<\/em>, Camden East, Camden House et Hull, Mus\u00e9e canadien des civilisations, 1994.<\/p>\n<p>Fleming, John et Michael Rowan, <em>Folk Furniture of Canada\u2019s Doukhobors, Hutterites, Mennonites and Ukrainians<\/em>, Edmonton, University of Alberta Press, 2004.<\/p>\n<p>Fleming, John et Michael Rowan, <em>Canadian Folk Art to 1950<\/em>, Edmonton, University of Alberta Press et Gatineau, Mus\u00e9e canadien des civilisations, 2012.<\/p>\n<p>Fleming, Patricia et Thomas Carpenter, <em>Traditions in Wood: A History of Wildfowl Decoys in Canada<\/em>, Camden East, Camden House, 1987.<\/p>\n<p>Harper, J. Russell, <em>A People\u2019s Art: Primitive, Na\u00efve, Provincial, and Folk Painting in Canada<\/em>, Toronto, University of Toronto Press, 1974.<\/p>\n<p>McKendry, Ruth, <em>Quilts and Other Bed Coverings in the Canadian Tradition<\/em>, Toronto, Van Nostrand Reinhold, 1979.<\/p>\n<p>Newlands, David L., <em>Early Ontario Potters: Their Craft and Trade<\/em>, Toronto, McGraw-Hill Ryerson, 1979.<\/p>\n<p>Pain, Howard, <em>The Heritage of Upper Canadian Furniture, 1780\u20131900<\/em>, Toronto, Van Nostrand Reinhold, 1978.<\/p>\n<p>Palardy, <em>Jean The Early Furniture of French Canada<\/em>, traduit du fran\u00e7ais par Eric McLean, Toronto, Macmillan, New York, St. Martin\u2019s Press, 1965.<\/p>\n<p>Webster, Donald Blake, <em>Early Canadian Pottery<\/em>, Toronto, McClelland and Stewart, 1971.<\/p>\n<p>Webster, Donald Blake, <em>English-Canadian Furniture of the Georgian Period<\/em>, Toronto, McGraw-Hill Ryerson, 1979.<\/p>\n<p>Webster, Donald Blake (dir.), <em>The Book of Canadian Antiques<\/em>, Toronto, McGraw-Hill Ryerson, 1979.<\/p>\n","protected":false},"excerpt":{"rendered":"<p>R\u00e9f\u00e9rences en fran\u00e7ais Blanchette, Jean-Fran\u00e7ois, Du coq \u00e0 l\u2019\u00e2me : L\u2019art populaire au Qu\u00e9bec, Gatineau, Mus\u00e9e canadien de l\u2019histoire et Ottawa, Presses de l\u2019Universit\u00e9 d\u2019Ottawa, 2014. Burnham, Dorothy K., L\u2019art des \u00e9toffes : Le filage et le tissage traditionnels au Canada, Ottawa, Galerie nationale du Canada, Mus\u00e9es nationaux du Canada, 1981. Fleming, John, Les meubles [&hellip;]<\/p>\n","protected":false},"author":1,"featured_media":38,"parent":31,"menu_order":0,"comment_status":"open","ping_status":"open","template":"","meta":{"footnotes":""},"_links":{"self":[{"href":"https:\/\/www.museedelhistoire.ca\/harbinson\/wp-json\/wp\/v2\/pages\/52"}],"collection":[{"href":"https:\/\/www.museedelhistoire.ca\/harbinson\/wp-json\/wp\/v2\/pages"}],"about":[{"href":"https:\/\/www.museedelhistoire.ca\/harbinson\/wp-json\/wp\/v2\/types\/page"}],"author":[{"embeddable":true,"href":"https:\/\/www.museedelhistoire.ca\/harbinson\/wp-json\/wp\/v2\/users\/1"}],"replies":[{"embeddable":true,"href":"https:\/\/www.museedelhistoire.ca\/harbinson\/wp-json\/wp\/v2\/comments?post=52"}],"version-history":[{"count":7,"href":"https:\/\/www.museedelhistoire.ca\/harbinson\/wp-json\/wp\/v2\/pages\/52\/revisions"}],"predecessor-version":[{"id":1127,"href":"https:\/\/www.museedelhistoire.ca\/harbinson\/wp-json\/wp\/v2\/pages\/52\/revisions\/1127"}],"up":[{"embeddable":true,"href":"https:\/\/www.museedelhistoire.ca\/harbinson\/wp-json\/wp\/v2\/pages\/31"}],"wp:featuredmedia":[{"embeddable":true,"href":"https:\/\/www.museedelhistoire.ca\/harbinson\/wp-json\/wp\/v2\/media\/38"}],"wp:attachment":[{"href":"https:\/\/www.museedelhistoire.ca\/harbinson\/wp-json\/wp\/v2\/media?parent=52"}],"curies":[{"name":"wp","href":"https:\/\/api.w.org\/{rel}","templated":true}]}}