{"id":816,"date":"2015-04-02T10:04:21","date_gmt":"2015-04-02T14:04:21","guid":{"rendered":"https:\/\/www.museedelhistoire.ca\/harbinson\/?page_id=816"},"modified":"2015-05-06T09:03:17","modified_gmt":"2015-05-06T13:03:17","slug":"la-vie-de-lhomme-du-berceau-au-tombeau","status":"publish","type":"page","link":"https:\/\/www.museedelhistoire.ca\/harbinson\/la-vie-de-lhomme-du-berceau-au-tombeau\/","title":{"rendered":"La vie de l\u2019homme, du berceau au tombeau"},"content":{"rendered":"<p>Tout d\u2019abord il y eut Adam<br \/>\nEt \u00c8ve tir\u00e9e de sa c\u00f4te<br \/>\nLui fut donn\u00e9e en mariage<br \/>\nRelevez le rabat et voyez son \u00e9pouse<\/p>\n<p>\u00c8ve dans son entit\u00e9 vous pouvez contempler<br \/>\nUn corps servant l\u2019un et l\u2019autre.<br \/>\nLe rabat encore une fois d\u00e9pliez<br \/>\nDe nouveau quelle \u00e9trange vision.<\/p>\n<p>Vous pouvez regarder le visage de la sir\u00e8ne<br \/>\nMais ne pouvez en apprendre le chant.<br \/>\nElle est d\u2019une telle gr\u00e2ce s\u00e9duisante<br \/>\nQuand elle glisse dans l\u2019onde.<\/p>\n<p>Un lion rugissant sort de son antre<br \/>\nPour errer \u00e0 sa guise d\u00e9lib\u00e9r\u00e9ment<br \/>\nPrend une autre forme<br \/>\nSoulevez le rabat et constatez<\/p>\n<p>Une autre forme vous pouvez voir<br \/>\nMi-oiseau, mi-b\u00eate<br \/>\n\u00c0 nouveau soulevez le rabat<br \/>\nPlus \u00e9trange encore vous verrez<\/p>\n<p>Remarquez retenu entre les serres de l\u2019aigle<br \/>\nG\u00eet un petit enfant<br \/>\nQu\u2019il a saisi pour proie<br \/>\nEt avec lequel il s\u2019appr\u00eate \u00e0 prendre son vol<\/p>\n<p>Des serres de l\u2019aigle j\u2019ai \u00e9chapp\u00e9<br \/>\nEt hors de danger je suis<br \/>\nMon c\u0153ur \u00e0 accumuler l\u2019or je contraindrai<br \/>\nSoulevez le rabat et constatez<\/p>\n<p>Voici la r\u00e9serve d\u2019or et d\u2019argent<br \/>\nQui a gu\u00e9ri mon c\u0153ur qui jamais plus ne souffrira<br \/>\n\u00c0 la mer j\u2019irai dans l\u2019espoir d\u2019obtenir<br \/>\nTous les plaisirs terrestres pour toujours conserver<\/p>\n<p>Voici un c\u0153ur accabl\u00e9 de soucis<br \/>\n\u00d4 comment peut-il \u00eatre gu\u00e9ri<br \/>\nSous le rabat, un rem\u00e8de il y a<br \/>\nSoulevez et voyez comme c\u2019est simple.<\/p>\n<p>Voici la r\u00e9serve d\u2019or et d\u2019argent<br \/>\nR\u00e9sultant des richesses de la mer<br \/>\nEt maintenant plus encore je convoite<br \/>\nAbaissez le rabat et vous verrez<\/p>\n<p>Pauvre homme tu n\u2019es plus que poussi\u00e8re<br \/>\nTon or et ton argent ne sont plus que rouille<br \/>\nTon verre s\u2019est vid\u00e9, ton temps enfui<br \/>\nRien au monde ne peut pr\u00e9venir la mort.<\/p>\n<p>La maladie vient et la mort r\u00f4de dans la nuit<br \/>\n\u00c0 l\u2019aide! or et argent, je meurs<br \/>\nTout est vain, tout est poussi\u00e8re<br \/>\nSoulevez le rabat et voyez comme tout se termine.<\/p>\n","protected":false},"excerpt":{"rendered":"<p>Tout d\u2019abord il y eut Adam Et \u00c8ve tir\u00e9e de sa c\u00f4te Lui fut donn\u00e9e en mariage Relevez le rabat et voyez son \u00e9pouse \u00c8ve dans son entit\u00e9 vous pouvez contempler Un corps servant l\u2019un et l\u2019autre. Le rabat encore une fois d\u00e9pliez De nouveau quelle \u00e9trange vision. Vous pouvez regarder le visage de la [&hellip;]<\/p>\n","protected":false},"author":92,"featured_media":0,"parent":0,"menu_order":0,"comment_status":"open","ping_status":"open","template":"page_mod.php","meta":{"footnotes":""},"_links":{"self":[{"href":"https:\/\/www.museedelhistoire.ca\/harbinson\/wp-json\/wp\/v2\/pages\/816"}],"collection":[{"href":"https:\/\/www.museedelhistoire.ca\/harbinson\/wp-json\/wp\/v2\/pages"}],"about":[{"href":"https:\/\/www.museedelhistoire.ca\/harbinson\/wp-json\/wp\/v2\/types\/page"}],"author":[{"embeddable":true,"href":"https:\/\/www.museedelhistoire.ca\/harbinson\/wp-json\/wp\/v2\/users\/92"}],"replies":[{"embeddable":true,"href":"https:\/\/www.museedelhistoire.ca\/harbinson\/wp-json\/wp\/v2\/comments?post=816"}],"version-history":[{"count":1,"href":"https:\/\/www.museedelhistoire.ca\/harbinson\/wp-json\/wp\/v2\/pages\/816\/revisions"}],"predecessor-version":[{"id":817,"href":"https:\/\/www.museedelhistoire.ca\/harbinson\/wp-json\/wp\/v2\/pages\/816\/revisions\/817"}],"wp:attachment":[{"href":"https:\/\/www.museedelhistoire.ca\/harbinson\/wp-json\/wp\/v2\/media?parent=816"}],"curies":[{"name":"wp","href":"https:\/\/api.w.org\/{rel}","templated":true}]}}