{"id":1012,"date":"2011-05-11T10:20:49","date_gmt":"2011-05-11T14:20:49","guid":{"rendered":"https:\/\/www.museedelhistoire.ca\/musee-virtuel-de-la-nouvelle-france\/"},"modified":"2015-10-01T14:38:44","modified_gmt":"2015-10-01T18:38:44","slug":"traite-des-fourrures","status":"publish","type":"page","link":"https:\/\/www.museedelhistoire.ca\/musee-virtuel-de-la-nouvelle-france\/activites-economiques\/traite-des-fourrures\/","title":{"rendered":"Traite des fourrures"},"content":{"rendered":"<p>Il est difficile de sur\u00e9valuer l\u2019importance de la fourrure dans le d\u00e9veloppement historique de la Nouvelle-France. En effet, c\u2019est cette ressource qui a incit\u00e9 les Fran\u00e7ais \u00e0 \u00e9tablir une pr\u00e9sence permanente dans la vall\u00e9e du Saint-Laurent au d\u00e9but du XVII<sup>e<\/sup> si\u00e8cle et \u00e0 poursuivre par la suite leurs activit\u00e9s dans la r\u00e9gion des Grands Lacs, les vall\u00e9es du Mississippi, de l\u2019Ohio et de l\u2019Illinois, et le bassin hydrographique de la baie d\u2019Hudson. Dans ces vastes \u00e9tendues du continent nord-am\u00e9ricain, les Fran\u00e7ais ont lanc\u00e9 une entreprise commerciale ambitieuse en vue de r\u00e9pondre \u00e0 la demande europ\u00e9enne de fourrure. Cette entreprise&nbsp;\u2013 appel\u00e9e la \u00ab&nbsp;traite des fourrures&nbsp;\u00bb, terme dont la simplicit\u00e9 n\u2019est qu\u2019apparente&nbsp;\u2013 avait des dimensions \u00e9conomiques, sociales et politiques complexes, et a fa\u00e7onn\u00e9 l\u2019exp\u00e9rience coloniale fran\u00e7aise de diverses mani\u00e8res. M\u00eame si sa valeur annuelle \u00e9tait d\u00e9risoire par rapport \u00e0 celle de la p\u00eache \u00e0 la morue dans l\u2019Atlantique Nord, la traite des fourrures \u00e9tait le moteur \u00e9conomique de la Nouvelle-France&nbsp;: elle finan\u00e7ait des initiatives d\u2019exploration, d\u2019\u00e9vang\u00e9lisation et de peuplement tout en assurant un revenu aux habitants et en permettant aux autorit\u00e9s, aux marchands et aux investisseurs de faire fortune. De plus, la traite des fourrures a influ\u00e9 sur la mobilit\u00e9 et le peuplement en Nouvelle-France, car elle exigeait une main-d\u2019\u0153uvre itin\u00e9rante et des postes de traite int\u00e9rieurs. Certains de ces postes&nbsp;\u2013 Qu\u00e9bec, Detroit et Green Bay, entre autres \u2013 sont devenus les noyaux d\u2019agglom\u00e9rations permanentes.<\/p>\n<div id=\"attachment_2055\" class=\"wp-caption aligncenter\" style=\"width:500px\"><a class=\"popup-gallery-opener group-3_3\" href=\"https:\/\/www.museedelhistoire.ca\/musee-virtuel-de-la-nouvelle-france\/files\/2011\/05\/Nouvelle-France_3_3_Maison-LeBer-LeMoyne.jpg\" data-title=\"<strong>Maison LeBer-LeMoyne, Lachine<\/strong><br \/><div class='credit'> Collection du Mus\u00e9e de Lachine-Photo: Richard-Max Tremblay<\/div>\"><img loading=\"lazy\" decoding=\"async\" class=\"size-large wp-image-2055\" title=\"Maison LeBer-LeMoyne, Lachine | Collection du Mus\u00e9e de Lachine-Photo: Richard-Max Tremblay\" src=\"https:\/\/www.museedelhistoire.ca\/musee-virtuel-de-la-nouvelle-france\/files\/2011\/05\/Nouvelle-France_3_3_Maison-LeBer-LeMoyne-500x343.jpg\" alt=\"Maison LeBer-LeMoyne, Lachine\" width=\"500\" height=\"343\" srcset=\"https:\/\/www.museedelhistoire.ca\/musee-virtuel-de-la-nouvelle-france\/files\/2011\/05\/Nouvelle-France_3_3_Maison-LeBer-LeMoyne-500x343.jpg 500w, https:\/\/www.museedelhistoire.ca\/musee-virtuel-de-la-nouvelle-france\/files\/2011\/05\/Nouvelle-France_3_3_Maison-LeBer-LeMoyne-218x150.jpg 218w, https:\/\/www.museedelhistoire.ca\/musee-virtuel-de-la-nouvelle-france\/files\/2011\/05\/Nouvelle-France_3_3_Maison-LeBer-LeMoyne-225x154.jpg 225w, https:\/\/www.museedelhistoire.ca\/musee-virtuel-de-la-nouvelle-france\/files\/2011\/05\/Nouvelle-France_3_3_Maison-LeBer-LeMoyne-62x42.jpg 62w, https:\/\/www.museedelhistoire.ca\/musee-virtuel-de-la-nouvelle-france\/files\/2011\/05\/Nouvelle-France_3_3_Maison-LeBer-LeMoyne-106x72.jpg 106w, https:\/\/www.museedelhistoire.ca\/musee-virtuel-de-la-nouvelle-france\/files\/2011\/05\/Nouvelle-France_3_3_Maison-LeBer-LeMoyne-490x336.jpg 490w, https:\/\/www.museedelhistoire.ca\/musee-virtuel-de-la-nouvelle-france\/files\/2011\/05\/Nouvelle-France_3_3_Maison-LeBer-LeMoyne-195x133.jpg 195w, https:\/\/www.museedelhistoire.ca\/musee-virtuel-de-la-nouvelle-france\/files\/2011\/05\/Nouvelle-France_3_3_Maison-LeBer-LeMoyne-132x90.jpg 132w, https:\/\/www.museedelhistoire.ca\/musee-virtuel-de-la-nouvelle-france\/files\/2011\/05\/Nouvelle-France_3_3_Maison-LeBer-LeMoyne.jpg 700w\" sizes=\"(max-width: 500px) 100vw, 500px\" \/><\/a><p class=\"wp-caption-text\"><span>Maison LeBer-LeMoyne, Lachine<\/span><\/p><\/div>\n<p>La traite des fourrures a \u00e9galement rapproch\u00e9 les Fran\u00e7ais des peuples autochtones de fa\u00e7on permanente, et cela fut primordial. Ne disposant pas d\u2019une main-d\u2019\u0153uvre et de ressources suffisantes pour faire la traite seuls, les Fran\u00e7ais ont fait appel aux Autochtones, qui pr\u00e9levaient les peaux, les pr\u00e9paraient et les transportaient, en plus de servir de guides et d\u2019interm\u00e9diaires. Pour s\u2019assurer ces services, les Fran\u00e7ais ont d\u00fb conclure des alliances avec plusieurs Premi\u00e8res Nations, y compris les Montagnais, les Algonquins et les Hurons dans la premi\u00e8re moiti\u00e9 du XVII<sup>e<\/sup> si\u00e8cle, et les Saulteaux, les Potawatomis et les Choctaws dans la seconde. Par ces alliances, les Fran\u00e7ais se sont profond\u00e9ment emp\u00eatr\u00e9s dans les \u00e9conomies, les soci\u00e9t\u00e9s et la politique autochtones, tout en attirant les peuples autochtones dans la sph\u00e8re d\u2019influence europ\u00e9enne. La traite des fourrures fut donc bien plus qu\u2019un simple \u00e9change de marchandises : elle a favoris\u00e9 des \u00e9changes de connaissances, de technologies et de cultures mat\u00e9rielles, en plus d\u2019\u00eatre \u00e0 la base de coalitions militaires puissantes et de donner naissance \u00e0 de nouvelles formes culturelles et \u00e0 de nouvelles identit\u00e9s. Pour maintenir ces interactions complexes et souvent lucratives, les Fran\u00e7ais ont adopt\u00e9 des attitudes et des politiques \u00e0 l\u2019\u00e9gard des peuples autochtones qui se distinguaient nettement de celles des anglophones qui s\u2019\u00e9taient install\u00e9s sur la c\u00f4te atlantique.<\/p>\n","protected":false},"excerpt":{"rendered":"<p>Il est difficile de sur\u00e9valuer l\u2019importance de la fourrure dans le d\u00e9veloppement historique de la Nouvelle-France. En effet, c\u2019est cette ressource qui a incit\u00e9 les Fran\u00e7ais \u00e0 \u00e9tablir une pr\u00e9sence permanente dans la vall\u00e9e du Saint-Laurent au d\u00e9but du XVIIe si\u00e8cle et \u00e0 poursuivre par la suite leurs activit\u00e9s dans la r\u00e9gion des Grands Lacs, [&hellip;]<\/p>\n","protected":false},"author":15,"featured_media":0,"parent":300,"menu_order":2,"comment_status":"closed","ping_status":"closed","template":"","meta":{"footnotes":""},"_links":{"self":[{"href":"https:\/\/www.museedelhistoire.ca\/musee-virtuel-de-la-nouvelle-france\/wp-json\/wp\/v2\/pages\/1012"}],"collection":[{"href":"https:\/\/www.museedelhistoire.ca\/musee-virtuel-de-la-nouvelle-france\/wp-json\/wp\/v2\/pages"}],"about":[{"href":"https:\/\/www.museedelhistoire.ca\/musee-virtuel-de-la-nouvelle-france\/wp-json\/wp\/v2\/types\/page"}],"author":[{"embeddable":true,"href":"https:\/\/www.museedelhistoire.ca\/musee-virtuel-de-la-nouvelle-france\/wp-json\/wp\/v2\/users\/15"}],"replies":[{"embeddable":true,"href":"https:\/\/www.museedelhistoire.ca\/musee-virtuel-de-la-nouvelle-france\/wp-json\/wp\/v2\/comments?post=1012"}],"version-history":[{"count":5,"href":"https:\/\/www.museedelhistoire.ca\/musee-virtuel-de-la-nouvelle-france\/wp-json\/wp\/v2\/pages\/1012\/revisions"}],"predecessor-version":[{"id":4990,"href":"https:\/\/www.museedelhistoire.ca\/musee-virtuel-de-la-nouvelle-france\/wp-json\/wp\/v2\/pages\/1012\/revisions\/4990"}],"up":[{"embeddable":true,"href":"https:\/\/www.museedelhistoire.ca\/musee-virtuel-de-la-nouvelle-france\/wp-json\/wp\/v2\/pages\/300"}],"wp:attachment":[{"href":"https:\/\/www.museedelhistoire.ca\/musee-virtuel-de-la-nouvelle-france\/wp-json\/wp\/v2\/media?parent=1012"}],"curies":[{"name":"wp","href":"https:\/\/api.w.org\/{rel}","templated":true}]}}