{"id":1017,"date":"2011-05-11T10:25:02","date_gmt":"2011-05-11T14:25:02","guid":{"rendered":"https:\/\/www.museedelhistoire.ca\/musee-virtuel-de-la-nouvelle-france\/"},"modified":"2011-06-17T09:24:27","modified_gmt":"2011-06-17T13:24:27","slug":"population","status":"publish","type":"page","link":"https:\/\/www.museedelhistoire.ca\/musee-virtuel-de-la-nouvelle-france\/population\/","title":{"rendered":"Population"},"content":{"rendered":"<div id=\"attachment_1936\" class=\"wp-caption alignright\" style=\"width:208px\"><a class=\"popup-gallery-opener group-4\" href=\"https:\/\/www.museedelhistoire.ca\/musee-virtuel-de-la-nouvelle-france\/files\/2011\/05\/Nouvelle-France_4_0_Couple-de-Canadiens.jpg\" data-title=\"<strong>Couple de Canadiens, deuxi\u00e8me moiti\u00e9 du XVIIIe si\u00e8cle<\/strong><br \/>Lorsque le nom \u00ab Canadien \u00bb appara\u00eet pour la premi\u00e8re \u00e0 l\u2019\u00e9crit, en 1535, c\u2019est pour d\u00e9signer les habitants autochtones de la vall\u00e9e du Saint-Laurent.  Avant la fin du XVIIe si\u00e8cle, ce mot vient cependant \u00e0 nommer les colons fran\u00e7ais de la r\u00e9gion.  Ce n\u2019est qu\u2019au XIX&lt;sup&gt;e&lt;\/sup&gt; si\u00e8cle que cette population deviendra \u00ab canadienne-fran\u00e7aise \u00bb, pour la distinguer de la population anglophone qui s\u2019approprie \u00e0 son tour le nom de \u00ab Canadian \u00bb.<div class='credit'> Archives de la Ville de Montr\u00e9al (Fonds BM7)<\/div>\"><img loading=\"lazy\" decoding=\"async\" src=\"https:\/\/www.museedelhistoire.ca\/musee-virtuel-de-la-nouvelle-france\/files\/2011\/05\/Nouvelle-France_4_0_Couple-de-Canadiens-208x300.jpg\" alt=\"Couple de Canadiens, deuxi\u00e8me moiti\u00e9 du XVIIIe si\u00e8cle\" title=\"Couple de Canadiens, deuxi\u00e8me moiti\u00e9 du XVIIIe si\u00e8cle | Archives de la Ville de Montr\u00e9al (Fonds BM7)\" width=\"208\" height=\"300\" class=\"size-medium wp-image-1936\" srcset=\"https:\/\/www.museedelhistoire.ca\/musee-virtuel-de-la-nouvelle-france\/files\/2011\/05\/Nouvelle-France_4_0_Couple-de-Canadiens-208x300.jpg 208w, https:\/\/www.museedelhistoire.ca\/musee-virtuel-de-la-nouvelle-france\/files\/2011\/05\/Nouvelle-France_4_0_Couple-de-Canadiens-104x150.jpg 104w, https:\/\/www.museedelhistoire.ca\/musee-virtuel-de-la-nouvelle-france\/files\/2011\/05\/Nouvelle-France_4_0_Couple-de-Canadiens-347x500.jpg 347w, https:\/\/www.museedelhistoire.ca\/musee-virtuel-de-la-nouvelle-france\/files\/2011\/05\/Nouvelle-France_4_0_Couple-de-Canadiens-62x89.jpg 62w, https:\/\/www.museedelhistoire.ca\/musee-virtuel-de-la-nouvelle-france\/files\/2011\/05\/Nouvelle-France_4_0_Couple-de-Canadiens-106x152.jpg 106w, https:\/\/www.museedelhistoire.ca\/musee-virtuel-de-la-nouvelle-france\/files\/2011\/05\/Nouvelle-France_4_0_Couple-de-Canadiens-195x280.jpg 195w, https:\/\/www.museedelhistoire.ca\/musee-virtuel-de-la-nouvelle-france\/files\/2011\/05\/Nouvelle-France_4_0_Couple-de-Canadiens-132x189.jpg 132w, https:\/\/www.museedelhistoire.ca\/musee-virtuel-de-la-nouvelle-france\/files\/2011\/05\/Nouvelle-France_4_0_Couple-de-Canadiens.jpg 417w\" sizes=\"(max-width: 208px) 100vw, 208px\" \/><\/a><p class=\"wp-caption-text\"><span>Couple de Canadiens, deuxi\u00e8me moiti\u00e9 du XVIIIe si\u00e8cle<\/span><\/p><\/div>\n<p>Pour qu\u2019une colonie puisse se d\u00e9velopper en un lieu donn\u00e9, il faut avant tout que des hommes et des femmes s\u2019y rendent, l\u2019habitent, occupent le territoire et y d\u00e9veloppent une activit\u00e9 \u00e9conomique. La population est le c\u0153ur de la colonie\u00a0: c\u2019est elle qui la fait vivre et la fait prosp\u00e9rer; c\u2019est \u00e9galement elle qui la d\u00e9fend et la transforme. Il est donc particuli\u00e8rement important de conna\u00eetre la population de la Nouvelle-France.<\/p>\n<p>C\u2019est pourquoi vous trouverez, dans cette section, de l&rsquo;information \u00e0 son sujet\u00a0: les r\u00e9gions d&rsquo;o\u00f9 provenaient les colons, leurs origines sociales et ce qui a pu les motiver \u00e0 se rendre en Am\u00e9rique. Vous verrez comment s\u2019est organis\u00e9e la soci\u00e9t\u00e9 que les colons ont form\u00e9e et comment vivait chacune de ses composantes.<\/p>\n<p>Vous saisirez \u00e9galement le r\u00f4le et l\u2019importance des congr\u00e9gations religieuses au sein de la colonie, qui ont, d\u00e8s le d\u00e9but, cherch\u00e9 \u00e0 \u00e9vang\u00e9liser les Autochtones. Finalement, vous d\u00e9couvrirez peut-\u00eatre un aspect peu ou mal connu de l\u2019histoire de la Nouvelle-France\u00a0: l\u2019esclavage.<\/p>\n","protected":false},"excerpt":{"rendered":"<p>Pour qu\u2019une colonie puisse se d\u00e9velopper en un lieu donn\u00e9, il faut avant tout que des hommes et des femmes s\u2019y rendent, l\u2019habitent, occupent le territoire et y d\u00e9veloppent une activit\u00e9 \u00e9conomique. La population est le c\u0153ur de la colonie\u00a0: c\u2019est elle qui la fait vivre et la fait prosp\u00e9rer; c\u2019est \u00e9galement elle qui la [&hellip;]<\/p>\n","protected":false},"author":4,"featured_media":1276,"parent":0,"menu_order":8,"comment_status":"open","ping_status":"open","template":"","meta":{"footnotes":""},"_links":{"self":[{"href":"https:\/\/www.museedelhistoire.ca\/musee-virtuel-de-la-nouvelle-france\/wp-json\/wp\/v2\/pages\/1017"}],"collection":[{"href":"https:\/\/www.museedelhistoire.ca\/musee-virtuel-de-la-nouvelle-france\/wp-json\/wp\/v2\/pages"}],"about":[{"href":"https:\/\/www.museedelhistoire.ca\/musee-virtuel-de-la-nouvelle-france\/wp-json\/wp\/v2\/types\/page"}],"author":[{"embeddable":true,"href":"https:\/\/www.museedelhistoire.ca\/musee-virtuel-de-la-nouvelle-france\/wp-json\/wp\/v2\/users\/4"}],"replies":[{"embeddable":true,"href":"https:\/\/www.museedelhistoire.ca\/musee-virtuel-de-la-nouvelle-france\/wp-json\/wp\/v2\/comments?post=1017"}],"version-history":[{"count":21,"href":"https:\/\/www.museedelhistoire.ca\/musee-virtuel-de-la-nouvelle-france\/wp-json\/wp\/v2\/pages\/1017\/revisions"}],"predecessor-version":[{"id":2312,"href":"https:\/\/www.museedelhistoire.ca\/musee-virtuel-de-la-nouvelle-france\/wp-json\/wp\/v2\/pages\/1017\/revisions\/2312"}],"wp:featuredmedia":[{"embeddable":true,"href":"https:\/\/www.museedelhistoire.ca\/musee-virtuel-de-la-nouvelle-france\/wp-json\/wp\/v2\/media\/1276"}],"wp:attachment":[{"href":"https:\/\/www.museedelhistoire.ca\/musee-virtuel-de-la-nouvelle-france\/wp-json\/wp\/v2\/media?parent=1017"}],"curies":[{"name":"wp","href":"https:\/\/api.w.org\/{rel}","templated":true}]}}