{"id":1026,"date":"2011-05-11T10:44:00","date_gmt":"2011-05-11T14:44:00","guid":{"rendered":"https:\/\/www.museedelhistoire.ca\/musee-virtuel-de-la-nouvelle-france\/"},"modified":"2015-08-07T11:54:48","modified_gmt":"2015-08-07T15:54:48","slug":"expansion-territoriale-et-alliances","status":"publish","type":"page","link":"https:\/\/www.museedelhistoire.ca\/musee-virtuel-de-la-nouvelle-france\/colonies-et-empires\/expansion-territoriale-et-alliances\/","title":{"rendered":"Expansion territoriale et alliances"},"content":{"rendered":"<p>Au cours des 240 ans qui s\u00e9parent le voyage d\u2019exploration de Verrazano en 1524 et le d\u00e9mant\u00e8lement de la colonie en 1763, les Fran\u00e7ais ont marqu\u00e9 le territoire nord-am\u00e9ricain de diff\u00e9rentes fa\u00e7ons. Que ce soit \u00e0 travers le mode de distribution des terres et les d\u00e9frichements, l\u2019implantation de villages et villes, en d\u00e9ployant un r\u00e9seau de routes et de sentiers et en am\u00e9nageant le territoire de constructions vari\u00e9es, ils ont transform\u00e9 et adapt\u00e9 les environnements selon leur besoins.<\/p>\n<div id=\"attachment_4925\" class=\"wp-caption aligncenter\" style=\"width:500px\"><a class=\"popup-gallery-opener group-2-4\" href=\"https:\/\/www.museedelhistoire.ca\/musee-virtuel-de-la-nouvelle-france\/files\/2013\/05\/Les-explorations-francaise-en-amerique-du-Nord-a.jpg\" data-title=\"<strong>Les explorations fran\u00e7aises en Am\u00e9rique du Nord<\/strong><br \/><div class='credit'>\u00a0<\/div>\"><img loading=\"lazy\" decoding=\"async\" src=\"https:\/\/www.museedelhistoire.ca\/musee-virtuel-de-la-nouvelle-france\/files\/2013\/05\/Les-explorations-francaise-en-amerique-du-Nord-a-500x441.jpg\" alt=\"Les explorations fran\u00e7aises en Am\u00e9rique du Nord\" width=\"500\" height=\"441\" class=\"aligncenter size-large wp-image-4925\" srcset=\"https:\/\/www.museedelhistoire.ca\/musee-virtuel-de-la-nouvelle-france\/files\/2013\/05\/Les-explorations-francaise-en-amerique-du-Nord-a-500x441.jpg 500w, https:\/\/www.museedelhistoire.ca\/musee-virtuel-de-la-nouvelle-france\/files\/2013\/05\/Les-explorations-francaise-en-amerique-du-Nord-a-150x132.jpg 150w, https:\/\/www.museedelhistoire.ca\/musee-virtuel-de-la-nouvelle-france\/files\/2013\/05\/Les-explorations-francaise-en-amerique-du-Nord-a-225x198.jpg 225w, https:\/\/www.museedelhistoire.ca\/musee-virtuel-de-la-nouvelle-france\/files\/2013\/05\/Les-explorations-francaise-en-amerique-du-Nord-a-62x54.jpg 62w, https:\/\/www.museedelhistoire.ca\/musee-virtuel-de-la-nouvelle-france\/files\/2013\/05\/Les-explorations-francaise-en-amerique-du-Nord-a-106x93.jpg 106w, https:\/\/www.museedelhistoire.ca\/musee-virtuel-de-la-nouvelle-france\/files\/2013\/05\/Les-explorations-francaise-en-amerique-du-Nord-a-490x432.jpg 490w, https:\/\/www.museedelhistoire.ca\/musee-virtuel-de-la-nouvelle-france\/files\/2013\/05\/Les-explorations-francaise-en-amerique-du-Nord-a-740x652.jpg 740w, https:\/\/www.museedelhistoire.ca\/musee-virtuel-de-la-nouvelle-france\/files\/2013\/05\/Les-explorations-francaise-en-amerique-du-Nord-a-195x172.jpg 195w, https:\/\/www.museedelhistoire.ca\/musee-virtuel-de-la-nouvelle-france\/files\/2013\/05\/Les-explorations-francaise-en-amerique-du-Nord-a-132x116.jpg 132w, https:\/\/www.museedelhistoire.ca\/musee-virtuel-de-la-nouvelle-france\/files\/2013\/05\/Les-explorations-francaise-en-amerique-du-Nord-a.jpg 850w\" sizes=\"(max-width: 500px) 100vw, 500px\" \/><\/a><p class=\"wp-caption-text\"><span>Les explorations fran\u00e7aises en Am\u00e9rique du Nord<\/span><\/p><\/div>\n<p>Des quelques petits ilots de colonisation que l\u2019on retrouvait principalement dans l\u2019axe du fleuve Saint-Laurent au XVIIe si\u00e8cle, les Fran\u00e7ais ont parcouru une grande partie de l\u2019Am\u00e9rique du Nord, de telle sorte qu\u2019\u00e0 l\u2019aube de la conqu\u00eate britannique, la Nouvelle-France s\u2019\u00e9tendait de la Baie d\u2019Hudson au nord \u00e0 l\u2019embouchure du Mississippi au sud, et de l\u2019Acadie \u00e0 l\u2019est aux pieds des Rocheuses \u00e0 l\u2019ouest.<\/p>\n<div id=\"attachment_3743\" class=\"wp-caption aligncenter\" style=\"width:500px\"><a class=\"popup-gallery-opener group-2_4\" href=\"https:\/\/www.museedelhistoire.ca\/musee-virtuel-de-la-nouvelle-france\/files\/2011\/11\/Nouvelle-France_2_4_1_D\u00e9faite-des-Iroquois-au-Lac-Champlain-en-1609.jpg\" data-title=\"<strong>D\u00e9faite des Iroquois au Lac Champlain en 1609<\/strong><br \/>En 1609, Champlain affronte les Iroquois aux c\u00f4t\u00e9s des ses alli\u00e9s Hurons et marque le d\u00e9but d\u2019une politique diplomatique que les Fran\u00e7ais vont entretenir au cours des 150 ans qui suivent.<div class='credit'> Samuel de Champlain, 1613, Biblioth\u00e8que et Archives Canada, nlc000855<\/div>\"><img loading=\"lazy\" decoding=\"async\" src=\"https:\/\/www.museedelhistoire.ca\/musee-virtuel-de-la-nouvelle-france\/files\/2011\/11\/Nouvelle-France_2_4_1_D\u00e9faite-des-Iroquois-au-Lac-Champlain-en-1609-500x310.jpg\" alt=\"D\u00e9faite des Iroquois au Lac Champlain en 1609\" width=\"500\" height=\"310\" class=\"size-large wp-image-3743\" srcset=\"https:\/\/www.museedelhistoire.ca\/musee-virtuel-de-la-nouvelle-france\/files\/2011\/11\/Nouvelle-France_2_4_1_D\u00e9faite-des-Iroquois-au-Lac-Champlain-en-1609-500x310.jpg 500w, https:\/\/www.museedelhistoire.ca\/musee-virtuel-de-la-nouvelle-france\/files\/2011\/11\/Nouvelle-France_2_4_1_D\u00e9faite-des-Iroquois-au-Lac-Champlain-en-1609-225x139.jpg 225w, https:\/\/www.museedelhistoire.ca\/musee-virtuel-de-la-nouvelle-france\/files\/2011\/11\/Nouvelle-France_2_4_1_D\u00e9faite-des-Iroquois-au-Lac-Champlain-en-1609-62x38.jpg 62w, https:\/\/www.museedelhistoire.ca\/musee-virtuel-de-la-nouvelle-france\/files\/2011\/11\/Nouvelle-France_2_4_1_D\u00e9faite-des-Iroquois-au-Lac-Champlain-en-1609-106x65.jpg 106w, https:\/\/www.museedelhistoire.ca\/musee-virtuel-de-la-nouvelle-france\/files\/2011\/11\/Nouvelle-France_2_4_1_D\u00e9faite-des-Iroquois-au-Lac-Champlain-en-1609-490x304.jpg 490w, https:\/\/www.museedelhistoire.ca\/musee-virtuel-de-la-nouvelle-france\/files\/2011\/11\/Nouvelle-France_2_4_1_D\u00e9faite-des-Iroquois-au-Lac-Champlain-en-1609-195x121.jpg 195w, https:\/\/www.museedelhistoire.ca\/musee-virtuel-de-la-nouvelle-france\/files\/2011\/11\/Nouvelle-France_2_4_1_D\u00e9faite-des-Iroquois-au-Lac-Champlain-en-1609-132x82.jpg 132w, https:\/\/www.museedelhistoire.ca\/musee-virtuel-de-la-nouvelle-france\/files\/2011\/11\/Nouvelle-France_2_4_1_D\u00e9faite-des-Iroquois-au-Lac-Champlain-en-1609.jpg 700w\" sizes=\"(max-width: 500px) 100vw, 500px\" \/><\/a><p class=\"wp-caption-text\"><span>D\u00e9faite des Iroquois au Lac Champlain en 1609<\/span><\/p><\/div>\n<p>Pouss\u00e9s toujours plus \u00e0 l\u2019ouest et au sud afin d\u2019assurer des approvisionnements constants en fourrures, les Fran\u00e7ais ont d\u00e9ploy\u00e9 tout un r\u00e9seau d\u2019alliances avec les tribus les plus influentes, des alliances \u00e0 la fois \u00e9conomiques et militaires qui leur ont permis non seulement de contenir les Anglais sur la frange atlantique pendant plus de 150 ans, mais qui assurait aussi la survie de cette Nouvelle-France sous-peupl\u00e9e et dont les fronti\u00e8res pouvaient difficilement \u00eatre d\u00e9fendues autrement.<\/p>\n","protected":false},"excerpt":{"rendered":"<p>Au cours des 240 ans qui s\u00e9parent le voyage d\u2019exploration de Verrazano en 1524 et le d\u00e9mant\u00e8lement de la colonie en 1763, les Fran\u00e7ais ont marqu\u00e9 le territoire nord-am\u00e9ricain de diff\u00e9rentes fa\u00e7ons. Que ce soit \u00e0 travers le mode de distribution des terres et les d\u00e9frichements, l\u2019implantation de villages et villes, en d\u00e9ployant un r\u00e9seau [&hellip;]<\/p>\n","protected":false},"author":15,"featured_media":0,"parent":298,"menu_order":3,"comment_status":"open","ping_status":"open","template":"","meta":{"footnotes":""},"_links":{"self":[{"href":"https:\/\/www.museedelhistoire.ca\/musee-virtuel-de-la-nouvelle-france\/wp-json\/wp\/v2\/pages\/1026"}],"collection":[{"href":"https:\/\/www.museedelhistoire.ca\/musee-virtuel-de-la-nouvelle-france\/wp-json\/wp\/v2\/pages"}],"about":[{"href":"https:\/\/www.museedelhistoire.ca\/musee-virtuel-de-la-nouvelle-france\/wp-json\/wp\/v2\/types\/page"}],"author":[{"embeddable":true,"href":"https:\/\/www.museedelhistoire.ca\/musee-virtuel-de-la-nouvelle-france\/wp-json\/wp\/v2\/users\/15"}],"replies":[{"embeddable":true,"href":"https:\/\/www.museedelhistoire.ca\/musee-virtuel-de-la-nouvelle-france\/wp-json\/wp\/v2\/comments?post=1026"}],"version-history":[{"count":5,"href":"https:\/\/www.museedelhistoire.ca\/musee-virtuel-de-la-nouvelle-france\/wp-json\/wp\/v2\/pages\/1026\/revisions"}],"predecessor-version":[{"id":4984,"href":"https:\/\/www.museedelhistoire.ca\/musee-virtuel-de-la-nouvelle-france\/wp-json\/wp\/v2\/pages\/1026\/revisions\/4984"}],"up":[{"embeddable":true,"href":"https:\/\/www.museedelhistoire.ca\/musee-virtuel-de-la-nouvelle-france\/wp-json\/wp\/v2\/pages\/298"}],"wp:attachment":[{"href":"https:\/\/www.museedelhistoire.ca\/musee-virtuel-de-la-nouvelle-france\/wp-json\/wp\/v2\/media?parent=1026"}],"curies":[{"name":"wp","href":"https:\/\/api.w.org\/{rel}","templated":true}]}}