{"id":298,"date":"2011-04-05T19:53:24","date_gmt":"2011-04-05T19:53:24","guid":{"rendered":"https:\/\/www.museedelhistoire.ca\/musee-virtuel-de-la-nouvelle-france\/"},"modified":"2011-06-08T13:40:46","modified_gmt":"2011-06-08T17:40:46","slug":"colonies-et-empires","status":"publish","type":"page","link":"https:\/\/www.museedelhistoire.ca\/musee-virtuel-de-la-nouvelle-france\/colonies-et-empires\/","title":{"rendered":"Colonies et Empires"},"content":{"rendered":"<p>L\u2019histoire de la Nouvelle-France en est une de d\u00e9couvertes. Cartier et Champlain, Cavelier de La\u00a0Salle et La\u00a0V\u00e9rendrye, pour nommer que quelques-uns de ses explorateurs, repoussent tour \u00e0 tour les fronti\u00e8res du territoire connu des Fran\u00e7ais. La d\u00e9couverte, il faut le souligner, est double. Pour les populations autochtones, qui occupent le territoire depuis des mill\u00e9naires, la rencontre des nouveaux venus est tout aussi d\u00e9terminante. L\u2019expansion territoriale et l\u2019extension des relations humaines vont de pair.<\/p>\n<div id=\"attachment_1911\" class=\"wp-caption aligncenter\" style=\"width:500px\"><a class=\"popup-gallery-opener group-2\" href=\"https:\/\/www.museedelhistoire.ca\/musee-virtuel-de-la-nouvelle-france\/files\/2011\/04\/Nouvelle-France_2_0_Colonne-Ribaut.jpg\" data-title=\"<strong>Colonne de pierre de Jean Ribaut<\/strong><br \/>Entre le XVI&lt;sup&gt;e&lt;\/sup&gt; et le XVIII&lt;sup&gt;e&lt;\/sup&gt; si\u00e8cle, les grandes puissances europ\u00e9ennes se d\u00e9coupent tout un continent \u00e0 coup de proclamations et de gestes symboliques.  En 1564, un chef Timucua montre \u00e0 Ren\u00e9 Goulaine de Laudonni\u00e8re la colonne plac\u00e9e deux ans plus t\u00f4t par un autre explorateur, Jean Ribaut.<div class='credit'> \u00ab Laudonnierus et rex athore ante columnam [\u2026] \u00bb, d\u2019apr\u00e8s Jacques Le Moyne de Morgues et Th\u00e9odore de Bry.  Print Collection, Miriam and Ira D. Wallach Division of Art, Prints and Photographs, The New York Public Library, Astor, Lenox and Tilden Foundations.<\/div>\"><img loading=\"lazy\" decoding=\"async\" class=\"size-large wp-image-1911\" title=\"Colonne de pierre de Jean Ribaut | \u00ab Laudonnierus et rex athore ante columnam [\u2026] \u00bb, d\u2019apr\u00e8s Jacques Le Moyne de Morgues et Th\u00e9odore de Bry.  Print Collection, Miriam and Ira D. Wallach Division of Art, Prints and Photographs, The New York Public Library, Astor, Lenox and Tilden Foundations.\" src=\"https:\/\/www.museedelhistoire.ca\/musee-virtuel-de-la-nouvelle-france\/files\/2011\/04\/Nouvelle-France_2_0_Colonne-Ribaut-500x353.jpg\" alt=\"Colonne de pierre de Jean Ribaut\" width=\"500\" height=\"353\" srcset=\"https:\/\/www.museedelhistoire.ca\/musee-virtuel-de-la-nouvelle-france\/files\/2011\/04\/Nouvelle-France_2_0_Colonne-Ribaut-500x353.jpg 500w, https:\/\/www.museedelhistoire.ca\/musee-virtuel-de-la-nouvelle-france\/files\/2011\/04\/Nouvelle-France_2_0_Colonne-Ribaut-212x150.jpg 212w, https:\/\/www.museedelhistoire.ca\/musee-virtuel-de-la-nouvelle-france\/files\/2011\/04\/Nouvelle-France_2_0_Colonne-Ribaut-225x159.jpg 225w, https:\/\/www.museedelhistoire.ca\/musee-virtuel-de-la-nouvelle-france\/files\/2011\/04\/Nouvelle-France_2_0_Colonne-Ribaut-62x43.jpg 62w, https:\/\/www.museedelhistoire.ca\/musee-virtuel-de-la-nouvelle-france\/files\/2011\/04\/Nouvelle-France_2_0_Colonne-Ribaut-106x74.jpg 106w, https:\/\/www.museedelhistoire.ca\/musee-virtuel-de-la-nouvelle-france\/files\/2011\/04\/Nouvelle-France_2_0_Colonne-Ribaut-490x346.jpg 490w, https:\/\/www.museedelhistoire.ca\/musee-virtuel-de-la-nouvelle-france\/files\/2011\/04\/Nouvelle-France_2_0_Colonne-Ribaut-195x137.jpg 195w, https:\/\/www.museedelhistoire.ca\/musee-virtuel-de-la-nouvelle-france\/files\/2011\/04\/Nouvelle-France_2_0_Colonne-Ribaut-132x93.jpg 132w, https:\/\/www.museedelhistoire.ca\/musee-virtuel-de-la-nouvelle-france\/files\/2011\/04\/Nouvelle-France_2_0_Colonne-Ribaut.jpg 700w\" sizes=\"(max-width: 500px) 100vw, 500px\" \/><\/a><p class=\"wp-caption-text\"><span>Colonne de pierre de Jean Ribaut<\/span><\/p><\/div>\n<p>\u00c0 l\u2019\u00e8re de l\u2019expansion europ\u00e9enne, les Fran\u00e7ais ne ciblent pas exclusivement ce qui deviendra la Nouvelle-France. Avant de s\u2019y implanter, ils cherchent, en vain, \u00e0 s\u2019\u00e9tablir en ce qui est devenu la Floride et le Br\u00e9sil. Par la suite, ils s\u2019enracinent non seulement en Am\u00e9rique du Nord, mais aussi dans les Antilles, et ils \u00e9tablissent des comptoirs jusqu\u2019en Afrique et en Asie. Les Fran\u00e7ais, d\u2019ailleurs, ne sont pas les seuls \u00e0 prendre la mer en vue de fonder des colonies. Les Espagnols et les Portugais les devancent; les Anglais et les N\u00e9erlandais, eux aussi, font des voyages d&rsquo;exploration. C\u2019est en portant un regard sur l\u2019ensemble du monde colonial que l\u2019on parvient \u00e0 saisir les particularit\u00e9s de la Nouvelle-France, \u00e0 comprendre sa place dans l&rsquo;histoire du monde.<\/p>\n<p>Les relations des Fran\u00e7ais d\u2019Am\u00e9rique et de leurs voisins autochtones et europ\u00e9ens fluctuent suivant les \u00e9poques et les circonstances. Officiers et missionnaires s\u2019improvisent diplomates. L\u2019expansion des r\u00e9seaux de commerce et d\u2019alliance entra\u00eene des bouleversements g\u00e9opolitiques. L\u2019histoire de la Nouvelle-France est ainsi ponctu\u00e9e de batailles, de si\u00e8ges, de violence. Contre les Iroquois, les Renards, les Natchez et les Chicachas, les Fran\u00e7ais passent tant\u00f4t \u00e0 la d\u00e9fensive, tant\u00f4t \u00e0 l\u2019offensive. En parall\u00e8le, la concurrence intercoloniale et la rivalit\u00e9 entre les grandes puissances europ\u00e9ennes mettent r\u00e9guli\u00e8rement le feu aux poudres.\u00a0 C&rsquo;est ainsi au rythme des\u00a0conflits qu&rsquo;\u00e9volue la Nouvelle-France.<\/p>\n","protected":false},"excerpt":{"rendered":"<p>L\u2019histoire de la Nouvelle-France en est une de d\u00e9couvertes. Cartier et Champlain, Cavelier de La\u00a0Salle et La\u00a0V\u00e9rendrye, pour nommer que quelques-uns de ses explorateurs, repoussent tour \u00e0 tour les fronti\u00e8res du territoire connu des Fran\u00e7ais. La d\u00e9couverte, il faut le souligner, est double. Pour les populations autochtones, qui occupent le territoire depuis des mill\u00e9naires, la [&hellip;]<\/p>\n","protected":false},"author":6,"featured_media":1265,"parent":0,"menu_order":4,"comment_status":"open","ping_status":"open","template":"","meta":{"footnotes":""},"_links":{"self":[{"href":"https:\/\/www.museedelhistoire.ca\/musee-virtuel-de-la-nouvelle-france\/wp-json\/wp\/v2\/pages\/298"}],"collection":[{"href":"https:\/\/www.museedelhistoire.ca\/musee-virtuel-de-la-nouvelle-france\/wp-json\/wp\/v2\/pages"}],"about":[{"href":"https:\/\/www.museedelhistoire.ca\/musee-virtuel-de-la-nouvelle-france\/wp-json\/wp\/v2\/types\/page"}],"author":[{"embeddable":true,"href":"https:\/\/www.museedelhistoire.ca\/musee-virtuel-de-la-nouvelle-france\/wp-json\/wp\/v2\/users\/6"}],"replies":[{"embeddable":true,"href":"https:\/\/www.museedelhistoire.ca\/musee-virtuel-de-la-nouvelle-france\/wp-json\/wp\/v2\/comments?post=298"}],"version-history":[{"count":114,"href":"https:\/\/www.museedelhistoire.ca\/musee-virtuel-de-la-nouvelle-france\/wp-json\/wp\/v2\/pages\/298\/revisions"}],"predecessor-version":[{"id":1933,"href":"https:\/\/www.museedelhistoire.ca\/musee-virtuel-de-la-nouvelle-france\/wp-json\/wp\/v2\/pages\/298\/revisions\/1933"}],"wp:featuredmedia":[{"embeddable":true,"href":"https:\/\/www.museedelhistoire.ca\/musee-virtuel-de-la-nouvelle-france\/wp-json\/wp\/v2\/media\/1265"}],"wp:attachment":[{"href":"https:\/\/www.museedelhistoire.ca\/musee-virtuel-de-la-nouvelle-france\/wp-json\/wp\/v2\/media?parent=298"}],"curies":[{"name":"wp","href":"https:\/\/api.w.org\/{rel}","templated":true}]}}