{"id":300,"date":"2011-04-05T19:54:26","date_gmt":"2011-04-05T19:54:26","guid":{"rendered":"https:\/\/www.museedelhistoire.ca\/musee-virtuel-de-la-nouvelle-france\/"},"modified":"2012-03-19T15:33:37","modified_gmt":"2012-03-19T19:33:37","slug":"activites-economiques","status":"publish","type":"page","link":"https:\/\/www.museedelhistoire.ca\/musee-virtuel-de-la-nouvelle-france\/activites-economiques\/","title":{"rendered":"Activit\u00e9s \u00e9conomiques"},"content":{"rendered":"<p>Pour qu\u2019une colonie outre-mer puisse survivre, il faut favoriser la cr\u00e9ation d\u2019entreprises sur place, exploiter ses richesses naturelles et assurer la production des biens de premi\u00e8re n\u00e9cessit\u00e9.<\/p>\n<div id=\"attachment_1934\" class=\"wp-caption aligncenter\" style=\"width:500px\"><a class=\"popup-gallery-opener group-3\" href=\"https:\/\/www.museedelhistoire.ca\/musee-virtuel-de-la-nouvelle-france\/files\/2011\/04\/Nouvelle-France_3_0_Plaisance_v1700.jpg\" data-title=\"<strong>\u00c9tablissement de p\u00eache, Baie de Plaisance, vers 1700, Gerard van Edema<\/strong><br \/>Au sein de l\u2019\u00e9conomie coloniale fran\u00e7aise, les p\u00eacheries commerciales jouaient un r\u00f4le fondamental.  Au bas de ce tableau d\u00e9peignant un \u00e9tablissement de p\u00eache sur la Baie de Plaisance, \u00e0 Terre-Neuve, on aper\u00e7oit de la morue s\u00e9cher sur des tr\u00e9teaux.<div class='credit'>  Fishing Station, Placentia Bay, Newfoundland, Avec la permission du Royal Ontario Museum \u00a9 ROM.  957.91<\/div>\"><img loading=\"lazy\" decoding=\"async\" class=\"size-large wp-image-1934\" title=\"\u00c9tablissement de p\u00eache, Baie de Plaisance, vers 1700 | Gerard van Edema, vers 1700.  Avec la permission du Royal Ontario Museum \u00a9 ROM.\" src=\"https:\/\/www.museedelhistoire.ca\/musee-virtuel-de-la-nouvelle-france\/files\/2011\/04\/Nouvelle-France_3_0_Plaisance_v1700-500x408.jpg\" alt=\"\u00c9tablissement de p\u00eache, Baie de Plaisance, vers 1700.\" width=\"500\" height=\"408\" srcset=\"https:\/\/www.museedelhistoire.ca\/musee-virtuel-de-la-nouvelle-france\/files\/2011\/04\/Nouvelle-France_3_0_Plaisance_v1700-500x408.jpg 500w, https:\/\/www.museedelhistoire.ca\/musee-virtuel-de-la-nouvelle-france\/files\/2011\/04\/Nouvelle-France_3_0_Plaisance_v1700-183x150.jpg 183w, https:\/\/www.museedelhistoire.ca\/musee-virtuel-de-la-nouvelle-france\/files\/2011\/04\/Nouvelle-France_3_0_Plaisance_v1700-225x183.jpg 225w, https:\/\/www.museedelhistoire.ca\/musee-virtuel-de-la-nouvelle-france\/files\/2011\/04\/Nouvelle-France_3_0_Plaisance_v1700-62x50.jpg 62w, https:\/\/www.museedelhistoire.ca\/musee-virtuel-de-la-nouvelle-france\/files\/2011\/04\/Nouvelle-France_3_0_Plaisance_v1700-106x86.jpg 106w, https:\/\/www.museedelhistoire.ca\/musee-virtuel-de-la-nouvelle-france\/files\/2011\/04\/Nouvelle-France_3_0_Plaisance_v1700-490x400.jpg 490w, https:\/\/www.museedelhistoire.ca\/musee-virtuel-de-la-nouvelle-france\/files\/2011\/04\/Nouvelle-France_3_0_Plaisance_v1700-195x159.jpg 195w, https:\/\/www.museedelhistoire.ca\/musee-virtuel-de-la-nouvelle-france\/files\/2011\/04\/Nouvelle-France_3_0_Plaisance_v1700-132x107.jpg 132w, https:\/\/www.museedelhistoire.ca\/musee-virtuel-de-la-nouvelle-france\/files\/2011\/04\/Nouvelle-France_3_0_Plaisance_v1700.jpg 700w\" sizes=\"(max-width: 500px) 100vw, 500px\" \/><\/a><p class=\"wp-caption-text\"><span>\u00c9tablissement de p\u00eache, Baie de Plaisance, vers 1700, Gerard van Edema<\/span><\/p><\/div>\n<p>Cette section traite des d\u00e9buts du commerce \u00e0 l&rsquo;\u00e9poque de la colonisation fran\u00e7aise en Am\u00e9rique du Nord. On y rappelle que la p\u00eache \u00e0 la baleine et \u00e0 la morue, une activit\u00e9 saisonni\u00e8re, a suscit\u00e9 l\u2019\u00e9tablissement des premiers Fran\u00e7ais sur le continent. Certes, par la suite, cette activit\u00e9 n\u2019occupera qu\u2019une faible partie de la population, mais elle demeurera n\u00e9anmoins une composante importante de l\u2019\u00e9conomie durant tout le R\u00e9gime fran\u00e7ais, voire au-del\u00e0.<\/p>\n<p>Le commerce des fourrures constitue le v\u00e9ritable moteur \u00e9conomique de la Nouvelle-France. L&rsquo;exploitation de la pelleterie, qui a assur\u00e9 la richesse de Canadiens, est en grande partie ce qui a favoris\u00e9 l\u2019exploration du continent. En outre, la traite a permis de nouer des alliances avec de nombreux peuples autochtones.<\/p>\n<p>Enfin, m\u00eame si la politique mercantiliste de la France interdisait la cr\u00e9ation d\u2019entreprises susceptibles de\u00a0rivaliser avec\u00a0celles de la m\u00e9tropole, une vari\u00e9t\u00e9 d&rsquo;initiatives\u00a0ont donn\u00e9 naissance \u00e0 un secteur artisanal et industriel.<\/p>\n","protected":false},"excerpt":{"rendered":"<p>Pour qu\u2019une colonie outre-mer puisse survivre, il faut favoriser la cr\u00e9ation d\u2019entreprises sur place, exploiter ses richesses naturelles et assurer la production des biens de premi\u00e8re n\u00e9cessit\u00e9. Cette section traite des d\u00e9buts du commerce \u00e0 l&rsquo;\u00e9poque de la colonisation fran\u00e7aise en Am\u00e9rique du Nord. On y rappelle que la p\u00eache \u00e0 la baleine et \u00e0 [&hellip;]<\/p>\n","protected":false},"author":4,"featured_media":1268,"parent":0,"menu_order":6,"comment_status":"open","ping_status":"open","template":"","meta":{"footnotes":""},"_links":{"self":[{"href":"https:\/\/www.museedelhistoire.ca\/musee-virtuel-de-la-nouvelle-france\/wp-json\/wp\/v2\/pages\/300"}],"collection":[{"href":"https:\/\/www.museedelhistoire.ca\/musee-virtuel-de-la-nouvelle-france\/wp-json\/wp\/v2\/pages"}],"about":[{"href":"https:\/\/www.museedelhistoire.ca\/musee-virtuel-de-la-nouvelle-france\/wp-json\/wp\/v2\/types\/page"}],"author":[{"embeddable":true,"href":"https:\/\/www.museedelhistoire.ca\/musee-virtuel-de-la-nouvelle-france\/wp-json\/wp\/v2\/users\/4"}],"replies":[{"embeddable":true,"href":"https:\/\/www.museedelhistoire.ca\/musee-virtuel-de-la-nouvelle-france\/wp-json\/wp\/v2\/comments?post=300"}],"version-history":[{"count":21,"href":"https:\/\/www.museedelhistoire.ca\/musee-virtuel-de-la-nouvelle-france\/wp-json\/wp\/v2\/pages\/300\/revisions"}],"predecessor-version":[{"id":4170,"href":"https:\/\/www.museedelhistoire.ca\/musee-virtuel-de-la-nouvelle-france\/wp-json\/wp\/v2\/pages\/300\/revisions\/4170"}],"wp:featuredmedia":[{"embeddable":true,"href":"https:\/\/www.museedelhistoire.ca\/musee-virtuel-de-la-nouvelle-france\/wp-json\/wp\/v2\/media\/1268"}],"wp:attachment":[{"href":"https:\/\/www.museedelhistoire.ca\/musee-virtuel-de-la-nouvelle-france\/wp-json\/wp\/v2\/media?parent=300"}],"curies":[{"name":"wp","href":"https:\/\/api.w.org\/{rel}","templated":true}]}}