{"id":321,"date":"2011-04-05T20:13:24","date_gmt":"2011-04-05T20:13:24","guid":{"rendered":"https:\/\/www.museedelhistoire.ca\/musee-virtuel-de-la-nouvelle-france\/"},"modified":"2011-06-07T15:04:53","modified_gmt":"2011-06-07T19:04:53","slug":"heritage-de-la-musee-virtuel-de-la-nouvelle-france","status":"publish","type":"page","link":"https:\/\/www.museedelhistoire.ca\/musee-virtuel-de-la-nouvelle-france\/heritage-de-la-musee-virtuel-de-la-nouvelle-france\/","title":{"rendered":"H\u00e9ritage de la Nouvelle-france"},"content":{"rendered":"<p>La Nouvelle-France dispara\u00eet en 1763, mais ses legs persistent encore aujourd\u2019hui. La cession de son territoire occup\u00e9 et revendiqu\u00e9 \u00e0 la Grande-Bretagne et \u00e0 l\u2019Espagne entra\u00eene une transition politique capitale.\u00a0\u00a0 Les r\u00e9seaux transatlantiques qui l\u2019animaient jusqu\u2019alors sont reconfigur\u00e9s de mani\u00e8re fondamentale.\u00a0 Sa population reste toutefois solidement enracin\u00e9e.\u00a0\u00a0 Cette population ne perd pas du jour au lendemain sa religion, ses coutumes, sa langue.\u00a0\u00a0 Les institutions coloniales sont r\u00e9am\u00e9nag\u00e9es, mais dans plusieurs cas conservent encore longtemps leur caract\u00e8re du R\u00e9gime fran\u00e7ais.<\/p>\n<div id=\"attachment_1904\" class=\"wp-caption aligncenter\" style=\"width:500px\"><a class=\"popup-gallery-opener group-6\" href=\"https:\/\/www.museedelhistoire.ca\/musee-virtuel-de-la-nouvelle-france\/files\/2011\/04\/Nouvelle-France_6_0_Canonniers-a-Niagara.jpg\" data-title=\"<strong>Reconstitution au Fort Niagara<\/strong><br \/>Le XXI&lt;sup&gt;e&lt;\/sup&gt; si\u00e8cle \u00e0 la rencontre du XVIIIe : en premier plan, des reconstituteurs de la Compagnie des canonniers-bombardiers de Qu\u00e9bec participent \u00e0 l&#039;animation du 250e anniversaire de la chute du Fort Niagara en 2009; du haut des remparts, une foule de touristes les contemplent. \r\n<div class='credit'> Compagnie des canonniers-bombardiers de Qu\u00e9bec.<\/div>\"><img loading=\"lazy\" decoding=\"async\" class=\"size-large wp-image-1904\" title=\"Reconstitution au Fort Niagara | Compagnie des canonniers-bombardiers de Qu\u00e9bec.\" src=\"https:\/\/www.museedelhistoire.ca\/musee-virtuel-de-la-nouvelle-france\/files\/2011\/04\/Nouvelle-France_6_0_Canonniers-a-Niagara-500x375.jpg\" alt=\"Reconstitution au Fort Niagara\" width=\"500\" height=\"375\" srcset=\"https:\/\/www.museedelhistoire.ca\/musee-virtuel-de-la-nouvelle-france\/files\/2011\/04\/Nouvelle-France_6_0_Canonniers-a-Niagara-500x375.jpg 500w, https:\/\/www.museedelhistoire.ca\/musee-virtuel-de-la-nouvelle-france\/files\/2011\/04\/Nouvelle-France_6_0_Canonniers-a-Niagara-199x150.jpg 199w, https:\/\/www.museedelhistoire.ca\/musee-virtuel-de-la-nouvelle-france\/files\/2011\/04\/Nouvelle-France_6_0_Canonniers-a-Niagara-225x169.jpg 225w, https:\/\/www.museedelhistoire.ca\/musee-virtuel-de-la-nouvelle-france\/files\/2011\/04\/Nouvelle-France_6_0_Canonniers-a-Niagara-62x46.jpg 62w, https:\/\/www.museedelhistoire.ca\/musee-virtuel-de-la-nouvelle-france\/files\/2011\/04\/Nouvelle-France_6_0_Canonniers-a-Niagara-106x79.jpg 106w, https:\/\/www.museedelhistoire.ca\/musee-virtuel-de-la-nouvelle-france\/files\/2011\/04\/Nouvelle-France_6_0_Canonniers-a-Niagara-490x368.jpg 490w, https:\/\/www.museedelhistoire.ca\/musee-virtuel-de-la-nouvelle-france\/files\/2011\/04\/Nouvelle-France_6_0_Canonniers-a-Niagara-195x146.jpg 195w, https:\/\/www.museedelhistoire.ca\/musee-virtuel-de-la-nouvelle-france\/files\/2011\/04\/Nouvelle-France_6_0_Canonniers-a-Niagara-132x99.jpg 132w, https:\/\/www.museedelhistoire.ca\/musee-virtuel-de-la-nouvelle-france\/files\/2011\/04\/Nouvelle-France_6_0_Canonniers-a-Niagara.jpg 700w\" sizes=\"(max-width: 500px) 100vw, 500px\" \/><\/a><p class=\"wp-caption-text\"><span>Reconstitution au Fort Niagara<\/span><\/p><\/div>\n<p>L\u2019h\u00e9ritage de la Nouvelle-France est omnipr\u00e9sent.\u00a0\u00a0 Les populations issues du peuplement fran\u00e7ais des XVIIe et XVIIIe si\u00e8cles continuent \u00e0 s\u2019\u00e9panouir, au Qu\u00e9bec, mais aussi ailleurs au Canada et aux \u00c9tats-Unis.\u00a0\u00a0 Au fil des recherches g\u00e9n\u00e9alogiques, on remonte rapidement au R\u00e9gime fran\u00e7ais.\u00a0 L\u2019h\u00e9ritage de la Nouvelle-France transparait dans les particularit\u00e9s des parlers fran\u00e7ais d\u2019Am\u00e9rique.\u00a0\u00a0 Par la toponymie fran\u00e7aise ou autochtone fix\u00e9e par les explorateurs et pionniers, cet h\u00e9ritage est inscrit sur le territoire.<\/p>\n<p>Depuis le d\u00e9but du XXe si\u00e8cle, on comm\u00e9more aussi de mani\u00e8re plus explicite la Nouvelle-France.\u00a0 Du tricentenaire de la fondation de la ville de Qu\u00e9bec, en 1908, au deux cent cinquanti\u00e8me\u00a0 de la Bataille des Plaines d\u2019Abraham, en 2010, les manifestations culturelles et les c\u00e9r\u00e9monies solennelles se succ\u00e8dent.\u00a0 Les monuments aux personnages et aux \u00e9v\u00e9nements fondateurs se sont multipli\u00e9s au cours des ann\u00e9es.\u00a0\u00a0 Plusieurs sites historiques ont \u00e9t\u00e9 reconstruits et anim\u00e9s, tant\u00f4t par des gouvernements, tant\u00f4t par des amateurs d\u00e9vou\u00e9s.\u00a0 La Nouvelle-France, tout compte fait, n\u2019est pas compl\u00e8tement disparue.<\/p>\n","protected":false},"excerpt":{"rendered":"<p>La Nouvelle-France dispara\u00eet en 1763, mais ses legs persistent encore aujourd\u2019hui. La cession de son territoire occup\u00e9 et revendiqu\u00e9 \u00e0 la Grande-Bretagne et \u00e0 l\u2019Espagne entra\u00eene une transition politique capitale.\u00a0\u00a0 Les r\u00e9seaux transatlantiques qui l\u2019animaient jusqu\u2019alors sont reconfigur\u00e9s de mani\u00e8re fondamentale.\u00a0 Sa population reste toutefois solidement enracin\u00e9e.\u00a0\u00a0 Cette population ne perd pas du jour au [&hellip;]<\/p>\n","protected":false},"author":6,"featured_media":1288,"parent":0,"menu_order":12,"comment_status":"open","ping_status":"open","template":"","meta":{"footnotes":""},"_links":{"self":[{"href":"https:\/\/www.museedelhistoire.ca\/musee-virtuel-de-la-nouvelle-france\/wp-json\/wp\/v2\/pages\/321"}],"collection":[{"href":"https:\/\/www.museedelhistoire.ca\/musee-virtuel-de-la-nouvelle-france\/wp-json\/wp\/v2\/pages"}],"about":[{"href":"https:\/\/www.museedelhistoire.ca\/musee-virtuel-de-la-nouvelle-france\/wp-json\/wp\/v2\/types\/page"}],"author":[{"embeddable":true,"href":"https:\/\/www.museedelhistoire.ca\/musee-virtuel-de-la-nouvelle-france\/wp-json\/wp\/v2\/users\/6"}],"replies":[{"embeddable":true,"href":"https:\/\/www.museedelhistoire.ca\/musee-virtuel-de-la-nouvelle-france\/wp-json\/wp\/v2\/comments?post=321"}],"version-history":[{"count":20,"href":"https:\/\/www.museedelhistoire.ca\/musee-virtuel-de-la-nouvelle-france\/wp-json\/wp\/v2\/pages\/321\/revisions"}],"predecessor-version":[{"id":490,"href":"https:\/\/www.museedelhistoire.ca\/musee-virtuel-de-la-nouvelle-france\/wp-json\/wp\/v2\/pages\/321\/revisions\/490"}],"wp:featuredmedia":[{"embeddable":true,"href":"https:\/\/www.museedelhistoire.ca\/musee-virtuel-de-la-nouvelle-france\/wp-json\/wp\/v2\/media\/1288"}],"wp:attachment":[{"href":"https:\/\/www.museedelhistoire.ca\/musee-virtuel-de-la-nouvelle-france\/wp-json\/wp\/v2\/media?parent=321"}],"curies":[{"name":"wp","href":"https:\/\/api.w.org\/{rel}","templated":true}]}}