{"id":327,"date":"2011-04-05T20:15:07","date_gmt":"2011-04-05T20:15:07","guid":{"rendered":"https:\/\/www.museedelhistoire.ca\/musee-virtuel-de-la-nouvelle-france\/"},"modified":"2012-06-06T10:41:59","modified_gmt":"2012-06-06T14:41:59","slug":"credits","status":"publish","type":"page","link":"https:\/\/www.museedelhistoire.ca\/musee-virtuel-de-la-nouvelle-france\/credits\/","title":{"rendered":"Cr\u00e9dits"},"content":{"rendered":"<h2>\u00c9quipe du Mus\u00e9e Virtuel de la Nouvelle-France<\/h2>\n<p><strong>Direction de projet\u00a0et conception :<\/strong> Yves MONETTE, Ph.D., Conservateur, Arch\u00e9ologie du Qu\u00e9bec, Mus\u00e9e canadien des civilisations<br \/>\n<strong>Codirection de projet :<\/strong> Jean-Fran\u00e7ois LOZIER, Ph.D., Conservateur, Histoire du Canada avant 1800, Mus\u00e9e canadien des civilisations<br \/>\n<strong>R\u00e9vision du contenu :<\/strong> Jean-Pierre HARDY, Ph.D., historien<br \/>\n<strong>Recherchiste :<\/strong> Caroline JOBIN<\/p>\n<h2>Collaborateurs principaux<\/h2>\n<p><strong>Du Moyen-Age aux Grandes d\u00e9couvertes :<\/strong>  Anna LEWIS, Ph.D. historienne<br \/>\n<strong>Lieux de fondation :<\/strong> Raymonde LITALIEN, Ph.D., archiviste et historienne, Biblioth\u00e8que et Archives Canada<br \/>\n<strong>Expansion territoriale et alliances :<\/strong> Arnaud BALVAY, Ph.D., historien<br \/>\n<strong>D\u2019autres puissances coloniales :<\/strong> Lauric HENNETON, Ph.D., Universit\u00e9 Versailles Saint-Quentin en Yvelines (France)<br \/>\n<strong>Administration et lieux de pouvoir :<\/strong> Marie-\u00c8ve OUELLET, doctorante, Universit\u00e9 de Montr\u00e9al et Universit\u00e9 Rennes 2 Haute-Bretagne (France)<br \/>\n<strong>Baleiniers basques :<\/strong> Peter E. POPE, Ph.D., Universit\u00e9 Memorial, Terre-Neuve<br \/>\n<strong>Immigration :<\/strong> Leslie CHOQUETTE, Ph.D., Assumption College (MA)<br \/>\n<strong>Esclavage<\/strong> et <strong>Groupes sociaux :<\/strong> Arnaud BESSI\u00c8RE, Ph.D., CIEQ \u2013 Universit\u00e9 de Montr\u00e9al<br \/>\n<strong>Communaut\u00e9s religieuses :<\/strong> Claire GOURDEAU, M.A., historienne<br \/>\n<strong>Pays d\u2019en Haut et Louisiane :<\/strong> Elizabeth SCOTT, Ph.D., Illinois State University<br \/>\n<strong>Alimentation :<\/strong>  Yvon DESLOGES, Ph.D., historien<br \/>\n<strong>Divertissements :<\/strong> Gilles PROULX, Ph.D., historien<br \/>\n<strong>Sant\u00e9 et m\u00e9decine :<\/strong> St\u00e9phanie T\u00c9SIO, Ph.D., historienne<br \/>\n<strong>Architecture vernaculaire en Nouvelle-France :<\/strong> H\u00e9l\u00e8ne C\u00d4T\u00c9, Ph.D., arch\u00e9ologue historique<\/p>\n<h2>D\u00e9veloppement Web<\/h2>\n<p><strong>Concepteur de pages Web :<\/strong> Charles WHALEN<br \/>\n<strong>Analyste de l&rsquo;assurance de la qualit\u00e9 Web :<\/strong> Sandra HAMMEL<br \/>\n<strong>D\u00e9veloppeur Web :<\/strong> Shane BRYSON<br \/>\n<strong>Gestionnaire de projet Web :<\/strong> Rafy TERZIAN<\/p>\n","protected":false},"excerpt":{"rendered":"<p>\u00c9quipe du Mus\u00e9e Virtuel de la Nouvelle-France Direction de projet\u00a0et conception : Yves MONETTE, Ph.D., Conservateur, Arch\u00e9ologie du Qu\u00e9bec, Mus\u00e9e canadien des civilisations Codirection de projet : Jean-Fran\u00e7ois LOZIER, Ph.D., Conservateur, Histoire du Canada avant 1800, Mus\u00e9e canadien des civilisations R\u00e9vision du contenu : Jean-Pierre HARDY, Ph.D., historien Recherchiste : Caroline JOBIN Collaborateurs principaux Du [&hellip;]<\/p>\n","protected":false},"author":15,"featured_media":2257,"parent":0,"menu_order":87,"comment_status":"open","ping_status":"open","template":"","meta":{"footnotes":""},"_links":{"self":[{"href":"https:\/\/www.museedelhistoire.ca\/musee-virtuel-de-la-nouvelle-france\/wp-json\/wp\/v2\/pages\/327"}],"collection":[{"href":"https:\/\/www.museedelhistoire.ca\/musee-virtuel-de-la-nouvelle-france\/wp-json\/wp\/v2\/pages"}],"about":[{"href":"https:\/\/www.museedelhistoire.ca\/musee-virtuel-de-la-nouvelle-france\/wp-json\/wp\/v2\/types\/page"}],"author":[{"embeddable":true,"href":"https:\/\/www.museedelhistoire.ca\/musee-virtuel-de-la-nouvelle-france\/wp-json\/wp\/v2\/users\/15"}],"replies":[{"embeddable":true,"href":"https:\/\/www.museedelhistoire.ca\/musee-virtuel-de-la-nouvelle-france\/wp-json\/wp\/v2\/comments?post=327"}],"version-history":[{"count":33,"href":"https:\/\/www.museedelhistoire.ca\/musee-virtuel-de-la-nouvelle-france\/wp-json\/wp\/v2\/pages\/327\/revisions"}],"predecessor-version":[{"id":4802,"href":"https:\/\/www.museedelhistoire.ca\/musee-virtuel-de-la-nouvelle-france\/wp-json\/wp\/v2\/pages\/327\/revisions\/4802"}],"wp:featuredmedia":[{"embeddable":true,"href":"https:\/\/www.museedelhistoire.ca\/musee-virtuel-de-la-nouvelle-france\/wp-json\/wp\/v2\/media\/2257"}],"wp:attachment":[{"href":"https:\/\/www.museedelhistoire.ca\/musee-virtuel-de-la-nouvelle-france\/wp-json\/wp\/v2\/media?parent=327"}],"curies":[{"name":"wp","href":"https:\/\/api.w.org\/{rel}","templated":true}]}}