{"id":337,"date":"2011-04-05T20:20:52","date_gmt":"2011-04-05T20:20:52","guid":{"rendered":"https:\/\/www.museedelhistoire.ca\/musee-virtuel-de-la-nouvelle-france\/"},"modified":"2015-10-01T08:23:04","modified_gmt":"2015-10-01T12:23:04","slug":"lamerique-du-nord-avant-la-musee-virtuel-de-la-nouvelle-france","status":"publish","type":"page","link":"https:\/\/www.museedelhistoire.ca\/musee-virtuel-de-la-nouvelle-france\/colonies-et-empires\/lamerique-du-nord-avant-la-musee-virtuel-de-la-nouvelle-france\/","title":{"rendered":"L&rsquo;Am\u00e9rique du Nord avant la Nouvelle-France"},"content":{"rendered":"<p>Il y a pr\u00e8s de 11 000 ans, des Am\u00e9rindiens venant du Sud ont commenc\u00e9 \u00e0 parcourir le territoire qui allait devenir, \u00e0 l\u2019\u00e9poque moderne, la Nouvelle-France. L\u2019arriv\u00e9e de ces hommes et de ces femmes dans ce qu\u2019on appellera bien plus tard l\u2019Am\u00e9rique septentrionale, marque le d\u00e9but de l\u2019occupation de terres tout juste d\u00e9barrass\u00e9es des glaces qui les recouvraient jusqu\u2019alors.<\/p>\n<div id=\"attachment_1966\" class=\"wp-caption aligncenter\" style=\"width:500px\"><a class=\"popup-gallery-opener group-2_1\" href=\"https:\/\/www.museedelhistoire.ca\/musee-virtuel-de-la-nouvelle-france\/files\/2011\/04\/Nouvelle-France_2_1_Effigie-de-tortue.jpg\" data-title=\"<strong>Effigie de tortue<\/strong><br \/>Plusieurs populations autochtones croyaient vivre sur le dos d\u2019une Grande Tortue flottant sur une mer ancienne.  Cette petite effigie, sculpt\u00e9e dans de la st\u00e9atite de couleur ambre et d\u00e9cor\u00e9e de motifs incis\u00e9s, a \u00e9t\u00e9 retrouv\u00e9e non loin de la Rivi\u00e8re des Outaouais, dans le comt\u00e9 de Renfrew en Ontario.  La date de sa fabrication nous est inconnue, mais est probablement ant\u00e9rieure \u00e0 l\u2019arriv\u00e9e des Fran\u00e7ais.\r\n<div class='credit'> \u00a9 Mus\u00e9e canadien des civilisations, no. VIII-F-19841, photo Marie-Louise Deruaz, IMG2008-0583-0257-Dm<\/div>\"><img loading=\"lazy\" decoding=\"async\" class=\"size-large wp-image-1966\" src=\"https:\/\/www.museedelhistoire.ca\/musee-virtuel-de-la-nouvelle-france\/files\/2011\/04\/Nouvelle-France_2_1_Effigie-de-tortue-500x302.jpg\" alt=\"Effigie de tortue\" width=\"500\" height=\"302\" srcset=\"https:\/\/www.museedelhistoire.ca\/musee-virtuel-de-la-nouvelle-france\/files\/2011\/04\/Nouvelle-France_2_1_Effigie-de-tortue-500x302.jpg 500w, https:\/\/www.museedelhistoire.ca\/musee-virtuel-de-la-nouvelle-france\/files\/2011\/04\/Nouvelle-France_2_1_Effigie-de-tortue-248x150.jpg 248w, https:\/\/www.museedelhistoire.ca\/musee-virtuel-de-la-nouvelle-france\/files\/2011\/04\/Nouvelle-France_2_1_Effigie-de-tortue-225x135.jpg 225w, https:\/\/www.museedelhistoire.ca\/musee-virtuel-de-la-nouvelle-france\/files\/2011\/04\/Nouvelle-France_2_1_Effigie-de-tortue-62x37.jpg 62w, https:\/\/www.museedelhistoire.ca\/musee-virtuel-de-la-nouvelle-france\/files\/2011\/04\/Nouvelle-France_2_1_Effigie-de-tortue-106x64.jpg 106w, https:\/\/www.museedelhistoire.ca\/musee-virtuel-de-la-nouvelle-france\/files\/2011\/04\/Nouvelle-France_2_1_Effigie-de-tortue-490x296.jpg 490w, https:\/\/www.museedelhistoire.ca\/musee-virtuel-de-la-nouvelle-france\/files\/2011\/04\/Nouvelle-France_2_1_Effigie-de-tortue-195x117.jpg 195w, https:\/\/www.museedelhistoire.ca\/musee-virtuel-de-la-nouvelle-france\/files\/2011\/04\/Nouvelle-France_2_1_Effigie-de-tortue-132x79.jpg 132w, https:\/\/www.museedelhistoire.ca\/musee-virtuel-de-la-nouvelle-france\/files\/2011\/04\/Nouvelle-France_2_1_Effigie-de-tortue.jpg 700w\" sizes=\"(max-width: 500px) 100vw, 500px\" \/><\/a><p class=\"wp-caption-text\"><span>Effigie de tortue<\/span><\/p><\/div>\n<p>Dans cet article passionnant, Michel Plourde nous d\u00e9voile une facette tr\u00e8s largement m\u00e9connue de l\u2019histoire, ou plus exactement, de la pr\u00e9histoire de la Nouvelle-France. En effet, il nous invite \u00e0 d\u00e9couvrir les diff\u00e9rentes civilisations am\u00e9rindiennes ayant v\u00e9cu dans zones de peuplement principales de la Nouvelle-France \u2013 l\u2019Acadie, la vall\u00e9e du Saint-Laurent et la Louisiane \u2013 durant le mill\u00e9naire qui pr\u00e9c\u00e9da l\u2019installation des premiers colons europ\u00e9ens.<\/p>\n<p>En se basant sur les donn\u00e9es arch\u00e9ologiques les plus r\u00e9centes, l\u2019auteur nous pr\u00e9sente ces diff\u00e9rents peuples, lointains anc\u00eatres des Iroquois, des Hurons, des Innus ou encore des Natchez, et met en \u00e9vidence les diff\u00e9rences culturelles qui pouvaient exister entre eux, tant sur le plan de l\u2019organisation sociale que sur celui de l\u2019\u00e9conomie, ou du mode de vie.<\/p>\n<p>Ainsi, l\u2019on suivra avec \u00e9tonnement l\u2019\u00e9volution de leurs modes de vie et de leurs cultures et l\u2019on d\u00e9couvrira les changements majeurs survenus, notamment dans leur fa\u00e7on de se nourrir, au cours du dernier mill\u00e9naire de la p\u00e9riode que l\u2019on appelle pr\u00e9historique.<\/p>\n","protected":false},"excerpt":{"rendered":"<p>Il y a pr\u00e8s de 11 000 ans, des Am\u00e9rindiens venant du Sud ont commenc\u00e9 \u00e0 parcourir le territoire qui allait devenir, \u00e0 l\u2019\u00e9poque moderne, la Nouvelle-France. L\u2019arriv\u00e9e de ces hommes et de ces femmes dans ce qu\u2019on appellera bien plus tard l\u2019Am\u00e9rique septentrionale, marque le d\u00e9but de l\u2019occupation de terres tout juste d\u00e9barrass\u00e9es des [&hellip;]<\/p>\n","protected":false},"author":4,"featured_media":0,"parent":298,"menu_order":0,"comment_status":"closed","ping_status":"closed","template":"","meta":{"footnotes":""},"_links":{"self":[{"href":"https:\/\/www.museedelhistoire.ca\/musee-virtuel-de-la-nouvelle-france\/wp-json\/wp\/v2\/pages\/337"}],"collection":[{"href":"https:\/\/www.museedelhistoire.ca\/musee-virtuel-de-la-nouvelle-france\/wp-json\/wp\/v2\/pages"}],"about":[{"href":"https:\/\/www.museedelhistoire.ca\/musee-virtuel-de-la-nouvelle-france\/wp-json\/wp\/v2\/types\/page"}],"author":[{"embeddable":true,"href":"https:\/\/www.museedelhistoire.ca\/musee-virtuel-de-la-nouvelle-france\/wp-json\/wp\/v2\/users\/4"}],"replies":[{"embeddable":true,"href":"https:\/\/www.museedelhistoire.ca\/musee-virtuel-de-la-nouvelle-france\/wp-json\/wp\/v2\/comments?post=337"}],"version-history":[{"count":5,"href":"https:\/\/www.museedelhistoire.ca\/musee-virtuel-de-la-nouvelle-france\/wp-json\/wp\/v2\/pages\/337\/revisions"}],"predecessor-version":[{"id":4986,"href":"https:\/\/www.museedelhistoire.ca\/musee-virtuel-de-la-nouvelle-france\/wp-json\/wp\/v2\/pages\/337\/revisions\/4986"}],"up":[{"embeddable":true,"href":"https:\/\/www.museedelhistoire.ca\/musee-virtuel-de-la-nouvelle-france\/wp-json\/wp\/v2\/pages\/298"}],"wp:attachment":[{"href":"https:\/\/www.museedelhistoire.ca\/musee-virtuel-de-la-nouvelle-france\/wp-json\/wp\/v2\/media?parent=337"}],"curies":[{"name":"wp","href":"https:\/\/api.w.org\/{rel}","templated":true}]}}