{"id":350,"date":"2011-04-07T15:55:05","date_gmt":"2011-04-07T15:55:05","guid":{"rendered":"https:\/\/www.museedelhistoire.ca\/musee-virtuel-de-la-nouvelle-france\/"},"modified":"2012-04-13T10:57:11","modified_gmt":"2012-04-13T14:57:11","slug":"du-moyen-age-aux-grandes-decouvertes","status":"publish","type":"page","link":"https:\/\/www.museedelhistoire.ca\/musee-virtuel-de-la-nouvelle-france\/colonies-et-empires\/du-moyen-age-aux-grandes-decouvertes\/","title":{"rendered":"Du Moyen-Age aux Grandes d\u00e9couvertes"},"content":{"rendered":"<div id=\"attachment_1968\" class=\"wp-caption alignright\" style=\"width:225px\"><a class=\"popup-gallery-opener group-2_2\" href=\"https:\/\/www.museedelhistoire.ca\/musee-virtuel-de-la-nouvelle-france\/files\/2011\/04\/Nouvelle-France_2_2_Cabasset.jpg\" data-title=\"<strong>Cabasset, Espagne, premi\u00e8re moiti\u00e9 du XVIIe si\u00e8cle<\/strong><br \/>Le cabasset fut un des mod\u00e8les de casque les plus typiques chez l\u2019infanterie europ\u00e9enne entre le d\u00e9but du XII&lt;sup&gt;e&lt;\/sup&gt; si\u00e8cle et le milieu du XVIII&lt;sup&gt;e&lt;\/sup&gt;.  Il se distingue par un bord \u00e9troit et g\u00e9n\u00e9ralement plat, ainsi que par un timbre en forme d\u2019amande se terminant par un petit \u00e9peron.  En raison des progr\u00e8s techniques dans le domaine des armes \u00e0 feu, l\u2019importance de l\u2019armure personnelle s\u2019affaiblit beaucoup au courant de l\u2019\u00e8re moderne. \r\n<div class='credit'> MCG 19740236-003 \u00a9 Mus\u00e9e canadien de la guerre<\/div>\"><img loading=\"lazy\" decoding=\"async\" class=\"size-medium wp-image-1968\" src=\"https:\/\/www.museedelhistoire.ca\/musee-virtuel-de-la-nouvelle-france\/files\/2011\/04\/Nouvelle-France_2_2_Cabasset-225x224.jpg\" alt=\"Cabasset, Espagne, premi\u00e8re moiti\u00e9 du XVIIe si\u00e8cle\" width=\"225\" height=\"224\" srcset=\"https:\/\/www.museedelhistoire.ca\/musee-virtuel-de-la-nouvelle-france\/files\/2011\/04\/Nouvelle-France_2_2_Cabasset-225x224.jpg 225w, https:\/\/www.museedelhistoire.ca\/musee-virtuel-de-la-nouvelle-france\/files\/2011\/04\/Nouvelle-France_2_2_Cabasset-150x150.jpg 150w, https:\/\/www.museedelhistoire.ca\/musee-virtuel-de-la-nouvelle-france\/files\/2011\/04\/Nouvelle-France_2_2_Cabasset-500x500.jpg 500w, https:\/\/www.museedelhistoire.ca\/musee-virtuel-de-la-nouvelle-france\/files\/2011\/04\/Nouvelle-France_2_2_Cabasset-62x61.jpg 62w, https:\/\/www.museedelhistoire.ca\/musee-virtuel-de-la-nouvelle-france\/files\/2011\/04\/Nouvelle-France_2_2_Cabasset-106x105.jpg 106w, https:\/\/www.museedelhistoire.ca\/musee-virtuel-de-la-nouvelle-france\/files\/2011\/04\/Nouvelle-France_2_2_Cabasset-490x489.jpg 490w, https:\/\/www.museedelhistoire.ca\/musee-virtuel-de-la-nouvelle-france\/files\/2011\/04\/Nouvelle-France_2_2_Cabasset-195x194.jpg 195w, https:\/\/www.museedelhistoire.ca\/musee-virtuel-de-la-nouvelle-france\/files\/2011\/04\/Nouvelle-France_2_2_Cabasset-132x131.jpg 132w, https:\/\/www.museedelhistoire.ca\/musee-virtuel-de-la-nouvelle-france\/files\/2011\/04\/Nouvelle-France_2_2_Cabasset.jpg 601w\" sizes=\"(max-width: 225px) 100vw, 225px\" \/><\/a><p class=\"wp-caption-text\"><span>Cabasset, Espagne, premi\u00e8re moiti\u00e9 du XVIIe si\u00e8cle<\/span><\/p><\/div>\n<p>1492\u00a0: une date d\u00e9terminante dans l\u2019histoire de l\u2019humanit\u00e9. Elle repr\u00e9sente une formidable d\u00e9couverte pour certains; une catastrophe, pour d\u2019autres. Elle constitue une nette d\u00e9marcation dans l&rsquo;histoire, car la d\u00e9couverte de l\u2019Am\u00e9rique va remettre en question bon nombre des connaissances au sujet de la Terre. C\u2019est d\u2019ailleurs la raison pour laquelle les historiens ont choisi cette date pour situer le d\u00e9but d&rsquo;une nouvelle p\u00e9riode historique\u00a0: l\u2019\u00e9poque moderne.<\/p>\n<p>Le succ\u00e8s de l\u2019exp\u00e9dition dirig\u00e9e par Christophe Colomb, qui fut, officiellement du moins, le premier Europ\u00e9en \u00e0 fouler le sol de l&rsquo;Am\u00e9rique, a trop souvent fait oublier les multiples exp\u00e9ditions pendant le Moyen-\u00c2ge, effectu\u00e9es par mer ou par terre, ainsi que les d\u00e9couvertes r\u00e9alis\u00e9es. Il y a, notamment, la fabuleuse odyss\u00e9e de Marco Polo, marchand v\u00e9nitien qui suivit la route de la soie jusqu\u2019en Chine, le voyage mystique de saint Brendan ou encore l\u2019\u00e9tablissement de Norois, ou Vikings, \u00e0 Terre-Neuve.<\/p>\n<p>Le voyage de Colomb incitera les Europ\u00e9ens \u00e0 rechercher un passage vers l\u2019Orient afin d&rsquo;exploiter les richesses attribu\u00e9es \u00e0 cette r\u00e9gion. Toutefois, \u00e0 l\u2019aube de la Renaissance, de nombreuses croyances infond\u00e9es circulent encore. En effet, si l&rsquo;on sait, depuis l\u2019Antiquit\u00e9, que la Terre est ronde, l\u2019\u00c9glise catholique et certains savants continuent d&rsquo;affirmer que la plan\u00e8te est plate et rectangulaire. Le savoir g\u00e9ographique demeure lacunaire. Certains explorateurs croient encore \u00e0 l\u2019existence de pays mythiques, tels que le royaume du pr\u00eatre Jean, que l\u2019on situe en \u00c9thiopie, ou encore celui du roi Salomon, qui rec\u00e8le, d\u2019apr\u00e8s la l\u00e9gende, d\u2019innombrables richesses.<\/p>\n","protected":false},"excerpt":{"rendered":"<p>1492\u00a0: une date d\u00e9terminante dans l\u2019histoire de l\u2019humanit\u00e9. Elle repr\u00e9sente une formidable d\u00e9couverte pour certains; une catastrophe, pour d\u2019autres. Elle constitue une nette d\u00e9marcation dans l&rsquo;histoire, car la d\u00e9couverte de l\u2019Am\u00e9rique va remettre en question bon nombre des connaissances au sujet de la Terre. C\u2019est d\u2019ailleurs la raison pour laquelle les historiens ont choisi cette [&hellip;]<\/p>\n","protected":false},"author":6,"featured_media":0,"parent":298,"menu_order":1,"comment_status":"open","ping_status":"open","template":"","meta":{"footnotes":""},"_links":{"self":[{"href":"https:\/\/www.museedelhistoire.ca\/musee-virtuel-de-la-nouvelle-france\/wp-json\/wp\/v2\/pages\/350"}],"collection":[{"href":"https:\/\/www.museedelhistoire.ca\/musee-virtuel-de-la-nouvelle-france\/wp-json\/wp\/v2\/pages"}],"about":[{"href":"https:\/\/www.museedelhistoire.ca\/musee-virtuel-de-la-nouvelle-france\/wp-json\/wp\/v2\/types\/page"}],"author":[{"embeddable":true,"href":"https:\/\/www.museedelhistoire.ca\/musee-virtuel-de-la-nouvelle-france\/wp-json\/wp\/v2\/users\/6"}],"replies":[{"embeddable":true,"href":"https:\/\/www.museedelhistoire.ca\/musee-virtuel-de-la-nouvelle-france\/wp-json\/wp\/v2\/comments?post=350"}],"version-history":[{"count":69,"href":"https:\/\/www.museedelhistoire.ca\/musee-virtuel-de-la-nouvelle-france\/wp-json\/wp\/v2\/pages\/350\/revisions"}],"predecessor-version":[{"id":4311,"href":"https:\/\/www.museedelhistoire.ca\/musee-virtuel-de-la-nouvelle-france\/wp-json\/wp\/v2\/pages\/350\/revisions\/4311"}],"up":[{"embeddable":true,"href":"https:\/\/www.museedelhistoire.ca\/musee-virtuel-de-la-nouvelle-france\/wp-json\/wp\/v2\/pages\/298"}],"wp:attachment":[{"href":"https:\/\/www.museedelhistoire.ca\/musee-virtuel-de-la-nouvelle-france\/wp-json\/wp\/v2\/media?parent=350"}],"curies":[{"name":"wp","href":"https:\/\/api.w.org\/{rel}","templated":true}]}}