{"id":3546,"date":"2011-11-21T16:47:40","date_gmt":"2011-11-21T20:47:40","guid":{"rendered":"https:\/\/www.museedelhistoire.ca\/musee-virtuel-de-la-nouvelle-france\/"},"modified":"2012-04-17T12:55:25","modified_gmt":"2012-04-17T16:55:25","slug":"les-explorateurs","status":"publish","type":"page","link":"https:\/\/www.museedelhistoire.ca\/musee-virtuel-de-la-nouvelle-france\/les-explorateurs\/","title":{"rendered":"Les explorateurs"},"content":{"rendered":"<p>Sur les cartes du XVIII<sup>e<\/sup> si\u00e8cle, la Nouvelle-France recouvre un vaste territoire qui s\u2019\u00e9tend de la Baie d\u2019Hudson \u00e0 l\u2019embouchure du Mississippi et des rivages de l\u2019Acadie jusqu\u2019aux montagnes Rocheuses. \u00a0\u00a0\u00c0 vrai dire, ce coup d\u2019\u0153il est trompeur, car les aires de peuplement fran\u00e7ais ne repr\u00e9sentent qu\u2019une infime fraction de ces imposants horizons.\u00a0 Ce coup d\u2019\u0153il t\u00e9moigne cependant de la port\u00e9e prodigieuse de plus de deux cents ans d\u2019explorations et de revendications.<\/p>\n<p>Cette section du Mus\u00e9e virtuel de la Nouvelle-France vous invite \u00e0 faire la connaissance des Fran\u00e7ais qui, tour \u00e0 tour, ont repouss\u00e9 les fronti\u00e8res du territoire connu des Europ\u00e9ens et ont permis \u00e0 la France d\u2019\u00e9tendre sa sph\u00e8re d\u2019influence.<\/p>\n<div id=\"attachment_4356\" class=\"wp-caption aligncenter\" style=\"width:500px\"><a class=\"popup-gallery-opener group-2_4_2\" href=\"https:\/\/www.museedelhistoire.ca\/musee-virtuel-de-la-nouvelle-france\/files\/2012\/04\/Nouvelle-France_2_4_2_Plaque-de-La-V\u00e9rendrye-recto.jpg\" data-title=\"<strong>Plaque de La V\u00e9rendrye (recto)<\/strong><br \/>Cette plaque de plomb a \u00e9t\u00e9 d\u00e9couverte en 1913 \u00e0 la ville de Pierre, au Dakota du Sud. Elle avait \u00e9t\u00e9 enterr\u00e9e par Fran\u00e7ois et Louis-Joseph La V\u00e9rendrye le 30 mars 1743 pour prendre possession du territoire au nom de Louis XV. Il s\u2019agit du point le plus \u00e0 l\u2019ouest explor\u00e9 par les Fran\u00e7ais et ce n\u2019est que 61 plus tard que la r\u00e9gion est revisit\u00e9e par des Blancs, lors de l\u2019exp\u00e9dition de Lewis et Clark.<div class='credit'> Museum of the South Dakota State Historical Society, Pierre SD<\/div>\"><img loading=\"lazy\" decoding=\"async\" src=\"https:\/\/www.museedelhistoire.ca\/musee-virtuel-de-la-nouvelle-france\/files\/2012\/04\/Nouvelle-France_2_4_2_Plaque-de-La-V\u00e9rendrye-recto-500x420.jpg\" alt=\"Plaque de La V\u00e9rendrye (recto)\" width=\"500\" height=\"420\" class=\"size-large wp-image-4356\" srcset=\"https:\/\/www.museedelhistoire.ca\/musee-virtuel-de-la-nouvelle-france\/files\/2012\/04\/Nouvelle-France_2_4_2_Plaque-de-La-V\u00e9rendrye-recto-500x420.jpg 500w, https:\/\/www.museedelhistoire.ca\/musee-virtuel-de-la-nouvelle-france\/files\/2012\/04\/Nouvelle-France_2_4_2_Plaque-de-La-V\u00e9rendrye-recto-150x126.jpg 150w, https:\/\/www.museedelhistoire.ca\/musee-virtuel-de-la-nouvelle-france\/files\/2012\/04\/Nouvelle-France_2_4_2_Plaque-de-La-V\u00e9rendrye-recto-225x189.jpg 225w, https:\/\/www.museedelhistoire.ca\/musee-virtuel-de-la-nouvelle-france\/files\/2012\/04\/Nouvelle-France_2_4_2_Plaque-de-La-V\u00e9rendrye-recto-62x52.jpg 62w, https:\/\/www.museedelhistoire.ca\/musee-virtuel-de-la-nouvelle-france\/files\/2012\/04\/Nouvelle-France_2_4_2_Plaque-de-La-V\u00e9rendrye-recto-106x89.jpg 106w, https:\/\/www.museedelhistoire.ca\/musee-virtuel-de-la-nouvelle-france\/files\/2012\/04\/Nouvelle-France_2_4_2_Plaque-de-La-V\u00e9rendrye-recto-490x412.jpg 490w, https:\/\/www.museedelhistoire.ca\/musee-virtuel-de-la-nouvelle-france\/files\/2012\/04\/Nouvelle-France_2_4_2_Plaque-de-La-V\u00e9rendrye-recto-195x164.jpg 195w, https:\/\/www.museedelhistoire.ca\/musee-virtuel-de-la-nouvelle-france\/files\/2012\/04\/Nouvelle-France_2_4_2_Plaque-de-La-V\u00e9rendrye-recto-132x111.jpg 132w, https:\/\/www.museedelhistoire.ca\/musee-virtuel-de-la-nouvelle-france\/files\/2012\/04\/Nouvelle-France_2_4_2_Plaque-de-La-V\u00e9rendrye-recto.jpg 713w\" sizes=\"(max-width: 500px) 100vw, 500px\" \/><\/a><p class=\"wp-caption-text\"><span>Plaque de La V\u00e9rendrye (recto)<\/span><\/p><\/div>\n<p>De Cartier aux La V\u00e9rendrye, en passant par Champlain\u00a0 et Cavelier de La Salle, vous retracerez le parcours d\u2019hommes entrain\u00e9s toujours plus loin par l\u2019espoir tenace de trouver au prochain tournant des richesses min\u00e9rales\u00a0 ou une voie navigable vers l\u2019Asie.\u00a0 Le Mississippi et la mythique \u00ab\u00a0Mer de l\u2019Ouest\u00a0\u00bb, captiveront\u00a0 longtemps l\u2019imagination.<\/p>\n<p>Allant \u00e0 la rencontre de peuples \u00e9loign\u00e9s, en vue d\u2019en faire des partenaires commerciaux ou d\u2019\u00e9tablir chez eux des missions, des hommes comme Des Groseilliers et Marquette jetteront les fondations d\u2019un crucial r\u00e9seau d\u2019alliance.\u00a0 Inform\u00e9s et guid\u00e9s par des Autochtones, ces explorateurs parcourront le territoire, l\u2019arpenteront et le cartographieront, en d\u00e9crieront les caract\u00e9ristiques et les premiers occupants.\u00a0 \u00a0Faisant d\u00e9couvrir l\u2019Am\u00e9rique du Nord \u00e0 la France et \u00e0 l\u2019Occident, ils pr\u00e9pareront la voie \u00e0 son \u00e9ventuelle colonisation.<\/p>\n","protected":false},"excerpt":{"rendered":"<p>Sur les cartes du XVIIIe si\u00e8cle, la Nouvelle-France recouvre un vaste territoire qui s\u2019\u00e9tend de la Baie d\u2019Hudson \u00e0 l\u2019embouchure du Mississippi et des rivages de l\u2019Acadie jusqu\u2019aux montagnes Rocheuses. \u00a0\u00a0\u00c0 vrai dire, ce coup d\u2019\u0153il est trompeur, car les aires de peuplement fran\u00e7ais ne repr\u00e9sentent qu\u2019une infime fraction de ces imposants horizons.\u00a0 Ce coup [&hellip;]<\/p>\n","protected":false},"author":15,"featured_media":1190,"parent":0,"menu_order":5,"comment_status":"open","ping_status":"open","template":"","meta":{"footnotes":""},"_links":{"self":[{"href":"https:\/\/www.museedelhistoire.ca\/musee-virtuel-de-la-nouvelle-france\/wp-json\/wp\/v2\/pages\/3546"}],"collection":[{"href":"https:\/\/www.museedelhistoire.ca\/musee-virtuel-de-la-nouvelle-france\/wp-json\/wp\/v2\/pages"}],"about":[{"href":"https:\/\/www.museedelhistoire.ca\/musee-virtuel-de-la-nouvelle-france\/wp-json\/wp\/v2\/types\/page"}],"author":[{"embeddable":true,"href":"https:\/\/www.museedelhistoire.ca\/musee-virtuel-de-la-nouvelle-france\/wp-json\/wp\/v2\/users\/15"}],"replies":[{"embeddable":true,"href":"https:\/\/www.museedelhistoire.ca\/musee-virtuel-de-la-nouvelle-france\/wp-json\/wp\/v2\/comments?post=3546"}],"version-history":[{"count":12,"href":"https:\/\/www.museedelhistoire.ca\/musee-virtuel-de-la-nouvelle-france\/wp-json\/wp\/v2\/pages\/3546\/revisions"}],"predecessor-version":[{"id":4359,"href":"https:\/\/www.museedelhistoire.ca\/musee-virtuel-de-la-nouvelle-france\/wp-json\/wp\/v2\/pages\/3546\/revisions\/4359"}],"wp:featuredmedia":[{"embeddable":true,"href":"https:\/\/www.museedelhistoire.ca\/musee-virtuel-de-la-nouvelle-france\/wp-json\/wp\/v2\/media\/1190"}],"wp:attachment":[{"href":"https:\/\/www.museedelhistoire.ca\/musee-virtuel-de-la-nouvelle-france\/wp-json\/wp\/v2\/media?parent=3546"}],"curies":[{"name":"wp","href":"https:\/\/api.w.org\/{rel}","templated":true}]}}