{"id":3617,"date":"2011-11-23T10:36:42","date_gmt":"2011-11-23T14:36:42","guid":{"rendered":"https:\/\/www.museedelhistoire.ca\/musee-virtuel-de-la-nouvelle-france\/"},"modified":"2017-05-12T11:13:40","modified_gmt":"2017-05-12T15:13:40","slug":"antoine-laumet-dit-de-lamothe-cadillac-1694-1701","status":"publish","type":"page","link":"https:\/\/www.museedelhistoire.ca\/musee-virtuel-de-la-nouvelle-france\/les-explorateurs\/antoine-laumet-dit-de-lamothe-cadillac-1694-1701\/","title":{"rendered":"Antoine Laumet dit de Lamothe Cadillac 1694-1701"},"content":{"rendered":"<p>N\u00e9 le 5 mars 1658 \u00e0 Caumont, un bourg situ\u00e9 pr\u00e8s de Saint-Nicolas-de-la-Grave, en Gascogne, Antoine Laumet de Lamothe Cadillac est le fils de simples bourgeois. Lors de son mariage, c\u00e9l\u00e9br\u00e9 \u00e0 Qu\u00e9bec le 25 juin 1687, il magnifie ses origines, disant \u00eatre \u00ab Antoine de la Mothe, \u00e9cuyer, sieur de Cadillac, \u00e2g\u00e9 d&rsquo;environ 26 ans, fils de M. Jean de la Mothe, seigneur du dit lieu de Cadillac, de Launay et de Montet, conseiller au parlement de Toulouse et de dame Jeanne de Malenfant \u00bb. Or, ses parents ne sont pas nobles. Simple magistrat, son p\u00e8re s&rsquo;appelle Jean Laumet et il n&rsquo;est le seigneur de nulle part.<\/p>\n<p>Ce premier mensonge ne sera pas le dernier prof\u00e9r\u00e9 par Antoine Laumet de Lamothe Cadillac, fondateur de Detroit, dont le s\u00e9jour en Nouvelle-France d\u00e9bute en Acadie vers 1683. Sans le d\u00e9montrer et en se contredisant \u00e0 plusieurs reprises, il se dira militaire d&rsquo;exp\u00e9rience. Nul ne sait o\u00f9 il a fait ses \u00e9tudes, mais les m\u00e9moires qu&rsquo;il produira \u00e0 l&rsquo;intention du ministre Pontchartrain indiquent une \u00e9ducation et une culture certaines.<\/p>\n<h2>Itin\u00e9raire<\/h2>\n\r\n      <div class=\"non-animated-mobile-map\">\r\n        <img decoding=\"async\" src=\"https:\/\/www.museedelhistoire.ca\/musee-virtuel-de-la-nouvelle-france\/wp-content\/themes\/nouvelle-france-responsive\/maps\/fr\/cadillac-1694\/Cadillac_1694_fr.jpg\" title=\"Cadillac 1694\" alt=\"Cadillac 1694\" \/>\r\n      <\/div>\r\n      <div class=\"cadillac1694Map animated-map\" style=\"width:569px; height:364px; position:relative; margin: 10px auto; background-image:url(https:\/\/www.museedelhistoire.ca\/musee-virtuel-de-la-nouvelle-france\/wp-content\/themes\/nouvelle-france-responsive\/maps\/fr\/cadillac-1694\/map-fr.png); background-repeat:no-repeat;\">\r\n            <script type=\"text\/javascript\" src=\"https:\/\/www.museedelhistoire.ca\/musee-virtuel-de-la-nouvelle-france\/wp-content\/themes\/nouvelle-france-responsive\/maps\/fr\/cadillac-1694\/cadillac-1694.js\"><\/script>\r\n            <canvas id=\"cadillac1694Canvas\" width=\"569\" height=\"364\" style=\"position:absolute;left:0;top:0;z-index:1\">\r\n              <img decoding=\"async\" src=\"https:\/\/www.museedelhistoire.ca\/musee-virtuel-de-la-nouvelle-france\/wp-content\/themes\/nouvelle-france-responsive\/maps\/fr\/cadillac-1694\/Cadillac_1694_fr.jpg\" title=\"Cadillac 1694\" alt=\"Cadillac 1694\" \/>\r\n            <\/canvas>\r\n            <canvas id=\"cadillac1694Canvas2\" width=\"569\" height=\"364\" style=\"position:absolute;left:0;top:0;z-index:2\"><\/canvas>\r\n            <canvas id=\"cadillac1694Canvas3\" width=\"569\" height=\"364\" style=\"position:absolute;left:0;top:0;z-index:3\"><\/canvas>\r\n            <canvas id=\"cadillac1694Canvas4\" width=\"569\" height=\"364\" style=\"position:absolute;left:0;top:0;z-index:4\"><\/canvas>\r\n            <canvas id=\"cadillac1694Canvas5\" width=\"569\" height=\"364\" style=\"position:absolute;left:0;top:0;z-index:5\"><\/canvas>\r\n      <\/div>\r\n      <div class=\"mapbutton-wrap\" style=\"width:569px;\">\r\n        <button class=\"mapbutton\" style=\"float: right\" onclick=\"cadillac1694Reset();\">R\u00e9initialiser la carte<\/button>\r\n      <\/div>\r\n      <div class=\"clear\"><\/div>\r\n    \n<h2>Un m\u00e9chant esprit<\/h2>\n<p>Cadillac appara\u00eet \u00e0 Port-Royal vers 1683, sous les traits d&rsquo;un aventurier qui s&rsquo;int\u00e8gre aux engag\u00e9s du flibustier Fran\u00e7ois Guyon dit Despr\u00e9s, dont le m\u00e9tier consiste \u00e0 prot\u00e9ger les c\u00f4tes acadiennes en arraisonnant et en s&rsquo;appropriant les cargaisons des navires ennemis. Au printemps 1687, Cadillac est \u00e0 Beauport, lieu de naissance de son employeur. C&rsquo;est l\u00e0 que, le 25 juin, il \u00e9pouse une ni\u00e8ce du flibustier, Marie-Th\u00e9r\u00e8se Guyon, qui va le suivre dans ses aventures et lui donner neuf enfants.<\/p>\n<p>Le couple se rend en Acadie o\u00f9, le 23 juillet 1689, on lui conc\u00e8de un fief \u00e0 Port-Royal et un autre situ\u00e9 le long de la rivi\u00e8re Douaque (rivi\u00e8re Union, Maine) et incluant l&rsquo;\u00eele des Monts D\u00e9serts (Bar Harbour, Maine). D\u00e8s cette \u00e9poque, le mauvais caract\u00e8re de Cadillac attire l&rsquo;attention. On \u00e9voque son \u00ab m\u00e9chant esprit \u00bb et on r\u00e9p\u00e8te qu&rsquo;il a \u00e9t\u00e9 \u00ab chass\u00e9 de France \u00bb. Quelques mois plus tard, il est en France o\u00f9 s&rsquo;amorce sa carri\u00e8re de courtisan. Gr\u00e2ce \u00e0 la destruction par William Phips des biens qu&rsquo;il poss\u00e9dait \u00e0 Port-Royal, il attire l&rsquo;attention du nouveau ministre des Colonies, Louis Ph\u00e9lypeaux de Pontchartrain, qui le recommande au gouverneur Louis de Buade de Frontenac.<\/p>\n<h2>Un r\u00eave de conqu\u00eate<\/h2>\n<p>Frontenac s&rsquo;int\u00e9resse \u00e0 cet homme dont on lui a vant\u00e9 la connaissance de la c\u00f4te atlantique et qui veut s&#8217;emparer de New York, \u00ab la source originaire et la pierre de touche de toutes les guerres iroquoises \u00bb. Il le d\u00e9l\u00e8gue en France o\u00f9 le projet de conqu\u00eate re\u00e7oit l&rsquo;assentiment royal.<\/p>\n<p>C&rsquo;est dans cette perspective que Cadillac et le cartographe Jean-Baptiste Franquelin effectuent, en 1692, une tourn\u00e9e de reconnaissance le long de la c\u00f4te am\u00e9ricaine dont ils \u00e9tudient les contours avec pr\u00e9cision. Le premier grand projet de Cadillac n&rsquo;a pas de suite, mais il lui permet de monter en grade. Frontenac y veille car au mois d&rsquo;octobre 1693, Cadillac est nomm\u00e9 commandant d&rsquo;une compagnie. L&rsquo;ann\u00e9e suivante, le ministre Pontchartrain lui accorde un brevet d&rsquo;enseigne de vaisseau et, le 16 septembre 1694, le Gascon \u00e9clipse un strat\u00e8ge de la qualit\u00e9 de Daniel Greysolon Dulhut en devenant commandant de Michillimakinac.<\/p>\n<h2>Le ma\u00eetre de l&rsquo;Ouest<\/h2>\n<p>La mission de Cadillac \u00e0 Michillimakinac consiste \u00e0 consolider la politique instaur\u00e9e par Dulhut, soit assurer la stabilit\u00e9 des liens entre la Nouvelle-France et les tribus des Grands Lacs de l&rsquo;Ouest. Or, \u00e0 peine est-il arriv\u00e9 sur les lieux au d\u00e9but de l&rsquo;hiver 1694, que les relations avec les Autochtones se d\u00e9t\u00e9riorent. \u00c0 son retour \u00e0 Qu\u00e9bec, trois ans plus tard, la colonie n&rsquo;a plus de liens privil\u00e9gi\u00e9s avec les alli\u00e9s que Dulhut avait r\u00e9unis en 1679. Ceux-ci c\u00e8dent d\u00e9sormais leurs fourrures aux plus offrants, c&rsquo;est-\u00e0-dire aux Anglais dont les tribus des Cinq-Nations sont les interm\u00e9diaires.<\/p>\n<p>Indiff\u00e9rent aux pr\u00e9cautions prises depuis plusieurs ann\u00e9es par les autorit\u00e9s de la colonie, Cadillac a favoris\u00e9 la distribution d&rsquo;eau-de-vie et, comme d&rsquo;autres avant lui, il n&rsquo;a pas h\u00e9sit\u00e9 \u00e0 se livrer au commerce des fourrures et \u00e0&#8230; s&rsquo;enrichir. \u00ab Jamais homme, \u00e9crit un t\u00e9moin, n&rsquo;a amass\u00e9 du bien en sy peu de temps et qui ait tant fait de bruit par les torts qu&rsquo;en re\u00e7oivent les particuliers qui font les avances de ces sortes de traites. \u00bb<\/p>\n<h2>Un projet pour la rivi\u00e8re Detroit<\/h2>\n<p>En 1698, critiqu\u00e9 de toutes parts mais enclin \u00e0 se consid\u00e9rer comme victime de cabales, Cadillac se rend en France o\u00f9 il pr\u00e9sente un m\u00e9moire dont l&rsquo;essentiel vise l&rsquo;\u00e9tablissement d&rsquo;une colonie permanente sur la rivi\u00e8re Detroit. Le 27 mai 1699, le roi en commande l&rsquo;ex\u00e9cution. Les engagements de Cadillac tiennent en six points : emp\u00eacher le castor de tomber aux mains iroquoises ; livrer les pelleteries les plus recherch\u00e9es, la France \u00e9tant satur\u00e9e de peaux de moyenne qualit\u00e9 ; assurer du travail aux coureurs des bois ; garantir des b\u00e9n\u00e9fices aux marchands ; r\u00e9unir au poste de Detroit les nations alli\u00e9es et, enfin, gr\u00e2ce aux colons et aux missionnaires, assimiler celles-ci \u00e0 la nation fran\u00e7aise.<\/p>\n<p>\u00c0 Qu\u00e9bec, o\u00f9 on conna\u00eet mieux qu&rsquo;\u00e0 Versailles les enjeux d&rsquo;un tel projet, on h\u00e9site \u00e0 l&rsquo;appliquer et on doute des aptitudes de Cadillac \u00e0 le r\u00e9aliser. Celui-ci riposte en ces termes au ministre Pontchartrain : \u00ab Il r\u00e9sulte de tout ceci que ce plan est bon ou mauvais. S&rsquo;il est bon, il n&rsquo;y a point \u00e0 balancer de le faire ex\u00e9cuter. Choisissez ensuite un homme de t\u00eate et de main pour l&rsquo;ex\u00e9cution sur les lieux ; et vous pouvez vous assurer qu&rsquo;il r\u00e9ussira comme vous le souhaitez, malgr\u00e9 les secr\u00e8tes difficult\u00e9s qu&rsquo;on y pourra faire. \u00bb<\/p>\n<h2>La fondation de Detroit<\/h2>\n<p>\u00c0 la fin de l&rsquo;ann\u00e9e 1700, Versailles revient \u00e0 la charge. Cette fois, il n&rsquo;y a pas \u00e0 tergiverser ! Le fondateur de Detroit quitte Montr\u00e9al le 5 juin 1701 avec une centaine de personnes, moiti\u00e9 habitants, moiti\u00e9 soldats, et deux missionnaires. Le 24 juillet, le groupe s&rsquo;installe sur le site o\u00f9 s&rsquo;amorce bient\u00f4t la construction du fort Pontchartrain (Detroit, Michigan). Trois ans plus tard, apr\u00e8s une lutte contre la Compagnie de la colonie qui avait obtenu la cession du fort, Cadillac en devient le ma\u00eetre.<\/p>\n<p>Il demande en vain un marquisat pour Detroit. D\u00e9\u00e7u mais toujours ambitieux, Cadillac tente ensuite d&rsquo;obtenir un gouvernement autonome pour les postes de l&rsquo;Ouest, projet contre lequel le gouverneur Philippe de Rigaud de Vaudreuil d\u00e9ploie aussit\u00f4t toutes ses \u00e9nergies. Ce n&rsquo;est qu&rsquo;au cours des ann\u00e9es 1706 et 1707 que Versailles reconnut l&rsquo;\u00e9vidence : une colonie se d\u00e9veloppait bel et bien \u00e0 Detroit, mais sa pr\u00e9sence n&rsquo;avait pas consolid\u00e9 les liens entre les tribus de l&rsquo;Ouest et les Fran\u00e7ais. Presque toutes les fourrures prenaient la route de New York et il ne faisait pas de doute que Cadillac avait commerc\u00e9 avec les Anglais, distribu\u00e9 de l&rsquo;eau-de-vie et soudoy\u00e9 certains des Canadiens qui auraient pu devenir ses adversaires.<\/p>\n<h2>\u00c0 la Bastille!<\/h2>\n<p>Selon l&rsquo;historien Yves F. Zoltvany, si le ministre des Colonies avait s\u00e9vi contre Cadillac, il aurait admis s&rsquo;\u00eatre tromp\u00e9. En 1710, Pontchartrain imposa donc la disgr\u00e2ce en nommant Cadillac au poste de gouverneur de la Louisiane o\u00f9 il ne se rendit qu&rsquo;au mois de juin 1713. L&rsquo;automne n&rsquo;\u00e9tait pas termin\u00e9 qu&rsquo;on l&rsquo;accusait d\u00e9j\u00e0 d&rsquo;avoir, en semant la discorde, incit\u00e9 les rares habitants de la Louisiane \u00e0 s&rsquo;en aller. On lui reconna\u00eet d&rsquo;avoir tent\u00e9 d&rsquo;\u00e9tablir des liens commerciaux avec le Mexique, d&rsquo;avoir d\u00e9couvert une mine de cuivre en Illinois et, surtout, d&rsquo;avoir fond\u00e9 Detroit.<\/p>\n<p>Rappel\u00e9 en France, Cadillac y d\u00e9barqua \u00e0 la fin de l&rsquo;\u00e9t\u00e9 1717. Le 27 septembre, il entrait \u00e0 la Bastille en m\u00eame temps que son fils a\u00een\u00e9, en attendant d&rsquo;\u00eatre jug\u00e9 pour avoir parl\u00e9 \u00ab contre le gouvernement de l&rsquo;\u00e9tat et des colonies \u00bb. Lib\u00e9r\u00e9 au d\u00e9but de l&rsquo;ann\u00e9e suivante, Cadillac rentra dans les bonnes gr\u00e2ces de la cour. On le d\u00e9cora de la Croix de Saint-Louis et on lui confia le gouvernement de Castelsarrasin, ville situ\u00e9e non loin de son village natal. C&rsquo;est l\u00e0 qu&rsquo;il est mort, le 15 octobre 1730.<\/p>\n","protected":false},"excerpt":{"rendered":"<p>N\u00e9 le 5 mars 1658 \u00e0 Caumont, un bourg situ\u00e9 pr\u00e8s de Saint-Nicolas-de-la-Grave, en Gascogne, Antoine Laumet de Lamothe Cadillac est le fils de simples bourgeois. Lors de son mariage, c\u00e9l\u00e9br\u00e9 \u00e0 Qu\u00e9bec le 25 juin 1687, il magnifie ses origines, disant \u00eatre \u00ab Antoine de la Mothe, \u00e9cuyer, sieur de Cadillac, \u00e2g\u00e9 d&rsquo;environ 26 [&hellip;]<\/p>\n","protected":false},"author":15,"featured_media":0,"parent":3546,"menu_order":180,"comment_status":"open","ping_status":"closed","template":"","meta":{"footnotes":""},"_links":{"self":[{"href":"https:\/\/www.museedelhistoire.ca\/musee-virtuel-de-la-nouvelle-france\/wp-json\/wp\/v2\/pages\/3617"}],"collection":[{"href":"https:\/\/www.museedelhistoire.ca\/musee-virtuel-de-la-nouvelle-france\/wp-json\/wp\/v2\/pages"}],"about":[{"href":"https:\/\/www.museedelhistoire.ca\/musee-virtuel-de-la-nouvelle-france\/wp-json\/wp\/v2\/types\/page"}],"author":[{"embeddable":true,"href":"https:\/\/www.museedelhistoire.ca\/musee-virtuel-de-la-nouvelle-france\/wp-json\/wp\/v2\/users\/15"}],"replies":[{"embeddable":true,"href":"https:\/\/www.museedelhistoire.ca\/musee-virtuel-de-la-nouvelle-france\/wp-json\/wp\/v2\/comments?post=3617"}],"version-history":[{"count":5,"href":"https:\/\/www.museedelhistoire.ca\/musee-virtuel-de-la-nouvelle-france\/wp-json\/wp\/v2\/pages\/3617\/revisions"}],"predecessor-version":[{"id":4999,"href":"https:\/\/www.museedelhistoire.ca\/musee-virtuel-de-la-nouvelle-france\/wp-json\/wp\/v2\/pages\/3617\/revisions\/4999"}],"up":[{"embeddable":true,"href":"https:\/\/www.museedelhistoire.ca\/musee-virtuel-de-la-nouvelle-france\/wp-json\/wp\/v2\/pages\/3546"}],"wp:attachment":[{"href":"https:\/\/www.museedelhistoire.ca\/musee-virtuel-de-la-nouvelle-france\/wp-json\/wp\/v2\/media?parent=3617"}],"curies":[{"name":"wp","href":"https:\/\/api.w.org\/{rel}","templated":true}]}}