{"id":3630,"date":"2011-11-23T11:01:13","date_gmt":"2011-11-23T15:01:13","guid":{"rendered":"https:\/\/www.museedelhistoire.ca\/musee-virtuel-de-la-nouvelle-france\/"},"modified":"2012-02-21T18:14:56","modified_gmt":"2012-02-21T22:14:56","slug":"louis-hennepin-1678-1680","status":"publish","type":"page","link":"https:\/\/www.museedelhistoire.ca\/musee-virtuel-de-la-nouvelle-france\/les-explorateurs\/louis-hennepin-1678-1680\/","title":{"rendered":"Louis Hennepin 1678-1680"},"content":{"rendered":"<p>La r\u00e9putation du missionnaire et explorateur Louis Hennepin est la plus mauvaise qui soit. Compagnon et prot\u00e9g\u00e9 de Robert Cavelier de La Salle, qui m\u00e9prise les J\u00e9suites et s&rsquo;entoure de R\u00e9collets, Hennepin marche dans les traces de l&rsquo;explorateur de 1676 \u00e0 1680. Il n&rsquo;a gu\u00e8re \u00e9t\u00e9 appr\u00e9ci\u00e9 dans la colonie o\u00f9 il a v\u00e9cu pendant quelques mois, au d\u00e9but et \u00e0 la fin de son s\u00e9jour, mais il a bross\u00e9 de lui-m\u00eame le portrait d&rsquo;un missionnaire intr\u00e9pide et courageux.<\/p>\n<p>Exceptionnel promoteur des territoires de l&rsquo;Am\u00e9rique du Nord en Europe, il a menti en se d\u00e9crivant comme l&rsquo;\u00e9gal de La Salle dans l&rsquo;exp\u00e9dition de 1678 \u00e0 la baie des Puants (Green Bay). Plus encore, apr\u00e8s le d\u00e9c\u00e8s de son chef, il a os\u00e9 pr\u00e9tendre avoir d\u00e9couvert l&#8217;embouchure du fleuve Mississippi deux ans avant lui. En s&rsquo;attribuant un m\u00e9rite qu&rsquo;on lui conteste encore, l&rsquo;auteur de la premi\u00e8re description des chutes de la rivi\u00e8re Niagara a jet\u00e9 lui-m\u00eame le discr\u00e9dit sur sa contribution \u00e0 l&rsquo;exploration de l&rsquo;Am\u00e9rique du Nord.<\/p>\n<h2>Itin\u00e9raire<\/h2>\n\r\n      <div class=\"non-animated-mobile-map\">\r\n        <img decoding=\"async\" src=\"https:\/\/www.museedelhistoire.ca\/musee-virtuel-de-la-nouvelle-france\/wp-content\/themes\/nouvelle-france-responsive\/maps\/fr\/hennepin-1678-1680\/Hennepin_1678-1680_fr.jpg\" title=\"Hennepin 1678-1680\" alt=\"Hennepin 1678-1680\" \/>\r\n      <\/div>\r\n      <div class=\"hennepin16781680Map animated-map\" style=\"width:569px; height:582px; position:relative; margin: 10px auto; background-image:url(https:\/\/www.museedelhistoire.ca\/musee-virtuel-de-la-nouvelle-france\/wp-content\/themes\/nouvelle-france-responsive\/maps\/fr\/hennepin-1678-1680\/map-fr.png); background-repeat:no-repeat;\">\r\n            <script type=\"text\/javascript\" src=\"https:\/\/www.museedelhistoire.ca\/musee-virtuel-de-la-nouvelle-france\/wp-content\/themes\/nouvelle-france-responsive\/maps\/fr\/hennepin-1678-1680\/hennepin-1678-1680.js\"><\/script>\r\n            <canvas id=\"hennepin16781680Canvas\" width=\"569\" height=\"582\" style=\"position:absolute;left:0;top:0;z-index:1\">\r\n              <img decoding=\"async\" src=\"https:\/\/www.museedelhistoire.ca\/musee-virtuel-de-la-nouvelle-france\/wp-content\/themes\/nouvelle-france-responsive\/maps\/fr\/hennepin-1678-1680\/Hennepin_1678-1680_fr.jpg\" title=\"Hennepin 1678-1680\" alt=\"Hennepin 1678-1680\" \/>\r\n            <\/canvas>\r\n            <canvas id=\"hennepin16781680Canvas2\" width=\"569\" height=\"582\" style=\"position:absolute;left:0;top:0;z-index:2\"><\/canvas>\r\n            <canvas id=\"hennepin16781680Canvas3\" width=\"569\" height=\"582\" style=\"position:absolute;left:0;top:0;z-index:3\"><\/canvas>\r\n            <canvas id=\"hennepin16781680Canvas4\" width=\"569\" height=\"582\" style=\"position:absolute;left:0;top:0;z-index:4\"><\/canvas>\r\n            <canvas id=\"hennepin16781680Canvas5\" width=\"569\" height=\"582\" style=\"position:absolute;left:0;top:0;z-index:5\"><\/canvas>\r\n      <\/div>\r\n      <div class=\"mapbutton-wrap\" style=\"width:569px;\">\r\n        <button class=\"mapbutton\" style=\"float: right\" onclick=\"hennepin16781680Reset();\">R\u00e9initialiser la carte<\/button>\r\n      <\/div>\r\n      <div class=\"clear\"><\/div>\r\n    \n<h2>L&rsquo;aum\u00f4nier militaire<\/h2>\n<p>Louis Hennepin serait n\u00e9 le 12 mai 1626 \u00e0 Ath, en Belgique, d&rsquo;une famille qui, sans \u00eatre fortun\u00e9e, lui permet n\u00e9anmoins d&rsquo;entreprendre des \u00e9tudes. Celles-ci s&rsquo;ach\u00e8vent vers 1643 par son entr\u00e9e dans l&rsquo;ordre des franciscains r\u00e9collets. Des ann\u00e9es d&rsquo;apostolat en Italie, en Allemagne et en Hollande sont suivies d&rsquo;un s\u00e9jour sur la c\u00f4te atlantique fran\u00e7aise o\u00f9 il qu\u00eate pour son ordre. \u00ab Ma plus forte passion, \u00e9crit-il \u00e0 propos de son passage \u00e0 Calais, \u00e9tait d&rsquo;entendre les Relations que les Capitaines de Vaisseaux faisaient de leurs longs voyages [&#8230;] J&rsquo;aurois pass\u00e9 des jours et des nuits enti\u00e8res sans manger dans cette occupation, parce que j&rsquo;y apprenais toujours quelque chose de nouveau. \u00bb<\/p>\n<p>Replongeant dans les \u00ab r\u00e8gles d&rsquo;une vertu pure et s\u00e9v\u00e8re \u00bb, il voyage en Hollande o\u00f9 il est surpris par la guerre franco-hollandaise qui d\u00e9bute en 1672. Aum\u00f4nier aupr\u00e8s des soldats bless\u00e9s et malades, il fait montre d&rsquo;un v\u00e9ritable d\u00e9vouement. Pr\u00e9sent \u00e0 la bataille du 11 ao\u00fbt 1674 \u00e0 Seneffe, en Belgique, il a pu croiser Daniel Greysolon Dulhut qui volera \u00e0 son secours en juillet 1680.<\/p>\n<h2>Un r\u00eave d&rsquo;aventure<\/h2>\n<p>En 1675, les pays \u00e0 d\u00e9couvrir sont \u00e0 port\u00e9e de main. En m\u00eame temps que quatre confr\u00e8res, Hennepin est d\u00e9sign\u00e9 par ses sup\u00e9rieurs pour les missions de la Nouvelle-France. La travers\u00e9e lui permet de faire la connaissance de monseigneur de Laval et de Robert Cavelier de La Salle, qui revient de Versailles avec des titres de noblesse et l&rsquo;enti\u00e8re propri\u00e9t\u00e9 du fort et de la seigneurie de Cataracoui cr\u00e9\u00e9e pour lui. Hennepin d\u00e9barque \u00e0 Qu\u00e9bec le 16 juin 1675.<\/p>\n<p>On ignore \u00e0 quel moment l&rsquo;alliance du missionnaire et de l&rsquo;explorateur La Salle est scell\u00e9e, mais il semble d\u00e9j\u00e0 convenu que Hennepin sera de la prochaine exp\u00e9dition. En attendant l&rsquo;aventure, il exerce son minist\u00e8re dans les postes et les missions de la rive nord du fleuve, de Pointe-Claire (Montr\u00e9al) \u00e0 Cap-Tourmente (Beaupr\u00e9).<\/p>\n<h2>Vers Niagara<\/h2>\n<p>Au d\u00e9but du printemps 1676, Hennepin est envoy\u00e9 au fort Cataracoui, renomm\u00e9 Frontenac en hommage au gouverneur. Il y construit une chapelle ainsi qu&rsquo;une r\u00e9sidence pour les missionnaires. Deux ans plus tard, le missionnaire est de retour \u00e0 Qu\u00e9bec. Il retrouve \u00e0 cet endroit Cavelier de La Salle rentr\u00e9 de France en septembre 1678, avec l&rsquo;autorisation de pousser ses d\u00e9couvertes jusqu&rsquo;aux confins de la Floride et du Nouveau-Mexique. L&rsquo;explorateur a \u00e9galement obtenu que Hennepin et deux de ses confr\u00e8res puissent exercer leurs fonctions dans le sillage de ses d\u00e9couvertes.<\/p>\n<p>Hennepin et une partie des hommes de La Salle quittent donc Qu\u00e9bec le 18 novembre 1678. Rejoint par l&rsquo;explorateur au fort Frontenac, le groupe se rend \u00e0 la jonction des lac \u00c9ri\u00e9 et Ontario, marqu\u00e9e par l&rsquo;exceptionnelle cataracte de la rivi\u00e8re Niagara. Arriv\u00e9 l\u00e0 aux premiers jours de d\u00e9cembre 1678, le groupe entreprend bient\u00f4t la construction du fort Conti et d&rsquo;un brigantin, Le Griffon. La Salle a r\u00e9serv\u00e9 \u00e0 Hennepin l&rsquo;honneur de \u00a0\u00bb mettre la premi\u00e8re cheville au vaisseau \u00ab\u00a0.<\/p>\n<h2>Sur les Grands Lacs<\/h2>\n<p>Le premier navire \u00e0 avoir jamais navigu\u00e9 sur les lacs \u00c9ri\u00e9, Huron et Michigan l\u00e8ve les voiles le 7 ao\u00fbt 1679. Apr\u00e8s une escale \u00e0 Sault-Sainte-Marie, \u00e0 la jonction des lacs Huron et Sup\u00e9rieur, le brigantin est dirig\u00e9 vers Michillimakinac et le lac Michigan. \u00c0 la fin de l&rsquo;automne, il stationne dans la baie des Puants (Green Bay) avant d&rsquo;\u00eatre renvoy\u00e9 vers Niagara : \u00ab contre notre sentiment, \u00bb \u00e9crira Hennepin, \u00ab le sieur de La Salle, qui ne prit jamais avis de personne, r\u00e9solut de renvoyer la barque de cet endroit et de continuer la route en canot. \u00bb<\/p>\n<p>Les choses vont mal au fort Cr\u00e8vecoeur, \u00e9rig\u00e9 au mois de janvier 1680, sur le site de l&rsquo;actuelle ville de Peoria, en Illinois. Des ouvriers et des coureurs des bois ont d\u00e9sert\u00e9, la nourriture est rare et on manque du n\u00e9cessaire pour naviguer. C&rsquo;est dans ce contexte que Cavelier de La Salle d\u00e9cide de retourner \u00e0 Niagara. Hennepin aurait alors refus\u00e9 d&rsquo;abandonner, se proposant m\u00eame pour aller en avant-garde sur le Mississippi : \u00ab Dans cette extr\u00e9mit\u00e9, nous pr\u00eemes tous deux une r\u00e9solution aussi extraordinaire qu&rsquo;elle \u00e9tait difficile \u00e0 ex\u00e9cuter, moy d&rsquo;aller avec deux hommes dans des pays inconnus, lui de se rendre \u00e0 pied au fort Frontenac, distant de plus de cinq cents lieues. \u00bb Les deux hommes ne se reverront jamais.<\/p>\n<h2>Aux sources du Mississippi<\/h2>\n<p>Deux coureurs des bois, Michel Accault et Antoine Auguel dit Le Picard Du Guay, accompagnent Hennepin. Dans sa Description de la Louisiane nouvellement d\u00e9couverte au Sud Ouest de la Nouvelle-France [&#8230;] publi\u00e9e \u00e0 Paris en 1683, Hennepin est clair, il n&rsquo;a pas d\u00e9couvert l&#8217;embouchure du Mississippi : \u00ab Nous avions quelque dessein de nous rendre jusqu&rsquo;\u00e0 l&#8217;embouchure du Fleuve Colbert (Meschasipi), mais ces nations qui se saisirent de nous ne nous donn\u00e8rent pas le temps de naviguer haut et bas de ce fleuve. \u00bb<\/p>\n<p>S&rsquo;il faut en croire le r\u00e9cit du missionaire, entre le 29 f\u00e9vrier et le 10 mars, les trois hommes affrontent les glaces et descendent la rivi\u00e8re Illinois jusqu&rsquo;au Mississippi. De l\u00e0, remontant l&rsquo;imp\u00e9tueux cours d&rsquo;eau, ils d\u00e9passent l&rsquo;actuelle Minneapolis o\u00f9 une chute d&rsquo;eau re\u00e7oit le nom de Saint-Antoine de Pade. Progressant encore vers le nord et l&rsquo;ouest du lac Sup\u00e9rieur, les trois hommes atteignent le lac des Issatis (lac Leech), source du fleuve Mississippi.<\/p>\n<p>Toujours d&rsquo;apr\u00e8s le r\u00e9cit de 1683, Hennepin et ses compagnons reviennent ensuite vers le fort Cr\u00e8vecoeur. Ils sont encore \u00e0 bonne distance de l&#8217;embouchure de la rivi\u00e8re Illinois quand, au d\u00e9but de l&rsquo;apr\u00e8s-midi du 11 avril 1680, ils sont enlev\u00e9s par des Sioux qui les ram\u00e8nent vers la r\u00e9gion des Mille Lacs, au sud du lac Sup\u00e9rieur. Adopt\u00e9s par le chef du village, les trois hommes y sont confin\u00e9s. Le 25 juillet, Daniel Greysolon Dulhut, qui a n\u00e9goci\u00e9 l&rsquo;alliance des Fran\u00e7ais et des tribus de l&rsquo;ouest contre les Iroquois, vient r\u00e9clamer la lib\u00e9ration de Hennepin, Accault et Auguel qui ne sont lib\u00e9r\u00e9s qu&rsquo;en septembre.<\/p>\n<h2>Un dr\u00f4le de silence<\/h2>\n<p>Apr\u00e8s avoir hivern\u00e9 \u00e0 Michillimakinac, Dulhut et Hennepin reviennent dans la colonie. Fait \u00e9trange, le missionnaire, qui voyagera ensuite de Montr\u00e9al \u00e0 Qu\u00e9bec avec Frontenac, lui raconte son exp\u00e9dition, mais il tait les d\u00e9tails de son pr\u00e9tendu voyage vers le sud du Mississippi et le golfe du Mexique. M\u00eame silence devant monseigneur de Laval. De retour en France, \u00e0 la fin de 1681, Hennepin se lance dans la r\u00e9daction de son premier ouvrage. Sa Description de la Louisiane [&#8230;] s&rsquo;inspire du r\u00e9cit d&rsquo;un de ses confr\u00e8res qui a assist\u00e9 \u00e0 la prise de possession de la Louisiane par Cavelier de La Salle, le 9 avril 1682. D\u00e9di\u00e9e \u00e0 Louis XIV, l&rsquo;\u0153uvre conna\u00eet un succ\u00e8s remarquable. Elle est traduite et r\u00e9\u00e9dit\u00e9e telle quelle \u00e0 trois reprises.<\/p>\n<h2>Les desseins secrets de La Salle<\/h2>\n<p>En 1697, Louis Hennepin s&rsquo;est plac\u00e9 sous la protection du roi d&rsquo;Angleterre, Guillaume III, auquel il d\u00e9die la Nouvelle D\u00e9couverte d&rsquo;un tr\u00e8s grand Pays Situ\u00e9 dans l&rsquo;Am\u00e9rique [&#8230;], publi\u00e9 \u00e0 Utrech, en Hollande. La Salle, assassin\u00e9 dix ans auparavant, n&rsquo;est plus l\u00e0 pour contredire Hennepin qui \u00e9voque pour la premi\u00e8re fois la m\u00e9sentente qui aurait caract\u00e9ris\u00e9 leurs relations. La Salle ne peut pas davantage souligner le ridicule qu&rsquo;il y a \u00e0 pr\u00e9tendre avoir parcouru le Mississippi, sur toute sa longueur, en trente jours seulement, avant d&rsquo;\u00eatre arr\u00eat\u00e9 par les Sioux : \u00ab Si nous avions voulu faire plus grande diligence en canot, nous eussions pu faire le chemin deux fois \u00ab\u00a0.<\/p>\n<p>Justifiant son silence ant\u00e9rieur \u00e0 propos d&rsquo;un exploit qui l&rsquo;aurait plac\u00e9 parmi les grands explorateurs de ce monde, Hennepin n&rsquo;h\u00e9site pas \u00e0 gifler La Salle : \u00ab C&rsquo;est ici que je veux bien que toute la terre sache le myst\u00e8re de cette d\u00e9couverte que j&rsquo;ai cach\u00e9 jusques \u00e0 pr\u00e9sent pour ne pas donner de chagrin au Sieur de La Salle qui voulait avoir seul toute la gloire et toute la connaissance la plus secr\u00e8te de cette d\u00e9couverte. C&rsquo;est pour cela qu&rsquo;il a sacrifi\u00e9 plusieurs personnes lesquelles il a expos\u00e9es pour emp\u00eacher qu&rsquo;elles ne publiassent ce qu&rsquo;elles avaient vu &amp; que cela ne nuisit \u00e0 ses desseins secrets. \u00a0\u00bb<\/p>\n<p>Louis Hennepin livre sa troisi\u00e8me \u0153uvre en 1698. Nouveau Voyage d&rsquo;un Pais plus grand que l&rsquo;Europe [&#8230;] r\u00e9affirme sa contribution \u00e0 la d\u00e9couverte de l&rsquo;Am\u00e9rique du Nord. L&rsquo;\u00e9crivain missionnaire est alors un sujet ind\u00e9sirable dans sa propre communaut\u00e9. Au gr\u00e9 des circonstances et de sa soif de notori\u00e9t\u00e9, il a \u00e9t\u00e9 sujet de France et d&rsquo;Angleterre. Il est autoris\u00e9 \u00e0 revenir vivre en France en 1698, mais le 27 mai 1699, Louis XIV ordonne qu&rsquo;il soit arr\u00eat\u00e9 si jamais il tente un retour en Nouvelle-France. Louis Hennepin est mort apr\u00e8s 1705 et on ignore s&rsquo;il \u00e9tait encore r\u00e9collet.<\/p>\n","protected":false},"excerpt":{"rendered":"<p>La r\u00e9putation du missionnaire et explorateur Louis Hennepin est la plus mauvaise qui soit. Compagnon et prot\u00e9g\u00e9 de Robert Cavelier de La Salle, qui m\u00e9prise les J\u00e9suites et s&rsquo;entoure de R\u00e9collets, Hennepin marche dans les traces de l&rsquo;explorateur de 1676 \u00e0 1680. Il n&rsquo;a gu\u00e8re \u00e9t\u00e9 appr\u00e9ci\u00e9 dans la colonie o\u00f9 il a v\u00e9cu pendant [&hellip;]<\/p>\n","protected":false},"author":15,"featured_media":0,"parent":3546,"menu_order":130,"comment_status":"open","ping_status":"closed","template":"","meta":{"footnotes":""},"_links":{"self":[{"href":"https:\/\/www.museedelhistoire.ca\/musee-virtuel-de-la-nouvelle-france\/wp-json\/wp\/v2\/pages\/3630"}],"collection":[{"href":"https:\/\/www.museedelhistoire.ca\/musee-virtuel-de-la-nouvelle-france\/wp-json\/wp\/v2\/pages"}],"about":[{"href":"https:\/\/www.museedelhistoire.ca\/musee-virtuel-de-la-nouvelle-france\/wp-json\/wp\/v2\/types\/page"}],"author":[{"embeddable":true,"href":"https:\/\/www.museedelhistoire.ca\/musee-virtuel-de-la-nouvelle-france\/wp-json\/wp\/v2\/users\/15"}],"replies":[{"embeddable":true,"href":"https:\/\/www.museedelhistoire.ca\/musee-virtuel-de-la-nouvelle-france\/wp-json\/wp\/v2\/comments?post=3630"}],"version-history":[{"count":4,"href":"https:\/\/www.museedelhistoire.ca\/musee-virtuel-de-la-nouvelle-france\/wp-json\/wp\/v2\/pages\/3630\/revisions"}],"predecessor-version":[{"id":4145,"href":"https:\/\/www.museedelhistoire.ca\/musee-virtuel-de-la-nouvelle-france\/wp-json\/wp\/v2\/pages\/3630\/revisions\/4145"}],"up":[{"embeddable":true,"href":"https:\/\/www.museedelhistoire.ca\/musee-virtuel-de-la-nouvelle-france\/wp-json\/wp\/v2\/pages\/3546"}],"wp:attachment":[{"href":"https:\/\/www.museedelhistoire.ca\/musee-virtuel-de-la-nouvelle-france\/wp-json\/wp\/v2\/media?parent=3630"}],"curies":[{"name":"wp","href":"https:\/\/api.w.org\/{rel}","templated":true}]}}