{"id":3635,"date":"2011-11-23T11:40:45","date_gmt":"2011-11-23T15:40:45","guid":{"rendered":"https:\/\/www.museedelhistoire.ca\/musee-virtuel-de-la-nouvelle-france\/"},"modified":"2012-02-09T16:57:21","modified_gmt":"2012-02-09T20:57:21","slug":"pierre-le-moyne-diberville-1686-1702","status":"publish","type":"page","link":"https:\/\/www.museedelhistoire.ca\/musee-virtuel-de-la-nouvelle-france\/les-explorateurs\/pierre-le-moyne-diberville-1686-1702\/","title":{"rendered":"Pierre Le Moyne d&rsquo;Iberville 1686-1702"},"content":{"rendered":"<p>Baptis\u00e9 \u00e0 Ville-Marie le 20 juillet 1661, Pierre Le Moyne d&rsquo;Iberville est le troisi\u00e8me des onze gar\u00e7ons et deux filles n\u00e9s du mariage de Catherine Thierry-Primot et du marchand montr\u00e9alais Charles Le Moyne de Longueuil. Iberville \u00e9tait assez instruit pour ma\u00eetriser une plume alerte et incisive, assez \u00e9duqu\u00e9 pour \u00eatre \u00e0 l&rsquo;aise avec le roi et ses ministres et assez rus\u00e9 pour jouer de cruaut\u00e9 et de g\u00e9n\u00e9rosit\u00e9. S&rsquo;il avait \u00e9t\u00e9 gouverneur de la Nouvelle-France et si la mort ne l&rsquo;avait pas fauch\u00e9 \u00e0 l&rsquo;\u00e2ge de 45 ans dans l&rsquo;\u00eele de Cuba, l&rsquo;Am\u00e9rique du Nord aurait peut-\u00eatre \u00e9t\u00e9 fran\u00e7aise&#8230;<\/p>\n<h2>Itin\u00e9raires<\/h2>\n\r\n      <div class=\"non-animated-mobile-map\">\r\n        <img decoding=\"async\" src=\"https:\/\/www.museedelhistoire.ca\/musee-virtuel-de-la-nouvelle-france\/wp-content\/themes\/nouvelle-france-responsive\/maps\/fr\/iberville-1686-1697\/Iberville_1686-1697_fr.jpg\" title=\"Iberville 1686-1697\" alt=\"Iberville 1686-1697\" \/>\r\n      <\/div>\r\n      <div class=\"iberville16861697Map animated-map\" style=\"width:570px; height:489px; position:relative; margin: 10px auto; background-image:url(https:\/\/www.museedelhistoire.ca\/musee-virtuel-de-la-nouvelle-france\/wp-content\/themes\/nouvelle-france-responsive\/maps\/fr\/iberville-1686-1697\/map-fr.png); background-repeat:no-repeat;\">\r\n            <script type=\"text\/javascript\" src=\"https:\/\/www.museedelhistoire.ca\/musee-virtuel-de-la-nouvelle-france\/wp-content\/themes\/nouvelle-france-responsive\/maps\/fr\/iberville-1686-1697\/iberville-1686-1697.js\"><\/script>\r\n            <canvas id=\"iberville16861697Canvas\" width=\"570\" height=\"489\" style=\"position:absolute;left:0;top:0;z-index:1\">\r\n              <img decoding=\"async\" src=\"https:\/\/www.museedelhistoire.ca\/musee-virtuel-de-la-nouvelle-france\/wp-content\/themes\/nouvelle-france-responsive\/maps\/fr\/iberville-1686-1697\/Iberville_1686-1697_fr.jpg\" title=\"Iberville 1686-1697\" alt=\"Iberville 1686-1697\" \/>\r\n            <\/canvas>\r\n            <canvas id=\"iberville16861697Canvas2\" width=\"570\" height=\"489\" style=\"position:absolute;left:0;top:0;z-index:2\"><\/canvas>\r\n            <canvas id=\"iberville16861697Canvas3\" width=\"570\" height=\"489\" style=\"position:absolute;left:0;top:0;z-index:3\"><\/canvas>\r\n            <canvas id=\"iberville16861697Canvas4\" width=\"570\" height=\"489\" style=\"position:absolute;left:0;top:0;z-index:4\"><\/canvas>\r\n            <canvas id=\"iberville16861697Canvas5\" width=\"570\" height=\"489\" style=\"position:absolute;left:0;top:0;z-index:5\"><\/canvas>\r\n      <\/div>\r\n      <div class=\"mapbutton-wrap\" style=\"width:570px;\">\r\n        <button class=\"mapbutton\" style=\"float: right\" onclick=\"iberville16861697Reset();\">R\u00e9initialiser la carte<\/button>\r\n      <\/div>\r\n      <div class=\"clear\"><\/div>\r\n    \n\r\n      <div class=\"non-animated-mobile-map\">\r\n        <img decoding=\"async\" src=\"https:\/\/www.museedelhistoire.ca\/musee-virtuel-de-la-nouvelle-france\/wp-content\/themes\/nouvelle-france-responsive\/maps\/fr\/iberville-1699-1702\/Iberville_1699-1702_fr.jpg\" title=\"Iberville 1699-1702\" alt=\"Iberville 1699-1702\" \/>\r\n      <\/div>\r\n      <div class=\"iberville16991702Map animated-map\" style=\"width:571px; height:584px; position:relative; margin: 10px auto; background-image:url(https:\/\/www.museedelhistoire.ca\/musee-virtuel-de-la-nouvelle-france\/wp-content\/themes\/nouvelle-france-responsive\/maps\/fr\/iberville-1699-1702\/map-fr.png); background-repeat:no-repeat;\">\r\n            <script type=\"text\/javascript\" src=\"https:\/\/www.museedelhistoire.ca\/musee-virtuel-de-la-nouvelle-france\/wp-content\/themes\/nouvelle-france-responsive\/maps\/fr\/iberville-1699-1702\/iberville-1699-1702.js\"><\/script>\r\n            <canvas id=\"iberville16991702Canvas\" width=\"571\" height=\"584\" style=\"position:absolute;left:0;top:0;z-index:1\">\r\n              <img decoding=\"async\" src=\"https:\/\/www.museedelhistoire.ca\/musee-virtuel-de-la-nouvelle-france\/wp-content\/themes\/nouvelle-france-responsive\/maps\/fr\/iberville-1699-1702\/Iberville_1699-1702_fr.jpg\" title=\"Iberville 1699-1702\" alt=\"Iberville 1699-1702\" \/>\r\n            <\/canvas>\r\n            <canvas id=\"iberville16991702Canvas2\" width=\"571\" height=\"584\" style=\"position:absolute;left:0;top:0;z-index:2\"><\/canvas>\r\n            <canvas id=\"iberville16991702Canvas3\" width=\"571\" height=\"584\" style=\"position:absolute;left:0;top:0;z-index:3\"><\/canvas>\r\n            <canvas id=\"iberville16991702Canvas4\" width=\"571\" height=\"584\" style=\"position:absolute;left:0;top:0;z-index:4\"><\/canvas>\r\n            <canvas id=\"iberville16991702Canvas5\" width=\"571\" height=\"584\" style=\"position:absolute;left:0;top:0;z-index:5\"><\/canvas>\r\n      <\/div>\r\n      <div class=\"mapbutton-wrap\" style=\"width:571px;\">\r\n        <button class=\"mapbutton\" style=\"float: right\" onclick=\"iberville16991702Reset();\">R\u00e9initialiser la carte<\/button>\r\n      <\/div>\r\n      <div class=\"clear\"><\/div>\r\n    \n<h2>Les premi\u00e8res armes<\/h2>\n<p>Pierre Le Moyne d&rsquo;Iberville est n\u00e9 \u00e0 une \u00e9poque o\u00f9 il fallait combattre pour survivre en Nouvelle-France. Situ\u00e9e \u00e0 la jonction des voies de communication conduisant vers les Grands Lacs et la baie d&rsquo;Hudson, l&rsquo;\u00eele de Montr\u00e9al est, depuis sa fondation en 1642, en butte \u00e0 la gu\u00e9rilla iroquoise. Ville-Marie est au coeur du commerce des pelleteries et ses marchands y trouvent la prosp\u00e9rit\u00e9. Parti de rien et anobli en 1668, son p\u00e8re Charles Le Moyne est l&rsquo;un des pionniers les plus riches et les plus influents de la ville naissante. Associ\u00e9 dans quelques compagnies de traite, il participe, en 1682, \u00e0 la cr\u00e9ation de la Compagnie du Nord ou Compagnie fran\u00e7aise de la Baie d&rsquo;Hudson.<\/p>\n<p>En 1685, les investissements de la Compagnie du Nord \u00e0 la baie d&rsquo;Hudson sont en p\u00e9ril mais la compagnie obtient l&rsquo;appui du gouverneur Jacques-Ren\u00e9 de Brisay, marquis de Denonville. Elle peut d\u00e8s lors financer l&rsquo;exp\u00e9dition de 1686 \u00e0 la baie d&rsquo;Hudson \u00e0 laquelle participent trois des fils de Charles Le Moyne de Longueuil : Pierre Le Moyne d&rsquo;Iberville, Jacques Le Moyne de Sainte-H\u00e9l\u00e8ne et Paul Le Moyne de Maricourt. Cette campagne \u00e9clair donne aux Fran\u00e7ais le contr\u00f4le sur trois postes de traite situ\u00e9s au sud de la baie James : Monsoni (Moose Factory), Rupert (Charles) et Quichichouane (Albany).<\/p>\n<h2>L&rsquo;homme de la baie d&rsquo;Hudson<\/h2>\n<p>Pierre Le Moyne d&rsquo;Iberville a 25 ans lorsque, le 10 ao\u00fbt 1686, le chevalier Pierre de Troyes lui confie le commandement des postes qui viennent de tomber. Iberville maraude. Jouant les flibustiers aux alentours de la rivi\u00e8re Nelson, il s&#8217;empare de deux navires anglais. Ces prises lui permettent d&rsquo;\u00e9chapper \u00e0 la famine et d&rsquo;approvisionner le fort Monsoni. Quand il rentre \u00e0 Qu\u00e9bec par la mer, \u00e0 la fin d&rsquo;octobre 1687, le b\u00e2timent qu&rsquo;il conduit est charg\u00e9 \u00e0 ras bord de fourrures et de marchandises anglaises.<\/p>\n<p>S\u00e9journant en France au cours de l&rsquo;hiver 1687-1688, il r\u00e9ussit \u00e0 convaincre Versailles de soutenir la Compagnie fran\u00e7aise de la baie d&rsquo;Hudson et d&rsquo;assurer ainsi le renforcement de la position fran\u00e7aise au nord. Ses arguments portent. Le roi lui confie Le Soleil d&rsquo;Afrique, le plus moderne et le plus rapide de ses navires. Le 3 ao\u00fbt, apr\u00e8s un d\u00e9tour par Qu\u00e9bec, le navire fend les glaces de la baie d&rsquo;Hudson.<\/p>\n<p>De l\u00e0, Iberville demande qu&rsquo;on lui permette de s&#8217;emparer du fort York, ce qui fermerait aux Anglais l&rsquo;acc\u00e8s \u00e0 la rivi\u00e8re Nelson et aux territoires du Manitoba actuel. Avec moins de 20 hommes, il arraisonne deux navires, capture pr\u00e8s de 80 Anglais et s&rsquo;assure que le pavillon du roi flotte au-dessus des forts de la baie James. Le 12 septembre 1689, conduisant un vaisseau arm\u00e9 de 24 canons qu&rsquo;il a charg\u00e9 de milliers de peaux de castor, il met le cap sur Qu\u00e9bec.<\/p>\n<h2>Justicier et corsaire<\/h2>\n<p>Pour Iberville la pr\u00e9sence des Anglais au fort Nelson laisse pr\u00e9sager la perte de la Nouvelle-France. Il \u00e9bauche un plan simple et peu co\u00fbteux pour sauver d\u00e9finitivement la colonie. Trois \u00e9v\u00e9nements en diff\u00e8rent l&rsquo;ex\u00e9cution. La suspension des hostilit\u00e9s entre la France et l&rsquo;Angleterre, n\u00e9goci\u00e9e en 1687, a pris fin au mois de mai 1689. Les r\u00e9percussions du conflit europ\u00e9en ont frapp\u00e9 la r\u00e9gion de Montr\u00e9al o\u00f9, le 5 ao\u00fbt 1689, des habitants de Lachine ont \u00e9t\u00e9 attaqu\u00e9s et massacr\u00e9s. Enfin, le gouverneur Frontenac organise une riposte \u00e0 laquelle Iberville participe avec enthousiasme. Le 18 f\u00e9vrier 1690, l&rsquo;attaque de Corlaer (Schenectady, New York) se solde par le pillage, l&rsquo;incendie et le massacre d&rsquo;une soixantaine de ses habitants.<\/p>\n<p>Iberville s\u00e9journe \u00e0 la baie d&rsquo;Hudson pendant l&rsquo;hiver 1690-1691, mais il n&rsquo;y r\u00e9alise rien de remarquable. En 1693, pendant qu&rsquo;il escorte les navires qui font la navette entre le golfe Saint-Laurent et les ports fran\u00e7ais, l&rsquo;Angleterre reprend les postes de la baie James. Au mois d&rsquo;ao\u00fbt 1694, ayant obtenu un monopole de trois ans sur le commerce \u00e0 la baie d&rsquo;Hudson, Iberville y retourne. Le 13 octobre, il ma\u00eetrise enfin le fort Nelson. L&rsquo;ann\u00e9e suivante, on lui confie la patrouille de l&rsquo;Atlantique, du Maine \u00e0 Terre-Neuve.<\/p>\n<p>Le 15 ao\u00fbt 1696, il nourrit sa l\u00e9gende en s&#8217;emparant du fort William Henry \u00e0 Pemaquid, sur la c\u00f4te du Maine. Rapide, il se dirige ensuite vers Terre-Neuve. L\u00e0, avec moins de 200 hommes, il prend le fort Saint-Jean avant d&rsquo;assujettir Terre-Neuve \u00e0 coup d&rsquo;exp\u00e9ditions meurtri\u00e8res. Il ne savoure pas longtemps sa victoire puisqu&rsquo;il re\u00e7oit l&rsquo;ordre de filer vers la baie d&rsquo;Hudson o\u00f9 les forts ont \u00e9t\u00e9 repris. Le 5 septembre 1697, Le P\u00e9lican, en t\u00eate d&rsquo;un convoi qui compte quatre navires, subit une attaque en r\u00e8gle. Iberville coule un premier navire, s&#8217;empare d&rsquo;un autre et met le troisi\u00e8me en d\u00e9route.<\/p>\n<p>Quand les renforts arrivent, la bataille est finie ! Il ne reste qu&rsquo;\u00e0 reprendre le fort Nelson, qui tombe le 13 septembre 1697. Vaine victoire puisque le trait\u00e9 de Ryswick, sign\u00e9 7 jours plus tard, consacre la pr\u00e9dominance anglaise \u00e0 la baie d&rsquo;Hudson et celle des Fran\u00e7ais \u00e0 la baie James. La France, qui conserve Port-Royal et Plaisance, doit rendre une partie de l&rsquo;Acadie et Pemaquid. Les conqu\u00eates d&rsquo;Iberville ont \u00e9t\u00e9 inutiles.<\/p>\n<h2>Vers la Louisiane<\/h2>\n<p>Contraint de porter son regard vers d&rsquo;autres horizons, mais toujours hant\u00e9 par le d\u00e9sir de donner l&rsquo;Am\u00e9rique du Nord \u00e0 la France, Iberville plaide en faveur de l&rsquo;\u00e9tablissement d&rsquo;une colonie fran\u00e7aise \u00e0 l&#8217;embouchure du Mississippi : \u00ab Si la France ne se saisit pas de cette partie de l&rsquo;Am\u00e9rique qui est la plus belle, pour avoir une colonie [&#8230;] la colonie anglaise qui devient tr\u00e8s consid\u00e9rable s&rsquo;augmentera de mani\u00e8re que, dans moins de cent ann\u00e9es, elle sera assez forte pour se saisir de toute l&rsquo;Am\u00e9rique et en chasser toutes les autres nations. \u00bb Son plan : \u00e9trangler les colonies de la Nouvelle-Angleterre entre le Canada au nord, le golfe du Mexique et la Louisiane au sud et le fleuve Mississippi \u00e0 l&rsquo;ouest.<\/p>\n<p>Le 2 mars 1699, il r\u00e9ussit l\u00e0 o\u00f9 Robert Cavelier de La Salle a \u00e9chou\u00e9 : il trouve, par voie de mer, l&#8217;embouchure du Mississippi. Trois exp\u00e9ditions successives, en 1699, 1700 et 1701, lui permettent de construire les forts Maurepas (Biloxi), Mississippi et Saint-Louis (Mobile). En 1702, ayant nou\u00e9 des liens de confiance avec les autochtones, le commandant g\u00e9n\u00e9ral de la Louisiane s&rsquo;\u00e9loignait de cette colonie pour ne plus y revenir.<\/p>\n<h2>La mort du g\u00e9n\u00e9ral Dom Pedro Berbila<\/h2>\n<p>Au d\u00e9but de l&rsquo;ann\u00e9e 1706, Iberville s\u00e8me la terreur dans les Antilles anglaises. Il terrorise, pille et neutralise l&rsquo;\u00eele de Nevis, faisant craindre le pire aux \u00e9tablissements de la Nouvelle-Angleterre. Peu apr\u00e8s, il fait escale \u00e0 La Havane o\u00f9 il s&rsquo;est rendu pour, croit-on, vendre du fer fran\u00e7ais. Il y meurt \u00e0 bord du <em>Juste<\/em>, le 9 juillet 1706, terrass\u00e9 par une maladie \u00e9pid\u00e9mique ou par les fi\u00e8vres qui le minaient depuis 1701.<\/p>\n<p>Les restes de celui que les registres d&rsquo;inhumation d\u00e9signent sous le nom de \u00a0\u00bb El General Dom Pedro Berbila \u00a0\u00bb ont \u00e9t\u00e9 d\u00e9pos\u00e9s dans l&rsquo;\u00e9glise de San Cristobal, \u00e0 La Havane. Il avait 45 ans. L&rsquo;enqu\u00eate qui avait d\u00e9but\u00e9 peu de temps avant sa mort permit d&rsquo;\u00e9tablir que le Cid canadien avait \u00e9t\u00e9 \u00e2pre au gain et que sa rage de conqu\u00e9rir avait \u00e9t\u00e9 dict\u00e9e en partie par des int\u00e9r\u00eats financiers personnels.<\/p>\n","protected":false},"excerpt":{"rendered":"<p>Baptis\u00e9 \u00e0 Ville-Marie le 20 juillet 1661, Pierre Le Moyne d&rsquo;Iberville est le troisi\u00e8me des onze gar\u00e7ons et deux filles n\u00e9s du mariage de Catherine Thierry-Primot et du marchand montr\u00e9alais Charles Le Moyne de Longueuil. Iberville \u00e9tait assez instruit pour ma\u00eetriser une plume alerte et incisive, assez \u00e9duqu\u00e9 pour \u00eatre \u00e0 l&rsquo;aise avec le roi [&hellip;]<\/p>\n","protected":false},"author":15,"featured_media":0,"parent":3546,"menu_order":170,"comment_status":"open","ping_status":"closed","template":"","meta":{"footnotes":""},"_links":{"self":[{"href":"https:\/\/www.museedelhistoire.ca\/musee-virtuel-de-la-nouvelle-france\/wp-json\/wp\/v2\/pages\/3635"}],"collection":[{"href":"https:\/\/www.museedelhistoire.ca\/musee-virtuel-de-la-nouvelle-france\/wp-json\/wp\/v2\/pages"}],"about":[{"href":"https:\/\/www.museedelhistoire.ca\/musee-virtuel-de-la-nouvelle-france\/wp-json\/wp\/v2\/types\/page"}],"author":[{"embeddable":true,"href":"https:\/\/www.museedelhistoire.ca\/musee-virtuel-de-la-nouvelle-france\/wp-json\/wp\/v2\/users\/15"}],"replies":[{"embeddable":true,"href":"https:\/\/www.museedelhistoire.ca\/musee-virtuel-de-la-nouvelle-france\/wp-json\/wp\/v2\/comments?post=3635"}],"version-history":[{"count":7,"href":"https:\/\/www.museedelhistoire.ca\/musee-virtuel-de-la-nouvelle-france\/wp-json\/wp\/v2\/pages\/3635\/revisions"}],"predecessor-version":[{"id":4128,"href":"https:\/\/www.museedelhistoire.ca\/musee-virtuel-de-la-nouvelle-france\/wp-json\/wp\/v2\/pages\/3635\/revisions\/4128"}],"up":[{"embeddable":true,"href":"https:\/\/www.museedelhistoire.ca\/musee-virtuel-de-la-nouvelle-france\/wp-json\/wp\/v2\/pages\/3546"}],"wp:attachment":[{"href":"https:\/\/www.museedelhistoire.ca\/musee-virtuel-de-la-nouvelle-france\/wp-json\/wp\/v2\/media?parent=3635"}],"curies":[{"name":"wp","href":"https:\/\/api.w.org\/{rel}","templated":true}]}}