{"id":383,"date":"2011-04-07T19:55:37","date_gmt":"2011-04-07T19:55:37","guid":{"rendered":"https:\/\/www.museedelhistoire.ca\/musee-virtuel-de-la-nouvelle-france\/"},"modified":"2014-01-03T11:45:19","modified_gmt":"2014-01-03T15:45:19","slug":"lieux-de-fondation","status":"publish","type":"page","link":"https:\/\/www.museedelhistoire.ca\/musee-virtuel-de-la-nouvelle-france\/colonies-et-empires\/lieux-de-fondation\/","title":{"rendered":"Lieux de fondation"},"content":{"rendered":"<h3><em>\u00ab Terres neufves \u00bb septentrionales arides ou \u00eeles du Sud enchant\u00e9es?<\/em><\/h3>\n<p>L\u2019aventure de la France en Am\u00e9rique d\u00e9bute au XVI<sup>e<\/sup> si\u00e8cle, lorsque le roi Fran\u00e7ois\u00a0I<sup>er<\/sup> missionne un Italien, Giovanni da Verrazano, d&rsquo;explorer les c\u00f4tes du continent d\u00e9couvert par Christophe Colomb, \u00e0 la fin du si\u00e8cle pr\u00e9c\u00e9dent. Pendant pr\u00e8s de 100\u00a0ans, les Fran\u00e7ais effectuent diverses tentatives pour s\u2019implanter sur le continent am\u00e9ricain, tentatives que relate ici Raymonde Litalien.<\/p>\n<div id=\"attachment_1554\" class=\"wp-caption aligncenter\" style=\"width:500px\"><a class=\"popup-gallery-opener group-2_3\" href=\"https:\/\/www.museedelhistoire.ca\/musee-virtuel-de-la-nouvelle-france\/files\/2011\/05\/Nouvelle-France_2_3_Vue-aerienne-des-fouilles-au-site-Cartier-Roberval.jpg\" data-title=\"<strong>Vue a\u00e9rienne des fouilles au site Cartier-Roberval<\/strong><br \/>Ce n\u2019est qu\u2019apr\u00e8s quelques faux d\u00e9parts que les Fran\u00e7ais s\u2019implantent pour de bon en Am\u00e9rique du Nord.  Sis sur le promontoire de Cap Rouge pr\u00e8s de Qu\u00e9bec, le site de la colonie de Charlesbourg-Royal ou France-Roy repr\u00e9sente cette premi\u00e8re tentative, en 1541-1543. Depuis 2005, le site livre peu \u00e0 peu les vestiges et traces de cette colonie \u00e9ph\u00e9m\u00e8re.  Vue a\u00e9rienne du site arch\u00e9ologique Cartier-Roberval en cours de fouilles, prise \u00e0 l\u2019automne 2007.<div class='credit'> Photo : Pierre Lahoud<\/div>\"><img loading=\"lazy\" decoding=\"async\" class=\"size-large wp-image-1554\" alt=\"Vue a\u00e9rienne des fouilles au site Cartier-Roberval\" src=\"https:\/\/www.museedelhistoire.ca\/musee-virtuel-de-la-nouvelle-france\/files\/2011\/05\/Nouvelle-France_2_3_Vue-aerienne-des-fouilles-au-site-Cartier-Roberval-500x257.jpg\" width=\"500\" height=\"257\" srcset=\"https:\/\/www.museedelhistoire.ca\/musee-virtuel-de-la-nouvelle-france\/files\/2011\/05\/Nouvelle-France_2_3_Vue-aerienne-des-fouilles-au-site-Cartier-Roberval-500x257.jpg 500w, https:\/\/www.museedelhistoire.ca\/musee-virtuel-de-la-nouvelle-france\/files\/2011\/05\/Nouvelle-France_2_3_Vue-aerienne-des-fouilles-au-site-Cartier-Roberval-280x143.jpg 280w, https:\/\/www.museedelhistoire.ca\/musee-virtuel-de-la-nouvelle-france\/files\/2011\/05\/Nouvelle-France_2_3_Vue-aerienne-des-fouilles-au-site-Cartier-Roberval-200x102.jpg 200w, https:\/\/www.museedelhistoire.ca\/musee-virtuel-de-la-nouvelle-france\/files\/2011\/05\/Nouvelle-France_2_3_Vue-aerienne-des-fouilles-au-site-Cartier-Roberval-960x493.jpg 960w, https:\/\/www.museedelhistoire.ca\/musee-virtuel-de-la-nouvelle-france\/files\/2011\/05\/Nouvelle-France_2_3_Vue-aerienne-des-fouilles-au-site-Cartier-Roberval-62x31.jpg 62w, https:\/\/www.museedelhistoire.ca\/musee-virtuel-de-la-nouvelle-france\/files\/2011\/05\/Nouvelle-France_2_3_Vue-aerienne-des-fouilles-au-site-Cartier-Roberval-106x54.jpg 106w, https:\/\/www.museedelhistoire.ca\/musee-virtuel-de-la-nouvelle-france\/files\/2011\/05\/Nouvelle-France_2_3_Vue-aerienne-des-fouilles-au-site-Cartier-Roberval-490x251.jpg 490w, https:\/\/www.museedelhistoire.ca\/musee-virtuel-de-la-nouvelle-france\/files\/2011\/05\/Nouvelle-France_2_3_Vue-aerienne-des-fouilles-au-site-Cartier-Roberval-740x380.jpg 740w, https:\/\/www.museedelhistoire.ca\/musee-virtuel-de-la-nouvelle-france\/files\/2011\/05\/Nouvelle-France_2_3_Vue-aerienne-des-fouilles-au-site-Cartier-Roberval-195x100.jpg 195w, https:\/\/www.museedelhistoire.ca\/musee-virtuel-de-la-nouvelle-france\/files\/2011\/05\/Nouvelle-France_2_3_Vue-aerienne-des-fouilles-au-site-Cartier-Roberval-132x67.jpg 132w, https:\/\/www.museedelhistoire.ca\/musee-virtuel-de-la-nouvelle-france\/files\/2011\/05\/Nouvelle-France_2_3_Vue-aerienne-des-fouilles-au-site-Cartier-Roberval.jpg 1167w\" sizes=\"(max-width: 500px) 100vw, 500px\" \/><\/a><p class=\"wp-caption-text\"><span>Vue a\u00e9rienne des fouilles au site Cartier-Roberval<\/span><\/p><\/div>\n<p>Apr\u00e8s avoir expliqu\u00e9 ce qu\u2019esp\u00e9raient d\u00e9couvrir ces explorateurs, l\u2019auteure dresse un tableau des diff\u00e9rents lieux de fondation fran\u00e7ais en Am\u00e9rique, depuis la premi\u00e8re et \u00e9ph\u00e9m\u00e8re colonie de Charlesbourg-Royal (1541-1543), jusqu\u2019\u00e0 la fondation de Qu\u00e9bec, en 1608. Elle r\u00e9v\u00e8le ainsi les destins \u00e9tonnants de communaut\u00e9s qui, port\u00e9es par des motivations parfois fort divergentes, \u00e9taient n\u00e9anmoins toutes d\u00e9sireuses de fonder un nouveau pays qui ressemblerait \u00e0 leur terre d\u2019origine tout en \u00e9tant profond\u00e9ment diff\u00e9rent\u00a0: une \u00ab\u00a0nouvelle\u00a0\u00bb France\u00a0!<\/p>\n<p>Le r\u00e9cit transporte le lecteur depuis l&rsquo;Acadie jusqu&rsquo;aux plages de la baie de Rio de Janeiro, au Br\u00e9sil, o\u00f9 les Fran\u00e7ais tent\u00e8rent bri\u00e8vement de concurrencer les colons portugais, ainsi qu&rsquo;en Floride, \u00e0 Fort Caroline, une colonie au destin particuli\u00e8rement funeste.<\/p>\n<p>Cette \u00e9poque passionnante des premi\u00e8res tentatives d\u2019implantation est \u00e9galement celle de la d\u00e9couverte des Am\u00e9rindiens, des premi\u00e8res rencontres entre des Europ\u00e9ens et les peuples d&rsquo;Am\u00e9rique, leurs premiers \u00e9changes, leurs premiers malentendus.<\/p>\n","protected":false},"excerpt":{"rendered":"<p>\u00ab Terres neufves \u00bb septentrionales arides ou \u00eeles du Sud enchant\u00e9es? L\u2019aventure de la France en Am\u00e9rique d\u00e9bute au XVIe si\u00e8cle, lorsque le roi Fran\u00e7ois\u00a0Ier missionne un Italien, Giovanni da Verrazano, d&rsquo;explorer les c\u00f4tes du continent d\u00e9couvert par Christophe Colomb, \u00e0 la fin du si\u00e8cle pr\u00e9c\u00e9dent. Pendant pr\u00e8s de 100\u00a0ans, les Fran\u00e7ais effectuent diverses tentatives [&hellip;]<\/p>\n","protected":false},"author":15,"featured_media":0,"parent":298,"menu_order":2,"comment_status":"open","ping_status":"open","template":"","meta":{"footnotes":""},"_links":{"self":[{"href":"https:\/\/www.museedelhistoire.ca\/musee-virtuel-de-la-nouvelle-france\/wp-json\/wp\/v2\/pages\/383"}],"collection":[{"href":"https:\/\/www.museedelhistoire.ca\/musee-virtuel-de-la-nouvelle-france\/wp-json\/wp\/v2\/pages"}],"about":[{"href":"https:\/\/www.museedelhistoire.ca\/musee-virtuel-de-la-nouvelle-france\/wp-json\/wp\/v2\/types\/page"}],"author":[{"embeddable":true,"href":"https:\/\/www.museedelhistoire.ca\/musee-virtuel-de-la-nouvelle-france\/wp-json\/wp\/v2\/users\/15"}],"replies":[{"embeddable":true,"href":"https:\/\/www.museedelhistoire.ca\/musee-virtuel-de-la-nouvelle-france\/wp-json\/wp\/v2\/comments?post=383"}],"version-history":[{"count":20,"href":"https:\/\/www.museedelhistoire.ca\/musee-virtuel-de-la-nouvelle-france\/wp-json\/wp\/v2\/pages\/383\/revisions"}],"predecessor-version":[{"id":908,"href":"https:\/\/www.museedelhistoire.ca\/musee-virtuel-de-la-nouvelle-france\/wp-json\/wp\/v2\/pages\/383\/revisions\/908"}],"up":[{"embeddable":true,"href":"https:\/\/www.museedelhistoire.ca\/musee-virtuel-de-la-nouvelle-france\/wp-json\/wp\/v2\/pages\/298"}],"wp:attachment":[{"href":"https:\/\/www.museedelhistoire.ca\/musee-virtuel-de-la-nouvelle-france\/wp-json\/wp\/v2\/media?parent=383"}],"curies":[{"name":"wp","href":"https:\/\/api.w.org\/{rel}","templated":true}]}}