{"id":388,"date":"2011-04-07T20:06:22","date_gmt":"2011-04-07T20:06:22","guid":{"rendered":"https:\/\/www.museedelhistoire.ca\/musee-virtuel-de-la-nouvelle-france\/"},"modified":"2011-10-24T16:57:35","modified_gmt":"2011-10-24T20:57:35","slug":"dautres-nouvelles-frances","status":"publish","type":"page","link":"https:\/\/www.museedelhistoire.ca\/musee-virtuel-de-la-nouvelle-france\/colonies-et-empires\/dautres-nouvelles-frances\/","title":{"rendered":"D\u2019autres Nouvelles-Frances"},"content":{"rendered":"<div id=\"attachment_2135\" class=\"wp-caption alignright\" style=\"width:225px\"><a class=\"popup-gallery-opener group-2_5\" href=\"https:\/\/www.museedelhistoire.ca\/musee-virtuel-de-la-nouvelle-france\/files\/2011\/04\/Nouvelle-France_2_5_Am\u00e9rique-septentrionale-Bernou-1681.jpg\" data-title=\"<strong>Carte de l\u2019Am\u00e9rique septentrionale, attribu\u00e9e \u00e0 Claude Bernou, 1681<\/strong><br \/><div class='credit'> Cartes et plans, GE SH 18E PF 122 DIV 2 P 0 RES, Biblioth\u00e8que nationale de France<\/div>\"><img loading=\"lazy\" decoding=\"async\" class=\"size-medium wp-image-2135\" title=\"Carte de l\u2019Am\u00e9rique septentrionale, attribu\u00e9e \u00e0 Claude Bernou, 1681 | Cartes et plans, GE SH 18E PF 122 DIV 2 P 0 RES, Biblioth\u00e8que nationale de France\" src=\"https:\/\/www.museedelhistoire.ca\/musee-virtuel-de-la-nouvelle-france\/files\/2011\/04\/Nouvelle-France_2_5_Am\u00e9rique-septentrionale-Bernou-1681-225x210.jpg\" alt=\"Carte de l\u2019Am\u00e9rique septentrionale, attribu\u00e9e \u00e0 Claude Bernou, 1681\" width=\"225\" height=\"210\" srcset=\"https:\/\/www.museedelhistoire.ca\/musee-virtuel-de-la-nouvelle-france\/files\/2011\/04\/Nouvelle-France_2_5_Am\u00e9rique-septentrionale-Bernou-1681-225x210.jpg 225w, https:\/\/www.museedelhistoire.ca\/musee-virtuel-de-la-nouvelle-france\/files\/2011\/04\/Nouvelle-France_2_5_Am\u00e9rique-septentrionale-Bernou-1681-160x150.jpg 160w, https:\/\/www.museedelhistoire.ca\/musee-virtuel-de-la-nouvelle-france\/files\/2011\/04\/Nouvelle-France_2_5_Am\u00e9rique-septentrionale-Bernou-1681-500x468.jpg 500w, https:\/\/www.museedelhistoire.ca\/musee-virtuel-de-la-nouvelle-france\/files\/2011\/04\/Nouvelle-France_2_5_Am\u00e9rique-septentrionale-Bernou-1681-62x58.jpg 62w, https:\/\/www.museedelhistoire.ca\/musee-virtuel-de-la-nouvelle-france\/files\/2011\/04\/Nouvelle-France_2_5_Am\u00e9rique-septentrionale-Bernou-1681-106x99.jpg 106w, https:\/\/www.museedelhistoire.ca\/musee-virtuel-de-la-nouvelle-france\/files\/2011\/04\/Nouvelle-France_2_5_Am\u00e9rique-septentrionale-Bernou-1681-490x458.jpg 490w, https:\/\/www.museedelhistoire.ca\/musee-virtuel-de-la-nouvelle-france\/files\/2011\/04\/Nouvelle-France_2_5_Am\u00e9rique-septentrionale-Bernou-1681-195x182.jpg 195w, https:\/\/www.museedelhistoire.ca\/musee-virtuel-de-la-nouvelle-france\/files\/2011\/04\/Nouvelle-France_2_5_Am\u00e9rique-septentrionale-Bernou-1681-132x123.jpg 132w, https:\/\/www.museedelhistoire.ca\/musee-virtuel-de-la-nouvelle-france\/files\/2011\/04\/Nouvelle-France_2_5_Am\u00e9rique-septentrionale-Bernou-1681.jpg 641w\" sizes=\"(max-width: 225px) 100vw, 225px\" \/><\/a><p class=\"wp-caption-text\"><span>Carte de l\u2019Am\u00e9rique septentrionale, attribu\u00e9e \u00e0 Claude Bernou, 1681<\/span><\/p><\/div>\n<p>La Nouvelle-France est une colonie parmi tant d\u2019autres. En effet, aux XVII<sup>e<\/sup> et XVIII<sup>e<\/sup> si\u00e8cles, \u00e0 l\u2019instar de leurs comp\u00e9titeurs europ\u00e9ens, les Fran\u00e7ais \u00e9tablissent des colonies et fondent des comptoirs commerciaux de par le monde. Pour bien saisir les contours et les particularit\u00e9s du colonialisme fran\u00e7ais en sol am\u00e9ricain, il faut le replacer dans un contexte plus large.<\/p>\n<p>Aux Antilles, jusqu\u2019alors revendiqu\u00e9es par les Espagnols, la pr\u00e9sence de flibustiers et de boucaniers fran\u00e7ais conduit \u00e0 la formation d\u2019un r\u00e9seau de colonies insulaires comprenant notamment Saint-Christophe, la Guadeloupe, la Martinique et Saint-Domingue (aujourd\u2019hui Ha\u00efti), ainsi que la Guyane, sur la terre ferme. Gr\u00e2ce \u00e0 la culture du sucre, qui repose non seulement sur un climat propice mais surtout sur le travail d\u2019esclaves d\u2019origine africaine, ces colonies deviendront plus prosp\u00e8res que la Nouvelle-France.<\/p>\n<p>Dans le but de s\u2019approvisionner en or et en ivoire, mais aussi en personnes r\u00e9duites \u00e0 l\u2019esclavage, les Fran\u00e7ais \u00e9tablissent des comptoirs commerciaux sur la c\u00f4te ouest de l\u2019Afrique. Ayant longtemps d\u00e9laiss\u00e9 l\u2019Asie, ils s\u2019aventurent ensuite jusque dans l\u2019oc\u00e9an Indien. Apr\u00e8s avoir colonis\u00e9 quelques \u00eeles, ils fondent une s\u00e9rie de comptoirs dans le but de rivaliser avec les Hollandais et les Anglais. Les affaires de la Compagnie fran\u00e7aise des Indes orientales en viendront \u00e0 \u00e9clipser celles des exploitants de la fourrure et des p\u00eacheries nord-am\u00e9ricaines.<\/p>\n","protected":false},"excerpt":{"rendered":"<p>La Nouvelle-France est une colonie parmi tant d\u2019autres. En effet, aux XVIIe et XVIIIe si\u00e8cles, \u00e0 l\u2019instar de leurs comp\u00e9titeurs europ\u00e9ens, les Fran\u00e7ais \u00e9tablissent des colonies et fondent des comptoirs commerciaux de par le monde. Pour bien saisir les contours et les particularit\u00e9s du colonialisme fran\u00e7ais en sol am\u00e9ricain, il faut le replacer dans un [&hellip;]<\/p>\n","protected":false},"author":15,"featured_media":0,"parent":298,"menu_order":4,"comment_status":"open","ping_status":"open","template":"","meta":{"footnotes":""},"_links":{"self":[{"href":"https:\/\/www.museedelhistoire.ca\/musee-virtuel-de-la-nouvelle-france\/wp-json\/wp\/v2\/pages\/388"}],"collection":[{"href":"https:\/\/www.museedelhistoire.ca\/musee-virtuel-de-la-nouvelle-france\/wp-json\/wp\/v2\/pages"}],"about":[{"href":"https:\/\/www.museedelhistoire.ca\/musee-virtuel-de-la-nouvelle-france\/wp-json\/wp\/v2\/types\/page"}],"author":[{"embeddable":true,"href":"https:\/\/www.museedelhistoire.ca\/musee-virtuel-de-la-nouvelle-france\/wp-json\/wp\/v2\/users\/15"}],"replies":[{"embeddable":true,"href":"https:\/\/www.museedelhistoire.ca\/musee-virtuel-de-la-nouvelle-france\/wp-json\/wp\/v2\/comments?post=388"}],"version-history":[{"count":15,"href":"https:\/\/www.museedelhistoire.ca\/musee-virtuel-de-la-nouvelle-france\/wp-json\/wp\/v2\/pages\/388\/revisions"}],"predecessor-version":[{"id":956,"href":"https:\/\/www.museedelhistoire.ca\/musee-virtuel-de-la-nouvelle-france\/wp-json\/wp\/v2\/pages\/388\/revisions\/956"}],"up":[{"embeddable":true,"href":"https:\/\/www.museedelhistoire.ca\/musee-virtuel-de-la-nouvelle-france\/wp-json\/wp\/v2\/pages\/298"}],"wp:attachment":[{"href":"https:\/\/www.museedelhistoire.ca\/musee-virtuel-de-la-nouvelle-france\/wp-json\/wp\/v2\/media?parent=388"}],"curies":[{"name":"wp","href":"https:\/\/api.w.org\/{rel}","templated":true}]}}