{"id":391,"date":"2011-04-07T20:12:54","date_gmt":"2011-04-07T20:12:54","guid":{"rendered":"https:\/\/www.museedelhistoire.ca\/musee-virtuel-de-la-nouvelle-france\/"},"modified":"2012-06-01T10:29:15","modified_gmt":"2012-06-01T14:29:15","slug":"dautres-puissances-coloniales","status":"publish","type":"page","link":"https:\/\/www.museedelhistoire.ca\/musee-virtuel-de-la-nouvelle-france\/colonies-et-empires\/dautres-puissances-coloniales\/","title":{"rendered":"D&rsquo;autres puissances coloniales"},"content":{"rendered":"<p>D\u00e8s la d\u00e9couverte de l\u2019Am\u00e9rique par Christophe Colomb, en 1492, de nombreuses puissances europ\u00e9ennes cherchent \u00e0 s\u2019emparer des terres de ce continent et de leurs richesses. Si les Espagnols et les Portugais parviennent assez rapidement \u00e0 s\u2019assurer l\u2019exclusivit\u00e9 de la propri\u00e9t\u00e9 des territoires en Am\u00e9rique du Sud, Fran\u00e7ais, Anglais, Hollandais et Su\u00e9dois, en revanche, sont contraints de se partager la partie septentrionale du continent.<\/p>\n<div id=\"attachment_2043\" class=\"wp-caption aligncenter\" style=\"width:500px\"><a class=\"popup-gallery-opener group-2_6\" href=\"https:\/\/www.museedelhistoire.ca\/musee-virtuel-de-la-nouvelle-france\/files\/2011\/04\/New_France_2_6_Nieuw-Amsterdam-1664.jpg\" data-title=\"<strong>Vue de la Nouvelle-Amsterdam en 1664<\/strong><br \/><div class='credit'> Johannes Vingboons.  National Archief, The Netherlands, 4.VELH 619.14<\/div>\"><img loading=\"lazy\" decoding=\"async\" class=\"size-large wp-image-2043\" src=\"https:\/\/www.museedelhistoire.ca\/musee-virtuel-de-la-nouvelle-france\/files\/2011\/04\/New_France_2_6_Nieuw-Amsterdam-1664-500x343.jpg\" alt=\"Vue de la Nouvelle-Amsterdam en 1664\" width=\"500\" height=\"343\" srcset=\"https:\/\/www.museedelhistoire.ca\/musee-virtuel-de-la-nouvelle-france\/files\/2011\/04\/New_France_2_6_Nieuw-Amsterdam-1664-500x343.jpg 500w, https:\/\/www.museedelhistoire.ca\/musee-virtuel-de-la-nouvelle-france\/files\/2011\/04\/New_France_2_6_Nieuw-Amsterdam-1664-218x150.jpg 218w, https:\/\/www.museedelhistoire.ca\/musee-virtuel-de-la-nouvelle-france\/files\/2011\/04\/New_France_2_6_Nieuw-Amsterdam-1664-225x154.jpg 225w, https:\/\/www.museedelhistoire.ca\/musee-virtuel-de-la-nouvelle-france\/files\/2011\/04\/New_France_2_6_Nieuw-Amsterdam-1664-62x42.jpg 62w, https:\/\/www.museedelhistoire.ca\/musee-virtuel-de-la-nouvelle-france\/files\/2011\/04\/New_France_2_6_Nieuw-Amsterdam-1664-106x72.jpg 106w, https:\/\/www.museedelhistoire.ca\/musee-virtuel-de-la-nouvelle-france\/files\/2011\/04\/New_France_2_6_Nieuw-Amsterdam-1664-490x336.jpg 490w, https:\/\/www.museedelhistoire.ca\/musee-virtuel-de-la-nouvelle-france\/files\/2011\/04\/New_France_2_6_Nieuw-Amsterdam-1664-195x133.jpg 195w, https:\/\/www.museedelhistoire.ca\/musee-virtuel-de-la-nouvelle-france\/files\/2011\/04\/New_France_2_6_Nieuw-Amsterdam-1664-132x90.jpg 132w, https:\/\/www.museedelhistoire.ca\/musee-virtuel-de-la-nouvelle-france\/files\/2011\/04\/New_France_2_6_Nieuw-Amsterdam-1664.jpg 700w\" sizes=\"(max-width: 500px) 100vw, 500px\" \/><\/a><p class=\"wp-caption-text\"><span>Vue de la Nouvelle-Amsterdam en 1664<\/span><\/p><\/div>\n<p>Cet article propose un panorama des colonies europ\u00e9ennes implant\u00e9es en Am\u00e9rique du Nord avec lesquelles les Fran\u00e7ais ont d\u00fb composer, voire rivaliser. Il nous m\u00e8ne depuis les rives de la Floride, o\u00f9 les Espagnols tentent de s\u2019implanter d\u00e8s le d\u00e9but du XVI<sup>e<\/sup> si\u00e8cle, jusqu\u2019en Caroline et en G\u00e9orgie, deux colonies fond\u00e9es par les Britanniques, 200\u00a0ans plus tard. Il nous fait traverser la colonie de la Nouvelle-Amsterdam (aujourd\u2019hui New York), fond\u00e9e par les Hollandais en 1614; celle de Plymouth, o\u00f9 d\u00e9barquent les p\u00e8lerins du <em>Mayflower,<\/em> six ans plus tard, puis celle de la Nouvelle-Su\u00e8de, cr\u00e9\u00e9e en 1638.<\/p>\n<p>L\u2019auteur nous dresse ainsi le portrait de communaut\u00e9s, qui se sont cr\u00e9\u00e9es avec des objectifs et des moyens parfois identiques, souvent diff\u00e9rents. La lecture de son \u00e9tude permettra ainsi de d\u00e9couvrir une multitude d\u2019aventures humaines, individuelles ou collectives, faites de r\u00e9ussites, mais \u00e9galement d\u2019\u00e9checs. Elle fera \u00e9galement ressortir les sp\u00e9cificit\u00e9s de chacune de ces implantations qui contrastent sur plusieurs points avec celles de la Nouvelle-France.<\/p>\n","protected":false},"excerpt":{"rendered":"<p>D\u00e8s la d\u00e9couverte de l\u2019Am\u00e9rique par Christophe Colomb, en 1492, de nombreuses puissances europ\u00e9ennes cherchent \u00e0 s\u2019emparer des terres de ce continent et de leurs richesses. Si les Espagnols et les Portugais parviennent assez rapidement \u00e0 s\u2019assurer l\u2019exclusivit\u00e9 de la propri\u00e9t\u00e9 des territoires en Am\u00e9rique du Sud, Fran\u00e7ais, Anglais, Hollandais et Su\u00e9dois, en revanche, sont [&hellip;]<\/p>\n","protected":false},"author":15,"featured_media":0,"parent":298,"menu_order":5,"comment_status":"open","ping_status":"open","template":"","meta":{"footnotes":""},"_links":{"self":[{"href":"https:\/\/www.museedelhistoire.ca\/musee-virtuel-de-la-nouvelle-france\/wp-json\/wp\/v2\/pages\/391"}],"collection":[{"href":"https:\/\/www.museedelhistoire.ca\/musee-virtuel-de-la-nouvelle-france\/wp-json\/wp\/v2\/pages"}],"about":[{"href":"https:\/\/www.museedelhistoire.ca\/musee-virtuel-de-la-nouvelle-france\/wp-json\/wp\/v2\/types\/page"}],"author":[{"embeddable":true,"href":"https:\/\/www.museedelhistoire.ca\/musee-virtuel-de-la-nouvelle-france\/wp-json\/wp\/v2\/users\/15"}],"replies":[{"embeddable":true,"href":"https:\/\/www.museedelhistoire.ca\/musee-virtuel-de-la-nouvelle-france\/wp-json\/wp\/v2\/comments?post=391"}],"version-history":[{"count":58,"href":"https:\/\/www.museedelhistoire.ca\/musee-virtuel-de-la-nouvelle-france\/wp-json\/wp\/v2\/pages\/391\/revisions"}],"predecessor-version":[{"id":4792,"href":"https:\/\/www.museedelhistoire.ca\/musee-virtuel-de-la-nouvelle-france\/wp-json\/wp\/v2\/pages\/391\/revisions\/4792"}],"up":[{"embeddable":true,"href":"https:\/\/www.museedelhistoire.ca\/musee-virtuel-de-la-nouvelle-france\/wp-json\/wp\/v2\/pages\/298"}],"wp:attachment":[{"href":"https:\/\/www.museedelhistoire.ca\/musee-virtuel-de-la-nouvelle-france\/wp-json\/wp\/v2\/media?parent=391"}],"curies":[{"name":"wp","href":"https:\/\/api.w.org\/{rel}","templated":true}]}}